{"id":1014,"date":"2018-08-30T13:18:49","date_gmt":"2018-08-30T16:18:49","guid":{"rendered":"https:\/\/isgoya-crr.infd.edu.ar\/sitio\/requisitos-de-inscripcion-para-alumnos\/"},"modified":"2019-02-22T21:56:06","modified_gmt":"2019-02-23T00:56:06","slug":"requisitos-de-inscripcion-para-alumnos","status":"publish","type":"page","link":"https:\/\/isgoya-crr.infd.edu.ar\/sitio\/requisitos-de-inscripcion-para-alumnos\/","title":{"rendered":"Requisitos de Inscripci\u00f3n para Alumnos"},"content":{"rendered":"<ol>\n<li>\n<h3><span style=\"font-size: 12pt; color: #000000; font-family: arial,helvetica,sans-serif;\">Fotocopia AUTENTICADA del T\u00edtulo Secundario o Constancia de T\u00edtulo en Tr\u00e1mite<\/span><\/h3>\n<\/li>\n<li>\n<h3><span style=\"font-size: 12pt; color: #000000; font-family: arial,helvetica,sans-serif;\">Fotocopia AUTENTICADA del D.N.I. (actualizado)<\/span><\/h3>\n<\/li>\n<li>\n<h3><span style=\"font-size: 12pt; color: #000000; font-family: arial,helvetica,sans-serif;\">Examen de Aptitud Psicof\u00edsica <a href=\"https:\/\/isgoya-crr.infd.edu.ar\/sitio\/wp-content\/uploads\/2019\/02\/Ficha-Psicof\u00edsica.pdf\">(Ficha Aptitud Psicof\u00edsica)<\/a><\/span><\/h3>\n<\/li>\n<li>\n<h3><span style=\"font-size: 12pt; color: #000000; font-family: arial,helvetica,sans-serif;\">Certificado de Buena Conducta (Polic\u00eda de Corrientes)<\/span><\/h3>\n<\/li>\n<li>\n<h3><span style=\"font-size: 12pt; color: #000000; font-family: arial,helvetica,sans-serif;\">Carpeta Colgante<\/span><\/h3>\n<\/li>\n<li>\n<h3><span style=\"font-size: 12pt; color: #000000; font-family: arial,helvetica,sans-serif;\">Fotocopia AUTENTICADA de\u00a0Partida de Nacimiento<\/span><\/h3>\n<\/li>\n<li>\n<h3><span style=\"font-size: 12pt; color: #000000; font-family: arial,helvetica,sans-serif;\">Dos Fotos 4X4<\/span><\/h3>\n<\/li>\n<\/ol>\n<h5 style=\"text-align: center;\"><span style=\"font-size: 12pt; color: #000000; font-family: arial,helvetica,sans-serif;\">Toda\u00a0documentaci\u00f3n fotocopiada debe ser AUTENTICADA ante Escribano P\u00fablico y\/o Polic\u00eda de la Provincia.<\/span><\/h5>\n","protected":false},"excerpt":{"rendered":"<p>Fotocopia AUTENTICADA del T\u00edtulo Secundario o Constancia de T\u00edtulo en Tr\u00e1mite Fotocopia AUTENTICADA del D.N.I. (actualizado) Examen de Aptitud Psicof\u00edsica (Ficha Aptitud Psicof\u00edsica) Certificado de Buena Conducta (Polic\u00eda de Corrientes) Carpeta Colgante Fotocopia AUTENTICADA de\u00a0Partida de Nacimiento Dos Fotos 4X4 Toda\u00a0documentaci\u00f3n fotocopiada debe ser AUTENTICADA ante Escribano P\u00fablico y\/o Polic\u00eda de la Provincia.<\/p>\n","protected":false},"author":2329,"featured_media":0,"parent":0,"menu_order":0,"comment_status":"closed","ping_status":"closed","template":"","meta":[],"acf":[],"_links":{"self":[{"href":"https:\/\/isgoya-crr.infd.edu.ar\/sitio\/wp-json\/wp\/v2\/pages\/1014"}],"collection":[{"href":"https:\/\/isgoya-crr.infd.edu.ar\/sitio\/wp-json\/wp\/v2\/pages"}],"about":[{"href":"https:\/\/isgoya-crr.infd.edu.ar\/sitio\/wp-json\/wp\/v2\/types\/page"}],"author":[{"embeddable":true,"href":"https:\/\/isgoya-crr.infd.edu.ar\/sitio\/wp-json\/wp\/v2\/users\/2329"}],"replies":[{"embeddable":true,"href":"https:\/\/isgoya-crr.infd.edu.ar\/sitio\/wp-json\/wp\/v2\/comments?post=1014"}],"version-history":[{"count":11,"href":"https:\/\/isgoya-crr.infd.edu.ar\/sitio\/wp-json\/wp\/v2\/pages\/1014\/revisions"}],"predecessor-version":[{"id":1306,"href":"https:\/\/isgoya-crr.infd.edu.ar\/sitio\/wp-json\/wp\/v2\/pages\/1014\/revisions\/1306"}],"wp:attachment":[{"href":"https:\/\/isgoya-crr.infd.edu.ar\/sitio\/wp-json\/wp\/v2\/media?parent=1014"}],"curies":[{"name":"wp","href":"https:\/\/api.w.org\/{rel}","templated":true}]}}