{"id":1087,"date":"2018-08-30T13:19:16","date_gmt":"2018-08-30T16:19:16","guid":{"rendered":"https:\/\/isgoya-crr.infd.edu.ar\/sitio\/requisitos-de-inscripcion-para-docente-y-profesionales\/"},"modified":"2019-02-26T11:20:15","modified_gmt":"2019-02-26T14:20:15","slug":"requisitos-de-inscripcion-para-docente-y-profesionales","status":"publish","type":"page","link":"https:\/\/isgoya-crr.infd.edu.ar\/sitio\/requisitos-de-inscripcion-para-docente-y-profesionales\/","title":{"rendered":"Requisitos de Inscripci\u00f3n para Docentes y Profesionales"},"content":{"rendered":"<h3 style=\"text-align: center;\"><a href=\"https:\/\/isgoya-crr.infd.edu.ar\/sitio\/wp-content\/uploads\/2019\/02\/Requisitos-de-Inscripci\u00f3n-PROFESORADOS.docx\">Requisitos de Inscripci\u00f3n para Profesores en Carreras Docentes<\/a><\/h3>\n<h3 style=\"text-align: center;\"><\/h3>\n<h3 style=\"text-align: center;\"><a href=\"https:\/\/isgoya-crr.infd.edu.ar\/sitio\/wp-content\/uploads\/2019\/02\/Requisitos-de-Inscripci\u00f3n-TECNICATURAS.docx\">Requisitos de Inscripci\u00f3n para Profesionales en Carreras T\u00e9cnicas<\/a><\/h3>\n<h5><\/h5>\n<h5 style=\"text-align: center;\">NUEVA VALORACI\u00d3N DE T\u00cdTULOS Y ANTECEDENTES DEL NIVEL SUPERIOR PARA INTERINATOS<br \/>\nY SUPLENCIAS:\u00a0\u00a0<a href=\"https:\/\/isgoya-crr.infd.edu.ar\/sitio\/wp-content\/uploads\/2019\/02\/Res-5293-2016-Valoracion.pdf\">Resoluci\u00f3n N\u00b0 5293-2016 &#8211; Valoraci\u00f3n<\/a><\/h5>\n<h2 style=\"text-align: center;\"><\/h2>\n<p>&nbsp;<\/p>\n","protected":false},"excerpt":{"rendered":"<p>Requisitos de Inscripci\u00f3n para Profesores en Carreras Docentes Requisitos de Inscripci\u00f3n para Profesionales en Carreras T\u00e9cnicas NUEVA VALORACI\u00d3N DE T\u00cdTULOS Y ANTECEDENTES DEL NIVEL SUPERIOR PARA INTERINATOS Y SUPLENCIAS:\u00a0\u00a0Resoluci\u00f3n N\u00b0 5293-2016 &#8211; Valoraci\u00f3n &nbsp;<\/p>\n","protected":false},"author":2329,"featured_media":0,"parent":0,"menu_order":0,"comment_status":"closed","ping_status":"closed","template":"","meta":[],"acf":[],"_links":{"self":[{"href":"https:\/\/isgoya-crr.infd.edu.ar\/sitio\/wp-json\/wp\/v2\/pages\/1087"}],"collection":[{"href":"https:\/\/isgoya-crr.infd.edu.ar\/sitio\/wp-json\/wp\/v2\/pages"}],"about":[{"href":"https:\/\/isgoya-crr.infd.edu.ar\/sitio\/wp-json\/wp\/v2\/types\/page"}],"author":[{"embeddable":true,"href":"https:\/\/isgoya-crr.infd.edu.ar\/sitio\/wp-json\/wp\/v2\/users\/2329"}],"replies":[{"embeddable":true,"href":"https:\/\/isgoya-crr.infd.edu.ar\/sitio\/wp-json\/wp\/v2\/comments?post=1087"}],"version-history":[{"count":15,"href":"https:\/\/isgoya-crr.infd.edu.ar\/sitio\/wp-json\/wp\/v2\/pages\/1087\/revisions"}],"predecessor-version":[{"id":1316,"href":"https:\/\/isgoya-crr.infd.edu.ar\/sitio\/wp-json\/wp\/v2\/pages\/1087\/revisions\/1316"}],"wp:attachment":[{"href":"https:\/\/isgoya-crr.infd.edu.ar\/sitio\/wp-json\/wp\/v2\/media?parent=1087"}],"curies":[{"name":"wp","href":"https:\/\/api.w.org\/{rel}","templated":true}]}}