{"id":1093,"date":"2018-08-30T13:19:18","date_gmt":"2018-08-30T16:19:18","guid":{"rendered":"https:\/\/isgoya-crr.infd.edu.ar\/sitio\/plan-de-estudios-12\/"},"modified":"2018-11-21T20:01:53","modified_gmt":"2018-11-21T23:01:53","slug":"plan-de-estudios-12","status":"publish","type":"page","link":"https:\/\/isgoya-crr.infd.edu.ar\/sitio\/plan-de-estudios-12\/","title":{"rendered":"Plan de estudios Ingles"},"content":{"rendered":"<p>ESTABLECIMIENTO:\u00a0<span style=\"color: #3366ff;\"><strong>INSTITUTO SUPERIOR \u00abGOYA\u00bb<\/strong><\/span><\/p>\n<p>DENOMINACI\u00d3N DE LA CARRERA:\u00a0<span style=\"color: #3366ff;\"><strong>\u00abPROFESORADO DE LENGUA EXTRANJERA &#8211; INGLES\u00bb<\/strong><\/span><\/p>\n<p>DECRETO\/RESOLUCI\u00d3N:\u00a0<span style=\"color: #3366ff;\"><strong>RESOLUCI\u00d3N N\u00b0 45\/13 &#8211; 1226\/13<\/strong><\/span><\/p>\n<p>T\u00cdTULO QUE OTORGA:\u00a0<em>P<span style=\"color: #3366ff;\">ROFESOR\/A DE LENGUA EXTRANJERA &#8211; INGLES<\/span><\/em><\/p>\n<p>T\u00cdTULO INTERMEDIO: &#8212;&#8212;&#8212;&#8212;&#8212;&#8212;&#8212;&#8212;&#8212;&#8212;&#8212;&#8212;&#8212;&#8212;<\/p>\n<p>DURACI\u00d3N DE LA CARRERA:\u00a0<span style=\"color: #3366ff;\"><strong><em>CUATRO A\u00d1OS<\/em><\/strong><\/span><\/p>\n<p>&nbsp;<\/p>\n<table border=\"0\">\n<tbody>\n<tr>\n<td style=\"background-color: #4e93e3;\">\u00a0 \u00a0 \u00a0 \u00a0 \u00a0 \u00a0 \u00a0 \u00a0 \u00a0 \u00a0 \u00a0 \u00a0 \u00a0 \u00a0 ASIGNATURAS<\/td>\n<td style=\"background-color: #4e93e3;\">\u00a0 \u00a0 \u00a0 \u00a0DURACI\u00d3N<\/td>\n<td style=\"background-color: #4e93e3;\">\u00a0 \u00a0FORMATO<\/td>\n<td style=\"background-color: #4e93e3;\">\u00a0 \u00a0 \u00a0 \u00a0 HORAS<\/td>\n<\/tr>\n<tr>\n<td style=\"background-color: #4e93e3;\"><\/td>\n<td style=\"background-color: #4e93e3;\">Cuatrimestral\/anual<\/td>\n<td style=\"background-color: #4e93e3;\"><\/td>\n<td style=\"background-color: #4e93e3;\"><\/td>\n<\/tr>\n<\/tbody>\n<\/table>\n<p><strong>PRIMER A\u00d1O<\/strong><\/p>\n<table border=\"0\">\n<tbody>\n<tr>\n<td style=\"border: 1px solid #4e93e3;\">Tecnolog\u00eda de la Informaci\u00f3n y la comunicaci\u00f3n<\/td>\n<td style=\"border: 1px solid #4e93e3;\">\n<div>CUATRIMESTRAL<\/div>\n<\/td>\n<td style=\"border: 1px solid #4e93e3;\">\u00a0 \u00a0 \u00a0Taller<\/td>\n<td style=\"border: 1px solid #4e93e3;\">3<\/td>\n<\/tr>\n<tr>\n<td style=\"border: 1px solid #4e93e3;\">Pedagog\u00eda<\/td>\n<td style=\"border: 1px solid #4e93e3;\">ANUAL<\/td>\n<td style=\"border: 1px solid #4e93e3;\">\n<div>Materia<\/div>\n<\/td>\n<td style=\"border: 1px solid #4e93e3;\">4<\/td>\n<\/tr>\n<tr>\n<td style=\"border: 1px solid #4e93e3;\">\n<div>Did\u00e1ctica General<\/div>\n<\/td>\n<td style=\"border: 1px solid #4e93e3;\">ANUAL<\/td>\n<td style=\"border: 1px solid #4e93e3;\">\n<div>Materia<\/div>\n<\/td>\n<td style=\"border: 1px solid #4e93e3;\">5<\/td>\n<\/tr>\n<tr>\n<td style=\"border: 1px solid #4e93e3;\">\n<div>Lectura y Escritura Acad\u00e9mica<\/div>\n<\/td>\n<td style=\"border: 1px solid #4e93e3;\">ANUAL<\/td>\n<td style=\"border: 1px solid #4e93e3;\">\n<div>Taller<\/div>\n<\/td>\n<td style=\"border: 1px solid #4e93e3;\">4<\/td>\n<\/tr>\n<tr>\n<td style=\"border: 1px solid #4e93e3;\">Fon\u00e9tica y Fonolog\u00eda I<\/td>\n<td style=\"border: 1px solid #4e93e3;\">ANUAL<\/td>\n<td style=\"border: 1px solid #4e93e3;\">\n<div>Materia<\/div>\n<\/td>\n<td style=\"border: 1px solid #4e93e3;\">5<\/td>\n<\/tr>\n<tr>\n<td style=\"border: 1px solid #4e93e3;\">Lengua Inglesa I<\/td>\n<td style=\"border: 1px solid #4e93e3;\">ANUAL<\/td>\n<td style=\"border: 1px solid #4e93e3;\">\n<div>Materia<\/div>\n<\/td>\n<td style=\"border: 1px solid #4e93e3;\">8<\/td>\n<\/tr>\n<tr>\n<td style=\"border: 1px solid #4e93e3;\">Gram\u00e1tica Inglesa I<\/td>\n<td style=\"border: 1px solid #4e93e3;\">ANUAL<\/td>\n<td style=\"border: 1px solid #4e93e3;\">\n<div>Materia<\/div>\n<\/td>\n<td style=\"border: 1px solid #4e93e3;\">5<\/td>\n<\/tr>\n<tr>\n<td style=\"border: 1px solid #4e93e3;\">Pr\u00e1ctica Docente I<\/td>\n<td style=\"border: 1px solid #4e93e3;\">ANUAL<\/td>\n<td style=\"border: 1px solid #4e93e3;\">Taller<\/td>\n<td style=\"border: 1px solid #4e93e3;\">4<\/td>\n<\/tr>\n<tr>\n<td style=\"border: 1px solid #4e93e3;\" colspan=\"3\"><\/td>\n<td style=\"border: 1px solid #4e93e3;\">TOTAL\u00a0<strong>38\u00a0<\/strong>HORAS<\/td>\n<\/tr>\n<\/tbody>\n<\/table>\n<p>&#8212;&#8212;&#8212;&#8212;&#8212;&#8212;&#8212;&#8212;&#8212;&#8212;&#8212;&#8212;&#8212;&#8212;&#8212;&#8212;&#8212;&#8212;&#8212;&#8212;&#8212;&#8212;&#8212;&#8212;&#8212;&#8212;&#8212;&#8212;&#8212;&#8212;&#8212;&#8212;&#8212;&#8212;<strong>SEGUNDO A\u00d1O<\/strong><\/p>\n<table border=\"0\">\n<tbody>\n<tr>\n<td style=\"border: 1px solid #4e93e3;\">Psicolog\u00eda Educacional<\/td>\n<td style=\"border: 1px solid #4e93e3;\">ANUAL<\/td>\n<td style=\"border: 1px solid #4e93e3;\">Materia<\/td>\n<td style=\"border: 1px solid #4e93e3;\">4<\/td>\n<\/tr>\n<tr>\n<td style=\"border: 1px solid #4e93e3;\">Sujeto de la Educaci\u00f3n I<\/td>\n<td style=\"border: 1px solid #4e93e3;\">ANUAL<\/td>\n<td style=\"border: 1px solid #4e93e3;\">Materia<\/td>\n<td style=\"border: 1px solid #4e93e3;\">4<\/td>\n<\/tr>\n<tr>\n<td style=\"border: 1px solid #4e93e3;\">Tecnolog\u00eda de la Informaci\u00f3n y la Comunicaci\u00f3n en la Ense\u00f1anza<\/td>\n<td style=\"border: 1px solid #4e93e3;\">ANUAL<\/td>\n<td style=\"border: 1px solid #4e93e3;\">Taller<\/td>\n<td style=\"border: 1px solid #4e93e3;\">3<\/td>\n<\/tr>\n<tr>\n<td style=\"border: 1px solid #4e93e3;\">Fon\u00e9tica y Fonolog\u00eda II<\/td>\n<td style=\"border: 1px solid #4e93e3;\">ANUAL<\/td>\n<td style=\"border: 1px solid #4e93e3;\">\n<div>\n<div>Materia<\/div>\n<\/div>\n<\/td>\n<td style=\"border: 1px solid #4e93e3;\">4<\/td>\n<\/tr>\n<tr>\n<td style=\"border: 1px solid #4e93e3;\">Lengua Inglesa II<\/td>\n<td style=\"border: 1px solid #4e93e3;\">ANUAL<\/td>\n<td style=\"border: 1px solid #4e93e3;\">\n<div>Materia<\/div>\n<\/td>\n<td style=\"border: 1px solid #4e93e3;\">7<\/td>\n<\/tr>\n<tr>\n<td style=\"border: 1px solid #4e93e3;\">Gram\u00e1tica Inglesa II<\/td>\n<td style=\"border: 1px solid #4e93e3;\">ANUAL<\/td>\n<td style=\"border: 1px solid #4e93e3;\">\n<div>Materia<\/div>\n<\/td>\n<td style=\"border: 1px solid #4e93e3;\">4<\/td>\n<\/tr>\n<tr>\n<td style=\"border: 1px solid #4e93e3;\">Did\u00e1ctica Especial I<\/td>\n<td style=\"border: 1px solid #4e93e3;\">ANUAL<\/td>\n<td style=\"border: 1px solid #4e93e3;\">Materia<\/td>\n<td style=\"border: 1px solid #4e93e3;\">4<\/td>\n<\/tr>\n<tr>\n<td style=\"border: 1px solid #4e93e3;\">Pr\u00e1ctica Docente II<\/td>\n<td style=\"border: 1px solid #4e93e3;\">ANUAL<\/td>\n<td style=\"border: 1px solid #4e93e3;\">\n<div>\n<div>Taller<\/div>\n<\/div>\n<\/td>\n<td style=\"border: 1px solid #4e93e3;\">5<\/td>\n<\/tr>\n<tr>\n<td style=\"border: 1px solid #4e93e3;\" colspan=\"3\"><\/td>\n<td style=\"border: 1px solid #4e93e3;\">TOTAL\u00a0<strong>35\u00a0<\/strong>HORAS<\/td>\n<\/tr>\n<\/tbody>\n<\/table>\n<p>&#8212;&#8212;&#8212;&#8212;&#8212;&#8212;&#8212;&#8212;&#8212;&#8212;&#8212;&#8212;&#8212;&#8212;&#8212;&#8212;&#8212;&#8212;&#8212;&#8212;&#8212;&#8212;&#8212;&#8212;&#8212;&#8212;&#8212;&#8212;&#8212;&#8212;&#8212;&#8212;<\/p>\n<p><strong>TERCER A\u00d1O<\/strong><\/p>\n<table border=\"0\">\n<tbody>\n<tr>\n<td style=\"border: 1px solid #4e93e3;\">Historia y Pol\u00edtica de la Educaci\u00f3n Argentina<\/td>\n<td style=\"border: 1px solid #4e93e3;\">\n<div>CUATRIMESTRAL<\/div>\n<\/td>\n<td style=\"border: 1px solid #4e93e3;\">Materia<\/td>\n<td style=\"border: 1px solid #4e93e3;\">4<\/td>\n<\/tr>\n<tr>\n<td style=\"border: 1px solid #4e93e3;\">Sociolog\u00eda de la Educaci\u00f3n<\/td>\n<td style=\"border: 1px solid #4e93e3;\">CUATRIMESTRAL<\/td>\n<td style=\"border: 1px solid #4e93e3;\">Materia<\/td>\n<td style=\"border: 1px solid #4e93e3;\">4<\/td>\n<\/tr>\n<tr>\n<td style=\"border: 1px solid #4e93e3;\">Sujeto de la Educaci\u00f3n II<\/td>\n<td style=\"border: 1px solid #4e93e3;\">ANUAL<\/td>\n<td style=\"border: 1px solid #4e93e3;\">Materia<\/td>\n<td style=\"border: 1px solid #4e93e3;\">4<\/td>\n<\/tr>\n<tr>\n<td style=\"border: 1px solid #4e93e3;\">Ciencias del Lenguaje<\/td>\n<td style=\"border: 1px solid #4e93e3;\">ANUAL<\/td>\n<td style=\"border: 1px solid #4e93e3;\">Materia<\/td>\n<td style=\"border: 1px solid #4e93e3;\">4<\/td>\n<\/tr>\n<tr>\n<td style=\"border: 1px solid #4e93e3;\">Adquisici\u00f3n de Segundas Lenguas (LCE)<\/td>\n<td style=\"border: 1px solid #4e93e3;\">CUATRIMESTRAL<\/td>\n<td style=\"border: 1px solid #4e93e3;\">Materia<\/td>\n<td style=\"border: 1px solid #4e93e3;\">3<\/td>\n<\/tr>\n<tr>\n<td style=\"border: 1px solid #4e93e3;\">Fon\u00e9tica y Fonolog\u00eda III<\/td>\n<td style=\"border: 1px solid #4e93e3;\">ANUAL<\/td>\n<td style=\"border: 1px solid #4e93e3;\">\n<div>Materia<\/div>\n<\/td>\n<td style=\"border: 1px solid #4e93e3;\">4<\/td>\n<\/tr>\n<tr>\n<td style=\"border: 1px solid #4e93e3;\">Lengua Inglesa III<\/td>\n<td style=\"border: 1px solid #4e93e3;\">ANUAL<\/td>\n<td style=\"border: 1px solid #4e93e3;\">Materia<\/td>\n<td style=\"border: 1px solid #4e93e3;\">6<\/td>\n<\/tr>\n<tr>\n<td style=\"border: 1px solid #4e93e3;\">Did\u00e1ctica Especial II<\/td>\n<td style=\"border: 1px solid #4e93e3;\">ANUAL<\/td>\n<td style=\"border: 1px solid #4e93e3;\">Materia<\/td>\n<td style=\"border: 1px solid #4e93e3;\">4<\/td>\n<\/tr>\n<tr>\n<td style=\"border: 1px solid #4e93e3;\">Literatura de los Pueblos de Habla Inglesa I<\/td>\n<td style=\"border: 1px solid #4e93e3;\">ANUAL<\/td>\n<td style=\"border: 1px solid #4e93e3;\">\n<div>Materia<\/div>\n<\/td>\n<td style=\"border: 1px solid #4e93e3;\">4<\/td>\n<\/tr>\n<tr>\n<td style=\"border: 1px solid #4e93e3;\">Pr\u00e1ctica Docente III<\/td>\n<td style=\"border: 1px solid #4e93e3;\">ANUAL<\/td>\n<td style=\"border: 1px solid #4e93e3;\">\n<div>\n<div>Taller<\/div>\n<p>&nbsp;<\/p>\n<\/div>\n<\/td>\n<td style=\"border: 1px solid #4e93e3;\">7<\/td>\n<\/tr>\n<tr>\n<td style=\"border: 1px solid #4e93e3;\" colspan=\"3\"><\/td>\n<td style=\"border: 1px solid #4e93e3;\">TOTAL\u00a0<strong>44\u00a0<\/strong>HORAS<\/td>\n<\/tr>\n<\/tbody>\n<\/table>\n<p>&#8212;&#8212;&#8212;&#8212;&#8212;&#8212;&#8212;&#8212;&#8212;&#8212;&#8212;&#8212;&#8212;&#8212;&#8212;&#8212;&#8212;&#8212;&#8212;&#8212;&#8212;&#8212;&#8212;&#8212;&#8212;&#8212;&#8212;&#8212;&#8212;&#8212;&#8212;&#8212;<\/p>\n<p><strong>CUARTO\u00a0A\u00d1O<\/strong><\/p>\n<table border=\"0\">\n<tbody>\n<tr>\n<td style=\"border: 1px solid #4e93e3;\">Filosof\u00eda de la Educaci\u00f3n<\/td>\n<td style=\"border: 1px solid #4e93e3;\">\n<div>CUATRIMESTRAL<\/div>\n<\/td>\n<td style=\"border: 1px solid #4e93e3;\">\n<div>\n<div>\n<div>Materia<\/div>\n<\/div>\n<\/div>\n<\/td>\n<td style=\"border: 1px solid #4e93e3;\">4<\/td>\n<\/tr>\n<tr>\n<td style=\"border: 1px solid #4e93e3;\">Educaci\u00f3n Sexual Integral<\/td>\n<td style=\"border: 1px solid #4e93e3;\">CUATRIMESTRAL<\/td>\n<td style=\"border: 1px solid #4e93e3;\">Taller<\/td>\n<td style=\"border: 1px solid #4e93e3;\">4<\/td>\n<\/tr>\n<tr>\n<td style=\"border: 1px solid #4e93e3;\">Historia social argentina y latinoamericana<\/td>\n<td style=\"border: 1px solid #4e93e3;\">ANUAL<\/td>\n<td style=\"border: 1px solid #4e93e3;\">Materia<\/td>\n<td style=\"border: 1px solid #4e93e3;\">3<\/td>\n<\/tr>\n<tr>\n<td style=\"border: 1px solid #4e93e3;\">Estudios Interculturales<\/td>\n<td style=\"border: 1px solid #4e93e3;\">ANUAL<\/td>\n<td style=\"border: 1px solid #4e93e3;\">Materia<\/td>\n<td style=\"border: 1px solid #4e93e3;\">3<\/td>\n<\/tr>\n<tr>\n<td style=\"border: 1px solid #4e93e3;\">Lengua Inglesa IV<\/td>\n<td style=\"border: 1px solid #4e93e3;\">ANUAL<\/td>\n<td style=\"border: 1px solid #4e93e3;\">Materia<\/td>\n<td style=\"border: 1px solid #4e93e3;\">6<\/td>\n<\/tr>\n<tr>\n<td style=\"border: 1px solid #4e93e3;\">Literatura de los pueblos de habla inglesa II<\/td>\n<td style=\"border: 1px solid #4e93e3;\">ANUAL<\/td>\n<td style=\"border: 1px solid #4e93e3;\">Materia<\/td>\n<td style=\"border: 1px solid #4e93e3;\">3<\/td>\n<\/tr>\n<tr>\n<td style=\"border: 1px solid #4e93e3;\">Propuesta variable y Complementaria<\/td>\n<td style=\"border: 1px solid #4e93e3;\">CUATRIMESTRAL<\/td>\n<td style=\"border: 1px solid #4e93e3;\">Materia<\/td>\n<td style=\"border: 1px solid #4e93e3;\">4<\/td>\n<\/tr>\n<tr>\n<td style=\"border: 1px solid #4e93e3;\">Propuesta variable y Complementaria<\/td>\n<td style=\"border: 1px solid #4e93e3;\">CUATRIMESTRAL<\/td>\n<td style=\"border: 1px solid #4e93e3;\">Materia<\/td>\n<td style=\"border: 1px solid #4e93e3;\">4<\/td>\n<\/tr>\n<tr>\n<td style=\"border: 1px solid #4e93e3;\">Pr\u00e1ctica Docente IV<\/td>\n<td style=\"border: 1px solid #4e93e3;\">ANUAL<\/td>\n<td style=\"border: 1px solid #4e93e3;\">\n<div>\n<div>Taller<\/div>\n<\/div>\n<\/td>\n<td style=\"border: 1px solid #4e93e3;\">10<\/td>\n<\/tr>\n<tr>\n<td style=\"border: 1px solid #4e93e3;\" colspan=\"3\"><\/td>\n<td style=\"border: 1px solid #4e93e3;\">TOTAL\u00a0<strong>41<\/strong>HORAS<\/td>\n<\/tr>\n<\/tbody>\n<\/table>\n","protected":false},"excerpt":{"rendered":"<p>ESTABLECIMIENTO:\u00a0INSTITUTO SUPERIOR \u00abGOYA\u00bb DENOMINACI\u00d3N DE LA CARRERA:\u00a0\u00abPROFESORADO DE LENGUA EXTRANJERA &#8211; INGLES\u00bb DECRETO\/RESOLUCI\u00d3N:\u00a0RESOLUCI\u00d3N N\u00b0 45\/13 &#8211; 1226\/13 T\u00cdTULO QUE OTORGA:\u00a0PROFESOR\/A DE LENGUA EXTRANJERA &#8211; INGLES T\u00cdTULO INTERMEDIO: &#8212;&#8212;&#8212;&#8212;&#8212;&#8212;&#8212;&#8212;&#8212;&#8212;&#8212;&#8212;&#8212;&#8212; DURACI\u00d3N DE LA CARRERA:\u00a0CUATRO A\u00d1OS &nbsp; \u00a0 \u00a0 \u00a0 \u00a0 \u00a0 \u00a0 \u00a0 \u00a0 \u00a0 \u00a0 \u00a0 \u00a0 \u00a0 \u00a0 ASIGNATURAS \u00a0 \u00a0 \u00a0 \u00a0DURACI\u00d3N \u00a0 \u00a0FORMATO &#8230; <a title=\"Plan de estudios Ingles\" class=\"read-more\" href=\"https:\/\/isgoya-crr.infd.edu.ar\/sitio\/plan-de-estudios-12\/\" aria-label=\"More on Plan de estudios Ingles\">[+]<\/a><\/p>\n","protected":false},"author":2329,"featured_media":0,"parent":0,"menu_order":0,"comment_status":"closed","ping_status":"closed","template":"","meta":[],"acf":[],"_links":{"self":[{"href":"https:\/\/isgoya-crr.infd.edu.ar\/sitio\/wp-json\/wp\/v2\/pages\/1093"}],"collection":[{"href":"https:\/\/isgoya-crr.infd.edu.ar\/sitio\/wp-json\/wp\/v2\/pages"}],"about":[{"href":"https:\/\/isgoya-crr.infd.edu.ar\/sitio\/wp-json\/wp\/v2\/types\/page"}],"author":[{"embeddable":true,"href":"https:\/\/isgoya-crr.infd.edu.ar\/sitio\/wp-json\/wp\/v2\/users\/2329"}],"replies":[{"embeddable":true,"href":"https:\/\/isgoya-crr.infd.edu.ar\/sitio\/wp-json\/wp\/v2\/comments?post=1093"}],"version-history":[{"count":1,"href":"https:\/\/isgoya-crr.infd.edu.ar\/sitio\/wp-json\/wp\/v2\/pages\/1093\/revisions"}],"predecessor-version":[{"id":1198,"href":"https:\/\/isgoya-crr.infd.edu.ar\/sitio\/wp-json\/wp\/v2\/pages\/1093\/revisions\/1198"}],"wp:attachment":[{"href":"https:\/\/isgoya-crr.infd.edu.ar\/sitio\/wp-json\/wp\/v2\/media?parent=1093"}],"curies":[{"name":"wp","href":"https:\/\/api.w.org\/{rel}","templated":true}]}}