{"id":1097,"date":"2018-08-30T13:19:19","date_gmt":"2018-08-30T16:19:19","guid":{"rendered":"https:\/\/isgoya-crr.infd.edu.ar\/sitio\/plan-de-estudios-13\/"},"modified":"2018-11-21T20:02:14","modified_gmt":"2018-11-21T23:02:14","slug":"plan-de-estudios-13","status":"publish","type":"page","link":"https:\/\/isgoya-crr.infd.edu.ar\/sitio\/plan-de-estudios-13\/","title":{"rendered":"Plan de Estudios Comunicaci\u00f3n Social"},"content":{"rendered":"<p>ESTABLECIMIENTO:\u00a0<span style=\"color: #3366ff;\" data-mce-mark=\"1\"><strong>INSTITUTO SUPERIOR \u00abGOYA\u00bb<\/strong><\/span><\/p>\n<p>DENOMINACI\u00d3N DE LA CARRERA:\u00a0<span style=\"color: #3366ff;\">\u00abTECNICATURA SUPERIOR EN COMUNICACI\u00d3N SOCIAL ORIENTADA AL DESARROLLO LOCAL\u00bb\u00a0<\/span><strong><span style=\"color: #3366ff;\"> \u00a0 \u00a0<\/span> \u00a0\u00a0<\/strong><\/p>\n<p>DECRETO\/RESOLUCI\u00d3N:\u00a0<span style=\"color: #3366ff;\" data-mce-mark=\"1\"><strong>RESOLUCION MINISTERIAL N\u00b0 827\/13<\/strong><\/span><\/p>\n<p>T\u00cdTULO QUE OTORGA:\u00a0<span style=\"color: #3366ff;\" data-mce-mark=\"1\">\u00ab<strong>T\u00c9CNICO SUPERIOR EN\u00a0<strong>COMUNICACI\u00d3N SOCIAL ORIENTADA AL DESARROLLO LOCAL\u00bb<\/strong><\/strong><\/span><\/p>\n<p>T\u00cdTULO INTERMEDIO: &#8212;&#8212;&#8212;&#8212;&#8212;&#8212;&#8212;&#8212;&#8212;&#8212;&#8212;&#8212;&#8212;&#8212;&#8212;&#8211;<\/p>\n<p>DURACI\u00d3N DE LA CARRERA:\u00a0<span style=\"color: #3366ff;\" data-mce-mark=\"1\"><em>TRES A\u00d1OS\u00a0<\/em><\/span><\/p>\n<p>&nbsp;<\/p>\n<table border=\"0\">\n<tbody>\n<tr>\n<td style=\"background-color: #5fa8dc;\" align=\"center\" valign=\"middle\"><strong>\u00a0 \u00a0 \u00a0 \u00a0 \u00a0 \u00a0 \u00a0 \u00a0 \u00a0 \u00a0 \u00a0 \u00a0 \u00a0 \u00a0 \u00a0 \u00a0ASIGNATURAS \u00a0 \u00a0 \u00a0 \u00a0 \u00a0 \u00a0 \u00a0 \u00a0 \u00a0 \u00a0 \u00a0 \u00a0 \u00a0 \u00a0 \u00a0\u00a0<\/strong><\/td>\n<td style=\"background-color: #5fa8dc;\" align=\"center\" valign=\"middle\"><strong>\u00a0 \u00a0DURACION \u00a0<\/strong><\/td>\n<td style=\"background-color: #5fa8dc;\" align=\"center\" valign=\"middle\"><strong>\u00a0 \u00a0 HORAS \u00a0 \u00a0<\/strong><\/td>\n<\/tr>\n<tr>\n<td style=\"background-color: #5fa8dc;\" align=\"center\" valign=\"middle\"><strong>\u00a0<\/strong><\/td>\n<td style=\"background-color: #5fa8dc;\" align=\"center\" valign=\"middle\">\u00a0 \u00a0Cuatrimestral\/anual<strong>\u00a0 \u00a0\u00a0<\/strong><\/td>\n<td style=\"background-color: #5fa8dc;\" align=\"center\" valign=\"middle\"><strong>\u00a0<\/strong><\/td>\n<\/tr>\n<\/tbody>\n<\/table>\n<p><span data-mce-mark=\"1\"><strong><span data-mce-mark=\"1\">PRIMER A\u00d1O<\/span>\u00a0<\/strong><\/span><\/p>\n<table border=\"0\">\n<tbody>\n<tr>\n<td style=\"border: 1px solid #5fa8dc;\" scope=\"col\" valign=\"middle\">\n<div><span data-mce-mark=\"1\">R<span data-mce-mark=\"1\">elaci\u00f3n Estado &#8211; Sociedad<\/span>\u00a0 \u00a0 \u00a0 \u00a0 \u00a0 \u00a0 \u00a0 \u00a0 \u00a0 \u00a0 \u00a0 \u00a0 \u00a0 \u00a0 \u00a0 \u00a0 \u00a0 \u00a0 \u00a0 \u00a0<\/span><\/div>\n<\/td>\n<td style=\"border: 1px solid #5fa8dc;\" scope=\"col\" valign=\"middle\"><span data-mce-mark=\"1\">2\u00baCUATRIMESTRE<\/span><\/td>\n<td style=\"border: 1px solid #5fa8dc;\" scope=\"col\" valign=\"middle\">\u00a05<\/td>\n<\/tr>\n<tr>\n<td style=\"border: 1px solid #5fa8dc;\" scope=\"col\" valign=\"middle\"><span data-mce-mark=\"1\"><span data-mce-mark=\"1\">Introducci\u00f3n a los Estudios de la Comunicaci\u00f3n<\/span><\/span><\/td>\n<td style=\"border: 1px solid #5fa8dc;\" scope=\"col\" valign=\"middle\"><span data-mce-mark=\"1\">ANUAL<\/span><\/td>\n<td style=\"border: 1px solid #5fa8dc;\" scope=\"col\" valign=\"middle\">\u00a04<\/td>\n<\/tr>\n<tr>\n<td style=\"border: 1px solid #5fa8dc;\" scope=\"col\" valign=\"middle\">\n<div><span data-mce-mark=\"1\"><span data-mce-mark=\"1\">Semiolog\u00eda y An\u00e1lisis del Discurso<\/span><\/span><\/div>\n<\/td>\n<td style=\"border: 1px solid #5fa8dc;\" scope=\"col\" valign=\"middle\"><span data-mce-mark=\"1\">ANUAL<\/span><\/td>\n<td style=\"border: 1px solid #5fa8dc;\" scope=\"col\" valign=\"middle\">\u00a04<\/td>\n<\/tr>\n<tr>\n<td style=\"border: 1px solid #5fa8dc;\" scope=\"col\" valign=\"middle\">\n<div><span data-mce-mark=\"1\"><span data-mce-mark=\"1\">Teor\u00eda de la Comunicaci\u00f3n<\/span><\/span><\/div>\n<\/td>\n<td style=\"border: 1px solid #5fa8dc;\" scope=\"col\" valign=\"middle\"><span data-mce-mark=\"1\">ANUAL<\/span><\/td>\n<td style=\"border: 1px solid #5fa8dc;\" scope=\"col\" valign=\"middle\">\u00a04<\/td>\n<\/tr>\n<tr>\n<td style=\"border: 1px solid #5fa8dc;\" scope=\"col\" valign=\"middle\">\n<div><span data-mce-mark=\"1\"><span data-mce-mark=\"1\">Lenguaje y Producci\u00f3n gr\u00e1fica I<\/span><\/span><\/div>\n<\/td>\n<td style=\"border: 1px solid #5fa8dc;\" scope=\"col\" valign=\"middle\"><span data-mce-mark=\"1\"><span data-mce-mark=\"1\">1\u00baCUATRIMESTRE<\/span>\u00a0\u00a0<\/span><\/td>\n<td style=\"border: 1px solid #5fa8dc;\" scope=\"col\" valign=\"middle\">\u00a04<\/td>\n<\/tr>\n<tr>\n<td style=\"border: 1px solid #5fa8dc;\" scope=\"col\" valign=\"middle\">\n<div><span data-mce-mark=\"1\"><span data-mce-mark=\"1\">Taller de Comunicaci\u00f3n Audiovisual Visual I<\/span><\/span><\/div>\n<\/td>\n<td style=\"border: 1px solid #5fa8dc;\" scope=\"col\" valign=\"middle\"><span data-mce-mark=\"1\"><span data-mce-mark=\"1\">2\u00b0 CUATRIMESTRE<\/span><\/span><\/td>\n<td style=\"border: 1px solid #5fa8dc;\" scope=\"col\" valign=\"middle\">\u00a04<\/td>\n<\/tr>\n<tr>\n<td style=\"border: 1px solid #5fa8dc;\" scope=\"col\" valign=\"middle\">\n<div><span data-mce-mark=\"1\"><span data-mce-mark=\"1\">Tecnolog\u00eda de la Informaci\u00f3n y la Comunicaci\u00f3n\u00a0<\/span><\/span><\/div>\n<\/td>\n<td style=\"border: 1px solid #5fa8dc;\" scope=\"col\" valign=\"middle\"><span data-mce-mark=\"1\"><span data-mce-mark=\"1\">ANUAL<\/span><\/span><\/td>\n<td style=\"border: 1px solid #5fa8dc;\" scope=\"col\" valign=\"middle\">\u00a04<\/td>\n<\/tr>\n<tr>\n<td style=\"border: 1px solid #5fa8dc;\" scope=\"col\" valign=\"middle\">\n<div><span data-mce-mark=\"1\"><span data-mce-mark=\"1\">Expresi\u00f3n Oral y Escrita<\/span><\/span><\/div>\n<\/td>\n<td style=\"border: 1px solid #5fa8dc;\" scope=\"col\" valign=\"middle\"><span data-mce-mark=\"1\"><span data-mce-mark=\"1\">ANUAL<\/span><\/span><\/td>\n<td style=\"border: 1px solid #5fa8dc;\" scope=\"col\" valign=\"middle\">\u00a04<\/td>\n<\/tr>\n<tr>\n<td style=\"border: 1px solid #5fa8dc;\" scope=\"col\" valign=\"middle\"><span data-mce-mark=\"1\"><span data-mce-mark=\"1\">Introducci\u00f3n al Desarrollo Local<\/span><\/span><\/td>\n<td style=\"border: 1px solid #5fa8dc;\" scope=\"col\" valign=\"middle\"><span data-mce-mark=\"1\">1\u00baCUATRIMESTRE<\/span><\/td>\n<td style=\"border: 1px solid #5fa8dc;\" scope=\"col\" valign=\"middle\">\u00a04<\/td>\n<\/tr>\n<tr>\n<td style=\"border: 1px solid #5fa8dc;\" scope=\"col\" valign=\"middle\"><span data-mce-mark=\"1\">Pr\u00e1ctica Profesional I: Dise\u00f1os de Proyectos Culturales y Comunicativos<\/span><\/td>\n<td style=\"border: 1px solid #5fa8dc;\" scope=\"col\" valign=\"middle\">ANUAL<\/td>\n<td style=\"border: 1px solid #5fa8dc;\" scope=\"col\" valign=\"middle\">\u00a06<\/td>\n<\/tr>\n<tr>\n<td style=\"border: 1px solid #5fa8dc;\" colspan=\"2\" scope=\"col\" valign=\"middle\"><\/td>\n<td style=\"border: 1px solid #5fa8dc;\" scope=\"col\" valign=\"middle\">TOTAL\u00a0<strong>43\u00a0<\/strong>HS<\/td>\n<\/tr>\n<\/tbody>\n<\/table>\n<p>&#8212;&#8212;&#8212;&#8212;&#8212;&#8212;&#8212;&#8212;&#8212;&#8212;&#8212;&#8212;&#8212;&#8212;&#8212;&#8212;&#8212;&#8212;&#8212;&#8212;&#8212;&#8212;&#8212;&#8212;&#8212;&#8212;&#8212;&#8212;&#8212;&#8212;&#8212;&#8212;&#8212;-<br \/>\n<span data-mce-mark=\"1\"><strong><span data-mce-mark=\"1\">SEGUNDO A\u00d1O<\/span><\/strong><\/span><\/p>\n<table border=\"0\">\n<tbody>\n<tr>\n<td style=\"border: 1px solid #5fa8dc;\" scope=\"col\" valign=\"middle\">\n<div><span data-mce-mark=\"1\"><span data-mce-mark=\"1\">Sociolog\u00eda General<\/span>\u00a0 \u00a0 \u00a0 \u00a0 \u00a0 \u00a0 \u00a0 \u00a0 \u00a0 \u00a0 \u00a0 \u00a0 \u00a0 \u00a0 \u00a0 \u00a0 \u00a0 \u00a0 \u00a0 \u00a0\u00a0<\/span><\/div>\n<\/td>\n<td style=\"border: 1px solid #5fa8dc;\" scope=\"col\" valign=\"middle\"><span data-mce-mark=\"1\">2\u00baCUATRIMESTRE<\/span><\/td>\n<td style=\"border: 1px solid #5fa8dc;\" scope=\"col\" valign=\"middle\">\u00a04<\/td>\n<\/tr>\n<tr>\n<td style=\"border: 1px solid #5fa8dc;\" scope=\"col\" valign=\"middle\"><span data-mce-mark=\"1\"><span data-mce-mark=\"1\">Procesos Pol\u00edticos, Econ\u00f3micos y el Mundo del Trabajo<\/span><\/span><\/td>\n<td style=\"border: 1px solid #5fa8dc;\" scope=\"col\" valign=\"middle\"><span data-mce-mark=\"1\">1\u00baCUATRIMESTRE<\/span><\/td>\n<td style=\"border: 1px solid #5fa8dc;\" scope=\"col\" valign=\"middle\">\u00a05<\/td>\n<\/tr>\n<tr>\n<td style=\"border: 1px solid #5fa8dc;\" scope=\"col\" valign=\"middle\"><span data-mce-mark=\"1\">Cultura y Comunicaci\u00f3n Contempor\u00e1nea<\/span><\/td>\n<td style=\"border: 1px solid #5fa8dc;\" scope=\"col\" valign=\"middle\">2\u00b0 CUATRIMESTRE<\/td>\n<td style=\"border: 1px solid #5fa8dc;\" scope=\"col\" valign=\"middle\">\u00a04<\/td>\n<\/tr>\n<tr>\n<td style=\"border: 1px solid #5fa8dc;\" scope=\"col\" valign=\"middle\"><span data-mce-mark=\"1\">Historia Argentina y Latinoamericana Contempor\u00e1nea<\/span><\/td>\n<td style=\"border: 1px solid #5fa8dc;\" scope=\"col\" valign=\"middle\"><span data-mce-mark=\"1\">ANUAL<\/span><\/td>\n<td style=\"border: 1px solid #5fa8dc;\" scope=\"col\" valign=\"middle\">\u00a04<\/td>\n<\/tr>\n<tr>\n<td style=\"border: 1px solid #5fa8dc;\" scope=\"col\" valign=\"middle\"><span data-mce-mark=\"1\">Ingl\u00e9s T\u00e9cnico<\/span><\/td>\n<td style=\"border: 1px solid #5fa8dc;\" scope=\"col\" valign=\"middle\"><span data-mce-mark=\"1\">ANUAL<\/span><\/td>\n<td style=\"border: 1px solid #5fa8dc;\" scope=\"col\" valign=\"middle\">\u00a04<\/td>\n<\/tr>\n<tr>\n<td style=\"border: 1px solid #5fa8dc;\" scope=\"col\" valign=\"middle\">\n<div><span data-mce-mark=\"1\">Portugu\u00e9s T\u00e9cnico<\/span><\/div>\n<\/td>\n<td style=\"border: 1px solid #5fa8dc;\" scope=\"col\" valign=\"middle\">ANUAL<\/td>\n<td style=\"border: 1px solid #5fa8dc;\" scope=\"col\" valign=\"middle\">\u00a04<\/td>\n<\/tr>\n<tr>\n<td style=\"border: 1px solid #5fa8dc;\" scope=\"col\" valign=\"middle\"><span data-mce-mark=\"1\">Opini\u00f3n P\u00fablica y Consumos Culturales\u00a0<\/span><\/td>\n<td style=\"border: 1px solid #5fa8dc;\" scope=\"col\" valign=\"middle\">ANUAL<\/td>\n<td style=\"border: 1px solid #5fa8dc;\" scope=\"col\" valign=\"middle\">\u00a04<\/td>\n<\/tr>\n<tr>\n<td style=\"border: 1px solid #5fa8dc;\" scope=\"col\" valign=\"middle\"><span data-mce-mark=\"1\">Pr\u00e1ctica Profesional II: Acci\u00f3n participativa aplicada a la comunicaci\u00f3n social para el desarrollo local<\/span><\/td>\n<td style=\"border: 1px solid #5fa8dc;\" scope=\"col\" valign=\"middle\">ANUAL<\/td>\n<td style=\"border: 1px solid #5fa8dc;\" scope=\"col\" valign=\"middle\">\u00a06<\/td>\n<\/tr>\n<tr>\n<td style=\"border: 1px solid #5fa8dc;\" scope=\"col\" valign=\"middle\"><span data-mce-mark=\"1\"><span data-mce-mark=\"1\">Taller de Comunicaci\u00f3n Audiovisual II<\/span><\/span><\/td>\n<td style=\"border: 1px solid #5fa8dc;\" scope=\"col\" valign=\"middle\"><span data-mce-mark=\"1\">1\u00baCUATRIMESTRE<\/span><\/td>\n<td style=\"border: 1px solid #5fa8dc;\" scope=\"col\" valign=\"middle\">\u00a04<\/td>\n<\/tr>\n<tr>\n<td style=\"border: 1px solid #5fa8dc;\" scope=\"col\" valign=\"middle\"><span data-mce-mark=\"1\"><span data-mce-mark=\"1\">Lenguaje y Producci\u00f3n Gr\u00e1fica II<\/span><\/span><\/td>\n<td style=\"border: 1px solid #5fa8dc;\" scope=\"col\" valign=\"middle\">2\u00b0 CUATRIMESTRE<\/td>\n<td style=\"border: 1px solid #5fa8dc;\" scope=\"col\" valign=\"middle\">\u00a04<\/td>\n<\/tr>\n<tr>\n<td style=\"border: 1px solid #5fa8dc;\" colspan=\"2\" scope=\"col\" valign=\"middle\"><\/td>\n<td style=\"border: 1px solid #5fa8dc;\" scope=\"col\" valign=\"middle\">TOTAL\u00a0<strong>43\u00a0<\/strong>HS<\/td>\n<\/tr>\n<\/tbody>\n<\/table>\n<p>&#8212;&#8212;&#8212;&#8212;&#8212;&#8212;&#8212;&#8212;&#8212;&#8212;&#8212;&#8212;&#8212;&#8212;&#8212;&#8212;&#8212;&#8212;&#8212;&#8212;&#8212;&#8212;&#8212;&#8212;&#8212;&#8212;&#8212;&#8212;&#8212;&#8212;&#8212;&#8212;&#8212;-<br \/>\n<span data-mce-mark=\"1\"><strong><span data-mce-mark=\"1\">TERCER A\u00d1O<\/span><\/strong><\/span><\/p>\n<table border=\"0\">\n<tbody>\n<tr>\n<td style=\"border: 1px solid #5fa8dc;\" scope=\"col\" valign=\"middle\">\n<div><span data-mce-mark=\"1\"><span data-mce-mark=\"1\"><span data-mce-mark=\"1\">Publicidad y Propaganda\u00a0<\/span><\/span>\u00a0\u00a0\u00a0\u00a0\u00a0\u00a0\u00a0\u00a0\u00a0\u00a0\u00a0\u00a0\u00a0\u00a0\u00a0\u00a0\u00a0\u00a0\u00a0\u00a0\u00a0\u00a0\u00a0\u00a0\u00a0\u00a0\u00a0\u00a0\u00a0\u00a0\u00a0\u00a0\u00a0\u00a0\u00a0\u00a0\u00a0\u00a0\u00a0\u00a0\u00a0\u00a0<\/span><\/div>\n<\/td>\n<td style=\"border: 1px solid #5fa8dc;\" scope=\"col\" valign=\"middle\">ANUAL<\/td>\n<td style=\"border: 1px solid #5fa8dc;\" scope=\"col\" valign=\"middle\">\u00a04<\/td>\n<\/tr>\n<tr>\n<td style=\"border: 1px solid #5fa8dc;\" scope=\"col\" valign=\"middle\">Pr\u00e1ctica Profesional III: Pasant\u00eda<\/td>\n<td style=\"border: 1px solid #5fa8dc;\" scope=\"col\" valign=\"middle\"><span data-mce-mark=\"1\">ANUAL<\/span><\/td>\n<td style=\"border: 1px solid #5fa8dc;\" scope=\"col\" valign=\"middle\">\u00a06<\/td>\n<\/tr>\n<tr>\n<td style=\"border: 1px solid #5fa8dc;\" scope=\"col\" valign=\"middle\">Gesti\u00f3n, Producci\u00f3n y Administraci\u00f3n de Proyectos Comunicacionales y Medios de Comunicaci\u00f3n Social<\/td>\n<td style=\"border: 1px solid #5fa8dc;\" scope=\"col\" valign=\"middle\">ANUAL<\/td>\n<td style=\"border: 1px solid #5fa8dc;\" scope=\"col\" valign=\"middle\">\u00a04<\/td>\n<\/tr>\n<tr>\n<td style=\"border: 1px solid #5fa8dc;\" scope=\"col\" valign=\"middle\">Comunicaci\u00f3n, Sociedad y Desarrollo Local<\/td>\n<td style=\"border: 1px solid #5fa8dc;\" scope=\"col\" valign=\"middle\">1\u00b0CUATRIMESTRE<\/td>\n<td style=\"border: 1px solid #5fa8dc;\" scope=\"col\" valign=\"middle\">\u00a04<\/td>\n<\/tr>\n<tr>\n<td style=\"border: 1px solid #5fa8dc;\" scope=\"col\" valign=\"middle\">Arte y Literatura<\/td>\n<td style=\"border: 1px solid #5fa8dc;\" scope=\"col\" valign=\"middle\">1\u00b0CUATRIMESTRE<\/td>\n<td style=\"border: 1px solid #5fa8dc;\" scope=\"col\" valign=\"middle\">\u00a04<\/td>\n<\/tr>\n<tr>\n<td style=\"border: 1px solid #5fa8dc;\" scope=\"col\" valign=\"middle\">\u00c9tica y Deontolog\u00eda profesional<\/td>\n<td style=\"border: 1px solid #5fa8dc;\" scope=\"col\" valign=\"middle\">2\u00b0CUATRIMESTRE<\/td>\n<td style=\"border: 1px solid #5fa8dc;\" scope=\"col\" valign=\"middle\">\u00a06<\/td>\n<\/tr>\n<tr>\n<td style=\"border: 1px solid #5fa8dc;\" scope=\"col\" valign=\"middle\">Fundamentos de Econom\u00eda<\/td>\n<td style=\"border: 1px solid #5fa8dc;\" scope=\"col\" valign=\"middle\">2\u00b0CUATRIMESTRE<\/td>\n<td style=\"border: 1px solid #5fa8dc;\" scope=\"col\" valign=\"middle\">\u00a04<\/td>\n<\/tr>\n<tr>\n<td style=\"border: 1px solid #5fa8dc;\" scope=\"col\" valign=\"middle\">Taller de Comunicaci\u00f3n para el Desarrollo<\/td>\n<td style=\"border: 1px solid #5fa8dc;\" scope=\"col\" valign=\"middle\">2\u00b0CUATRIMESTRE<\/td>\n<td style=\"border: 1px solid #5fa8dc;\" scope=\"col\" valign=\"middle\">\u00a04<\/td>\n<\/tr>\n<tr>\n<td style=\"border: 1px solid #5fa8dc;\" scope=\"col\" valign=\"middle\"><span data-mce-mark=\"1\"><span data-mce-mark=\"1\"><span data-mce-mark=\"1\"><span data-mce-mark=\"1\"><span data-mce-mark=\"1\">Pensamiento Pol\u00edtico, Econ\u00f3mica y Social Contempor\u00e1neo<\/span><\/span><\/span><\/span><\/span><\/td>\n<td style=\"border: 1px solid #5fa8dc;\" scope=\"col\" valign=\"middle\">1\u00b0CUATRIMESTRE<\/td>\n<td style=\"border: 1px solid #5fa8dc;\" scope=\"col\" valign=\"middle\">\u00a04<\/td>\n<\/tr>\n<tr>\n<td style=\"border: 1px solid #5fa8dc;\" colspan=\"2\" scope=\"col\" valign=\"middle\"><\/td>\n<td style=\"border: 1px solid #5fa8dc;\" scope=\"col\" valign=\"middle\">TOTAL\u00a0<strong>40\u00a0<\/strong>HORAS<\/td>\n<\/tr>\n<\/tbody>\n<\/table>\n","protected":false},"excerpt":{"rendered":"<p>ESTABLECIMIENTO:\u00a0INSTITUTO SUPERIOR \u00abGOYA\u00bb DENOMINACI\u00d3N DE LA CARRERA:\u00a0\u00abTECNICATURA SUPERIOR EN COMUNICACI\u00d3N SOCIAL ORIENTADA AL DESARROLLO LOCAL\u00bb\u00a0 \u00a0 \u00a0 \u00a0\u00a0 DECRETO\/RESOLUCI\u00d3N:\u00a0RESOLUCION MINISTERIAL N\u00b0 827\/13 T\u00cdTULO QUE OTORGA:\u00a0\u00abT\u00c9CNICO SUPERIOR EN\u00a0COMUNICACI\u00d3N SOCIAL ORIENTADA AL DESARROLLO LOCAL\u00bb T\u00cdTULO INTERMEDIO: &#8212;&#8212;&#8212;&#8212;&#8212;&#8212;&#8212;&#8212;&#8212;&#8212;&#8212;&#8212;&#8212;&#8212;&#8212;&#8211; DURACI\u00d3N DE LA CARRERA:\u00a0TRES A\u00d1OS\u00a0 &nbsp; \u00a0 \u00a0 \u00a0 \u00a0 \u00a0 \u00a0 \u00a0 \u00a0 \u00a0 \u00a0 \u00a0 \u00a0 \u00a0 \u00a0 &#8230; <a title=\"Plan de Estudios Comunicaci\u00f3n Social\" class=\"read-more\" href=\"https:\/\/isgoya-crr.infd.edu.ar\/sitio\/plan-de-estudios-13\/\" aria-label=\"More on Plan de Estudios Comunicaci\u00f3n Social\">[+]<\/a><\/p>\n","protected":false},"author":2329,"featured_media":0,"parent":0,"menu_order":0,"comment_status":"closed","ping_status":"closed","template":"","meta":[],"acf":[],"_links":{"self":[{"href":"https:\/\/isgoya-crr.infd.edu.ar\/sitio\/wp-json\/wp\/v2\/pages\/1097"}],"collection":[{"href":"https:\/\/isgoya-crr.infd.edu.ar\/sitio\/wp-json\/wp\/v2\/pages"}],"about":[{"href":"https:\/\/isgoya-crr.infd.edu.ar\/sitio\/wp-json\/wp\/v2\/types\/page"}],"author":[{"embeddable":true,"href":"https:\/\/isgoya-crr.infd.edu.ar\/sitio\/wp-json\/wp\/v2\/users\/2329"}],"replies":[{"embeddable":true,"href":"https:\/\/isgoya-crr.infd.edu.ar\/sitio\/wp-json\/wp\/v2\/comments?post=1097"}],"version-history":[{"count":1,"href":"https:\/\/isgoya-crr.infd.edu.ar\/sitio\/wp-json\/wp\/v2\/pages\/1097\/revisions"}],"predecessor-version":[{"id":1199,"href":"https:\/\/isgoya-crr.infd.edu.ar\/sitio\/wp-json\/wp\/v2\/pages\/1097\/revisions\/1199"}],"wp:attachment":[{"href":"https:\/\/isgoya-crr.infd.edu.ar\/sitio\/wp-json\/wp\/v2\/media?parent=1097"}],"curies":[{"name":"wp","href":"https:\/\/api.w.org\/{rel}","templated":true}]}}