{"id":1103,"date":"2018-08-30T13:19:21","date_gmt":"2018-08-30T16:19:21","guid":{"rendered":"https:\/\/isgoya-crr.infd.edu.ar\/sitio\/plan-de-estudio-7\/"},"modified":"2018-11-21T20:12:21","modified_gmt":"2018-11-21T23:12:21","slug":"plan-de-estudio-7","status":"publish","type":"page","link":"https:\/\/isgoya-crr.infd.edu.ar\/sitio\/plan-de-estudio-7\/","title":{"rendered":"Plan de Estudio Bromatolog\u00eda"},"content":{"rendered":"<p>ESTABLECIMIENTO:\u00a0<span style=\"color: #3366ff;\" data-mce-mark=\"1\"><strong>INSTITUTO SUPERIOR \u00abGOYA\u00bb<\/strong><\/span><\/p>\n<p>DENOMINACI\u00d3N DE LA CARRERA:\u00a0<span style=\"color: #3366ff;\" data-mce-mark=\"1\">\u00abTECNICATURA SUPERIOR EN BROMATOLOG\u00cdA\u00bb\u00a0<\/span><strong><span data-mce-mark=\"1\"><span style=\"color: #3366ff;\" data-mce-mark=\"1\">\u00a0\u00a0<\/span> \u00a0<\/span>\u00a0\u00a0\u00a0<\/strong><\/p>\n<p>DECRETO\/RESOLUCI\u00d3N:\u00a0<span style=\"color: #3366ff;\" data-mce-mark=\"1\"><strong>RESOLUCION MINISTERIAL N\u00b0 170\/13<\/strong><\/span><\/p>\n<p>T\u00cdTULO QUE OTORGA:<span style=\"color: #3366ff;\" data-mce-mark=\"1\">\u00a0<span data-mce-mark=\"1\">\u00ab<strong>T\u00c9CNICO SUPERIOR EN\u00a0<strong>BROMATOLOG\u00cdA\u00bb<\/strong><\/strong><\/span><\/span><\/p>\n<p>T\u00cdTULO INTERMEDIO: &#8212;&#8212;&#8212;&#8212;&#8212;&#8212;&#8212;&#8212;&#8212;&#8212;&#8212;&#8212;&#8212;&#8212;&#8212;&#8211;<\/p>\n<p>DURACI\u00d3N DE LA CARRERA:\u00a0<span style=\"color: #3366ff;\" data-mce-mark=\"1\"><em>TRES A\u00d1OS\u00a0<\/em><\/span><\/p>\n<p>&nbsp;<\/p>\n<table border=\"0\">\n<tbody>\n<tr>\n<td style=\"background-color: #2983d5;\" align=\"center\" valign=\"middle\"><strong>\u00a0 \u00a0 \u00a0 \u00a0 \u00a0 \u00a0 \u00a0 \u00a0 \u00a0 \u00a0 \u00a0 \u00a0 \u00a0 \u00a0 \u00a0 \u00a0ASIGNATURAS \u00a0 \u00a0 \u00a0 \u00a0 \u00a0 \u00a0 \u00a0 \u00a0 \u00a0 \u00a0 \u00a0 \u00a0 \u00a0 \u00a0 \u00a0\u00a0<\/strong><\/td>\n<td style=\"background-color: #2983d5;\" align=\"center\" valign=\"middle\"><strong>\u00a0 \u00a0DURACION \u00a0<\/strong><\/td>\n<td style=\"background-color: #2983d5;\" align=\"center\" valign=\"middle\"><strong>\u00a0 \u00a0 HORAS \u00a0 \u00a0<\/strong><\/td>\n<\/tr>\n<tr>\n<td style=\"background-color: #2983d5;\" align=\"center\" valign=\"middle\"><strong>\u00a0<\/strong><\/td>\n<td style=\"background-color: #2983d5;\" align=\"center\" valign=\"middle\">\u00a0 \u00a0Cuatrimestral\/anual<strong>\u00a0 \u00a0\u00a0<\/strong><\/td>\n<td style=\"background-color: #2983d5;\" align=\"center\" valign=\"middle\"><strong>\u00a0<\/strong><\/td>\n<\/tr>\n<\/tbody>\n<\/table>\n<p><span data-mce-mark=\"1\"><strong><span data-mce-mark=\"1\">PRIMER A\u00d1O<\/span>\u00a0<\/strong><\/span><\/p>\n<table border=\"0\">\n<tbody>\n<tr>\n<td style=\"border: 1px solid #2983d5;\" scope=\"col\" valign=\"middle\"><span data-mce-mark=\"1\">Qu\u00edmica Gneral e Inorg\u00e1nica\u00a0 \u00a0 \u00a0 \u00a0 \u00a0 \u00a0 \u00a0 \u00a0 \u00a0 \u00a0 \u00a0 \u00a0 \u00a0 \u00a0 \u00a0 \u00a0 \u00a0 \u00a0 \u00a0 \u00a0<\/span><\/td>\n<td style=\"border: 1px solid #2983d5;\" scope=\"col\" valign=\"middle\">ANUAL<\/td>\n<td style=\"border: 1px solid #2983d5;\" scope=\"col\" valign=\"middle\">\u00a04<\/td>\n<\/tr>\n<tr>\n<td style=\"border: 1px solid #2983d5;\" scope=\"col\" valign=\"middle\">Microbiolog\u00eda General<\/td>\n<td style=\"border: 1px solid #2983d5;\" scope=\"col\" valign=\"middle\"><span data-mce-mark=\"1\">ANUAL<\/span><\/td>\n<td style=\"border: 1px solid #2983d5;\" scope=\"col\" valign=\"middle\">\u00a05<\/td>\n<\/tr>\n<tr>\n<td style=\"border: 1px solid #2983d5;\" scope=\"col\" valign=\"middle\">Laboratorio I<\/td>\n<td style=\"border: 1px solid #2983d5;\" scope=\"col\" valign=\"middle\"><span data-mce-mark=\"1\">1\u00baCUATRIMESTRE<\/span><\/td>\n<td style=\"border: 1px solid #2983d5;\" scope=\"col\" valign=\"middle\">\u00a04<\/td>\n<\/tr>\n<tr>\n<td style=\"border: 1px solid #2983d5;\" scope=\"col\" valign=\"middle\">Matem\u00e1tica Aplicada<\/td>\n<td style=\"border: 1px solid #2983d5;\" scope=\"col\" valign=\"middle\"><span data-mce-mark=\"1\">1\u00baCUATRIMESTRE<\/span><\/td>\n<td style=\"border: 1px solid #2983d5;\" scope=\"col\" valign=\"middle\">\u00a04<\/td>\n<\/tr>\n<tr>\n<td style=\"border: 1px solid #2983d5;\" scope=\"col\" valign=\"middle\">Tecnolog\u00eda de la Informaci\u00f3n y la Comunicaci\u00f3n<\/td>\n<td style=\"border: 1px solid #2983d5;\" scope=\"col\" valign=\"middle\"><span data-mce-mark=\"1\"><span data-mce-mark=\"1\">1\u00baCUATRIMESTRE<\/span>\u00a0\u00a0<\/span><\/td>\n<td style=\"border: 1px solid #2983d5;\" scope=\"col\" valign=\"middle\">\u00a04<\/td>\n<\/tr>\n<tr>\n<td style=\"border: 1px solid #2983d5;\" scope=\"col\" valign=\"middle\">F\u00edsica<\/td>\n<td style=\"border: 1px solid #2983d5;\" scope=\"col\" valign=\"middle\"><span data-mce-mark=\"1\">2\u00b0 CUATRIMESTRE<\/span><\/td>\n<td style=\"border: 1px solid #2983d5;\" scope=\"col\" valign=\"middle\">\u00a04<\/td>\n<\/tr>\n<tr>\n<td style=\"border: 1px solid #2983d5;\" scope=\"col\" valign=\"middle\">Los Alimentos<\/td>\n<td style=\"border: 1px solid #2983d5;\" scope=\"col\" valign=\"middle\">2\u00b0 CUATRIMESTRE<\/td>\n<td style=\"border: 1px solid #2983d5;\" scope=\"col\" valign=\"middle\">\u00a04<\/td>\n<\/tr>\n<tr>\n<td style=\"border: 1px solid #2983d5;\" scope=\"col\" valign=\"middle\">Cultura y Comunicaci\u00f3n Contempor\u00e1nea<\/td>\n<td style=\"border: 1px solid #2983d5;\" scope=\"col\" valign=\"middle\"><span data-mce-mark=\"1\">1\u00baCUATRIMESTRE<\/span><\/td>\n<td style=\"border: 1px solid #2983d5;\" scope=\"col\" valign=\"middle\">\u00a04<\/td>\n<\/tr>\n<tr>\n<td style=\"border: 1px solid #2983d5;\" scope=\"col\" valign=\"middle\"><span data-mce-mark=\"1\">Identidad y Desigualdad Sociocultural<\/span><\/td>\n<td style=\"border: 1px solid #2983d5;\" scope=\"col\" valign=\"middle\">2\u00b0 CUATRIMESTRE<\/td>\n<td style=\"border: 1px solid #2983d5;\" scope=\"col\" valign=\"middle\">\u00a04<\/td>\n<\/tr>\n<tr>\n<td style=\"border: 1px solid #2983d5;\" scope=\"col\" valign=\"middle\">Pr\u00e1ctica Profesionalizante I<\/td>\n<td style=\"border: 1px solid #2983d5;\" scope=\"col\" valign=\"middle\">2\u00b0 CUATRIMESTRE<\/td>\n<td style=\"border: 1px solid #2983d5;\" scope=\"col\" valign=\"middle\">\u00a06<\/td>\n<\/tr>\n<tr>\n<td style=\"border: 1px solid #2983d5;\" colspan=\"2\" scope=\"col\" valign=\"middle\"><\/td>\n<td style=\"border: 1px solid #2983d5;\" scope=\"col\" valign=\"middle\">TOTAL\u00a0<strong>43\u00a0<\/strong>HS<\/td>\n<\/tr>\n<\/tbody>\n<\/table>\n<p>&#8212;&#8212;&#8212;&#8212;&#8212;&#8212;&#8212;&#8212;&#8212;&#8212;&#8212;&#8212;&#8212;&#8212;&#8212;&#8212;&#8212;&#8212;&#8212;&#8212;&#8212;&#8212;&#8212;&#8212;&#8212;&#8212;&#8212;&#8212;&#8212;&#8212;&#8212;&#8212;&#8212;-<br \/>\n<span data-mce-mark=\"1\"><strong>SEGUNDO A\u00d1O<\/strong><\/span><\/p>\n<table border=\"0\">\n<tbody>\n<tr>\n<td style=\"border: 1px solid #2983d5;\" scope=\"col\" valign=\"middle\"><span data-mce-mark=\"1\">Qu\u00edmica Org\u00e1nica, Biol\u00f3gica\u00a0 \u00a0 \u00a0 \u00a0 \u00a0 \u00a0 \u00a0 \u00a0 \u00a0 \u00a0 \u00a0 \u00a0 \u00a0 \u00a0 \u00a0 \u00a0 \u00a0 \u00a0 \u00a0 \u00a0<\/span><\/td>\n<td style=\"border: 1px solid #2983d5;\" scope=\"col\" valign=\"middle\">ANUAL<\/td>\n<td style=\"border: 1px solid #2983d5;\" scope=\"col\" valign=\"middle\">\u00a04<\/td>\n<\/tr>\n<tr>\n<td style=\"border: 1px solid #2983d5;\" scope=\"col\" valign=\"middle\">Bromatolog\u00eda I<\/td>\n<td style=\"border: 1px solid #2983d5;\" scope=\"col\" valign=\"middle\">ANUAL<\/td>\n<td style=\"border: 1px solid #2983d5;\" scope=\"col\" valign=\"middle\">\u00a06<\/td>\n<\/tr>\n<tr>\n<td style=\"border: 1px solid #2983d5;\" scope=\"col\" valign=\"middle\">Microbiolog\u00eda de los Alimentos<\/td>\n<td style=\"border: 1px solid #2983d5;\" scope=\"col\" valign=\"middle\">1\u00b0 CUATRIMESTRE<\/td>\n<td style=\"border: 1px solid #2983d5;\" scope=\"col\" valign=\"middle\">\u00a05<\/td>\n<\/tr>\n<tr>\n<td style=\"border: 1px solid #2983d5;\" scope=\"col\" valign=\"middle\">Toxicolog\u00eda Alimentaria<\/td>\n<td style=\"border: 1px solid #2983d5;\" scope=\"col\" valign=\"middle\">1\u00b0 CUATRIMESTRE<\/td>\n<td style=\"border: 1px solid #2983d5;\" scope=\"col\" valign=\"middle\">\u00a04<\/td>\n<\/tr>\n<tr>\n<td style=\"border: 1px solid #2983d5;\" scope=\"col\" valign=\"middle\">Legislaci\u00f3n Alimentaria<\/td>\n<td style=\"border: 1px solid #2983d5;\" scope=\"col\" valign=\"middle\">2\u00b0 CUATRIMESTRE<\/td>\n<td style=\"border: 1px solid #2983d5;\" scope=\"col\" valign=\"middle\">\u00a04<\/td>\n<\/tr>\n<tr>\n<td style=\"border: 1px solid #2983d5;\" scope=\"col\" valign=\"middle\">Nutrici\u00f3n y Dietolog\u00eda<\/td>\n<td style=\"border: 1px solid #2983d5;\" scope=\"col\" valign=\"middle\">2\u00b0 CUATRIMESTRE<\/td>\n<td style=\"border: 1px solid #2983d5;\" scope=\"col\" valign=\"middle\">\u00a05<\/td>\n<\/tr>\n<tr>\n<td style=\"border: 1px solid #2983d5;\" scope=\"col\" valign=\"middle\"><span data-mce-mark=\"1\">Enfermedades de Transmisi\u00f3n por Alimentos<\/span><\/td>\n<td style=\"border: 1px solid #2983d5;\" scope=\"col\" valign=\"middle\">ANUAL<\/td>\n<td style=\"border: 1px solid #2983d5;\" scope=\"col\" valign=\"middle\">\u00a05<\/td>\n<\/tr>\n<tr>\n<td style=\"border: 1px solid #2983d5;\" scope=\"col\" valign=\"middle\"><span data-mce-mark=\"1\">Procesos Pol\u00edticos, Econ\u00f3micos y el Mundo del Trabajo \u00a0 \u00a0 \u00a0\u00a0<\/span><\/td>\n<td style=\"border: 1px solid #2983d5;\" scope=\"col\" valign=\"middle\">1\u00b0 CUATRIMESTRE<\/td>\n<td style=\"border: 1px solid #2983d5;\" scope=\"col\" valign=\"middle\">\u00a04<\/td>\n<\/tr>\n<tr>\n<td style=\"border: 1px solid #2983d5;\" scope=\"col\" valign=\"middle\"><span data-mce-mark=\"1\">Relaci\u00f3n Estado-Sociedad<\/span><\/td>\n<td style=\"border: 1px solid #2983d5;\" scope=\"col\" valign=\"middle\"><span data-mce-mark=\"1\">2\u00baCUATRIMESTRE<\/span><\/td>\n<td style=\"border: 1px solid #2983d5;\" scope=\"col\" valign=\"middle\">\u00a04<\/td>\n<\/tr>\n<tr>\n<td style=\"border: 1px solid #2983d5;\" scope=\"col\" valign=\"middle\"><span data-mce-mark=\"1\">Pr\u00e1ctica Profesionalizante II<\/span><\/td>\n<td style=\"border: 1px solid #2983d5;\" scope=\"col\" valign=\"middle\">ANUAL<\/td>\n<td style=\"border: 1px solid #2983d5;\" scope=\"col\" valign=\"middle\">\u00a08<\/td>\n<\/tr>\n<tr>\n<td style=\"border: 1px solid #2983d5;\" colspan=\"2\" scope=\"col\" valign=\"middle\"><\/td>\n<td style=\"border: 1px solid #2983d5;\" scope=\"col\" valign=\"middle\">TOTAL\u00a0<strong>49\u00a0<\/strong>HS<\/td>\n<\/tr>\n<\/tbody>\n<\/table>\n<p>&#8212;&#8212;&#8212;&#8212;&#8212;&#8212;&#8212;&#8212;&#8212;&#8212;&#8212;&#8212;&#8212;&#8212;&#8212;&#8212;&#8212;&#8212;&#8212;&#8212;&#8212;&#8212;&#8212;&#8212;&#8212;&#8212;&#8212;&#8212;&#8212;&#8212;&#8212;&#8212;&#8212;-<br \/>\n<span data-mce-mark=\"1\"><strong>TERCER A\u00d1O<\/strong><\/span><\/p>\n<table border=\"0\">\n<tbody>\n<tr>\n<td style=\"border: 1px solid #2983d5;\" scope=\"col\" valign=\"middle\"><span data-mce-mark=\"1\"><span data-mce-mark=\"1\"><span data-mce-mark=\"1\">Bromatolog\u00eda II\u00a0<\/span><\/span>\u00a0\u00a0\u00a0\u00a0\u00a0\u00a0\u00a0\u00a0\u00a0\u00a0\u00a0\u00a0\u00a0\u00a0\u00a0\u00a0\u00a0\u00a0\u00a0\u00a0\u00a0\u00a0\u00a0\u00a0\u00a0\u00a0\u00a0\u00a0\u00a0\u00a0\u00a0\u00a0\u00a0\u00a0\u00a0\u00a0\u00a0\u00a0\u00a0\u00a0\u00a0\u00a0<\/span><\/td>\n<td style=\"border: 1px solid #2983d5;\" scope=\"col\" valign=\"middle\">ANUAL<\/td>\n<td style=\"border: 1px solid #2983d5;\" scope=\"col\" valign=\"middle\">\u00a06<\/td>\n<\/tr>\n<tr>\n<td style=\"border: 1px solid #2983d5;\" scope=\"col\" valign=\"middle\">Gesti\u00f3n de la Calidad<\/td>\n<td style=\"border: 1px solid #2983d5;\" scope=\"col\" valign=\"middle\">1\u00b0CUATRIMESTRE<\/td>\n<td style=\"border: 1px solid #2983d5;\" scope=\"col\" valign=\"middle\">\u00a04<\/td>\n<\/tr>\n<tr>\n<td style=\"border: 1px solid #2983d5;\" scope=\"col\" valign=\"middle\">Ingl\u00e9s T\u00e9cnico<\/td>\n<td style=\"border: 1px solid #2983d5;\" scope=\"col\" valign=\"middle\">2\u00b0CUATRIMESTRE<\/td>\n<td style=\"border: 1px solid #2983d5;\" scope=\"col\" valign=\"middle\">\u00a04<\/td>\n<\/tr>\n<tr>\n<td style=\"border: 1px solid #2983d5;\" scope=\"col\" valign=\"middle\">Organizaci\u00f3n y Gesti\u00f3n de Empresas Alimenticias<\/td>\n<td style=\"border: 1px solid #2983d5;\" scope=\"col\" valign=\"middle\">1\u00b0CUATRIMESTRE<\/td>\n<td style=\"border: 1px solid #2983d5;\" scope=\"col\" valign=\"middle\">\u00a04<\/td>\n<\/tr>\n<tr>\n<td style=\"border: 1px solid #2983d5;\" scope=\"col\" valign=\"middle\">Salud P\u00fablica<\/td>\n<td style=\"border: 1px solid #2983d5;\" scope=\"col\" valign=\"middle\">ANUAL<\/td>\n<td style=\"border: 1px solid #2983d5;\" scope=\"col\" valign=\"middle\">\u00a04<\/td>\n<\/tr>\n<tr>\n<td style=\"border: 1px solid #2983d5;\" scope=\"col\" valign=\"middle\">Higiene y Seguridad del Medio Ambiente<\/td>\n<td style=\"border: 1px solid #2983d5;\" scope=\"col\" valign=\"middle\">2\u00b0CUATRIMESTRE<\/td>\n<td style=\"border: 1px solid #2983d5;\" scope=\"col\" valign=\"middle\">\u00a04<\/td>\n<\/tr>\n<tr>\n<td style=\"border: 1px solid #2983d5;\" scope=\"col\" valign=\"middle\">Laboratorio II<\/td>\n<td style=\"border: 1px solid #2983d5;\" scope=\"col\" valign=\"middle\">ANUAL<\/td>\n<td style=\"border: 1px solid #2983d5;\" scope=\"col\" valign=\"middle\">\u00a04<\/td>\n<\/tr>\n<tr>\n<td style=\"border: 1px solid #2983d5;\" scope=\"col\" valign=\"middle\">Pr\u00e1ctica Profesionalizante III<\/td>\n<td style=\"border: 1px solid #2983d5;\" scope=\"col\" valign=\"middle\">ANUAL<\/td>\n<td style=\"border: 1px solid #2983d5;\" scope=\"col\" valign=\"middle\">\u00a010<\/td>\n<\/tr>\n<tr>\n<td style=\"border: 1px solid #2983d5;\" colspan=\"2\" scope=\"col\" valign=\"middle\"><\/td>\n<td style=\"border: 1px solid #2983d5;\" scope=\"col\" valign=\"middle\">TOTAL\u00a0<strong>40\u00a0<\/strong>HS<\/td>\n<\/tr>\n<\/tbody>\n<\/table>\n","protected":false},"excerpt":{"rendered":"<p>ESTABLECIMIENTO:\u00a0INSTITUTO SUPERIOR \u00abGOYA\u00bb DENOMINACI\u00d3N DE LA CARRERA:\u00a0\u00abTECNICATURA SUPERIOR EN BROMATOLOG\u00cdA\u00bb\u00a0\u00a0\u00a0 \u00a0\u00a0\u00a0\u00a0 DECRETO\/RESOLUCI\u00d3N:\u00a0RESOLUCION MINISTERIAL N\u00b0 170\/13 T\u00cdTULO QUE OTORGA:\u00a0\u00abT\u00c9CNICO SUPERIOR EN\u00a0BROMATOLOG\u00cdA\u00bb T\u00cdTULO INTERMEDIO: &#8212;&#8212;&#8212;&#8212;&#8212;&#8212;&#8212;&#8212;&#8212;&#8212;&#8212;&#8212;&#8212;&#8212;&#8212;&#8211; DURACI\u00d3N DE LA CARRERA:\u00a0TRES A\u00d1OS\u00a0 &nbsp; \u00a0 \u00a0 \u00a0 \u00a0 \u00a0 \u00a0 \u00a0 \u00a0 \u00a0 \u00a0 \u00a0 \u00a0 \u00a0 \u00a0 \u00a0 \u00a0ASIGNATURAS \u00a0 \u00a0 \u00a0 \u00a0 \u00a0 \u00a0 \u00a0 \u00a0 \u00a0 \u00a0 &#8230; <a title=\"Plan de Estudio Bromatolog\u00eda\" class=\"read-more\" href=\"https:\/\/isgoya-crr.infd.edu.ar\/sitio\/plan-de-estudio-7\/\" aria-label=\"More on Plan de Estudio Bromatolog\u00eda\">[+]<\/a><\/p>\n","protected":false},"author":2329,"featured_media":0,"parent":0,"menu_order":0,"comment_status":"closed","ping_status":"closed","template":"","meta":[],"acf":[],"_links":{"self":[{"href":"https:\/\/isgoya-crr.infd.edu.ar\/sitio\/wp-json\/wp\/v2\/pages\/1103"}],"collection":[{"href":"https:\/\/isgoya-crr.infd.edu.ar\/sitio\/wp-json\/wp\/v2\/pages"}],"about":[{"href":"https:\/\/isgoya-crr.infd.edu.ar\/sitio\/wp-json\/wp\/v2\/types\/page"}],"author":[{"embeddable":true,"href":"https:\/\/isgoya-crr.infd.edu.ar\/sitio\/wp-json\/wp\/v2\/users\/2329"}],"replies":[{"embeddable":true,"href":"https:\/\/isgoya-crr.infd.edu.ar\/sitio\/wp-json\/wp\/v2\/comments?post=1103"}],"version-history":[{"count":1,"href":"https:\/\/isgoya-crr.infd.edu.ar\/sitio\/wp-json\/wp\/v2\/pages\/1103\/revisions"}],"predecessor-version":[{"id":1213,"href":"https:\/\/isgoya-crr.infd.edu.ar\/sitio\/wp-json\/wp\/v2\/pages\/1103\/revisions\/1213"}],"wp:attachment":[{"href":"https:\/\/isgoya-crr.infd.edu.ar\/sitio\/wp-json\/wp\/v2\/media?parent=1103"}],"curies":[{"name":"wp","href":"https:\/\/api.w.org\/{rel}","templated":true}]}}