{"id":1121,"date":"2018-08-30T13:19:27","date_gmt":"2018-08-30T16:19:27","guid":{"rendered":"https:\/\/isgoya-crr.infd.edu.ar\/sitio\/plan-de-estudio-9\/"},"modified":"2018-11-21T20:11:57","modified_gmt":"2018-11-21T23:11:57","slug":"plan-de-estudio-9","status":"publish","type":"page","link":"https:\/\/isgoya-crr.infd.edu.ar\/sitio\/plan-de-estudio-9\/","title":{"rendered":"Plan de Estudio F\u00edsica"},"content":{"rendered":"<p>STABLECIMIENTO:\u00a0<span style=\"background-color: #77a552;\"><strong>INSTITUTO SUPERIOR \u00abGOYA\u00bb<\/strong><\/span><\/p>\n<p>DENOMINACI\u00d3N DE LA CARRERA:\u00a0<span style=\"color: #77a552;\"><strong>\u00abPROFESORADO\u00a0DE EDUCACI\u00d3N SECUNDARIA EN F\u00cdSICA\u00bb<\/strong><\/span><\/p>\n<p>DECRETO\/RESOLUCI\u00d3N:\u00a0<strong>RESOLUCI\u00d3N N\u00b0 4169\/16<\/strong><\/p>\n<p>T\u00cdTULO QUE OTORGA:\u00a0<strong><span style=\"color: #77a552;\"><em>PROFESOR\/A\u00a0DE EDUCACI\u00d3N SECUNDARIA EN F\u00cdSICA<\/em><\/span><\/strong><\/p>\n<p>T\u00cdTULO INTERMEDIO: &#8212;&#8212;&#8212;&#8212;&#8212;&#8212;&#8212;&#8212;&#8212;&#8212;&#8212;&#8211;<\/p>\n<p>DURACI\u00d3N DE LA CARRERA:\u00a0<em><strong>CUATRO A\u00d1OS<\/strong><\/em><\/p>\n<p><strong>\u00a0<\/strong><\/p>\n<table border=\"0\">\n<thead>\n<tr>\n<td style=\"border: 1px solid #77a552; background-color: #77a552;\" colspan=\"4\" scope=\"col\" valign=\"middle\"><strong>PRIMER A\u00d1O<\/strong><\/td>\n<\/tr>\n<tr>\n<td style=\"border: 1px solid #77a552; text-align: center;\" scope=\"col\" valign=\"middle\">\u00a0<strong> Unidad curricular<\/strong><\/td>\n<td style=\"border: 1px solid #77a552; text-align: center;\" scope=\"col\" valign=\"middle\">\u00a0<strong>\u00a0R\u00e9gimen\u00a0<\/strong><\/td>\n<td style=\"border: 1px solid #77a552; text-align: center;\" scope=\"col\" valign=\"middle\"><strong>\u00a0Formato<\/strong><\/td>\n<td style=\"border: 1px solid #77a552;\" scope=\"col\" valign=\"middle\">\n<p style=\"text-align: center;\"><strong>Horas<\/strong><\/p>\n<p style=\"text-align: center;\"><strong> Did\u00e1cticas<\/strong><\/p>\n<\/td>\n<\/tr>\n<\/thead>\n<tbody>\n<tr>\n<td style=\"border: 1px solid #77a552;\" scope=\"col\" valign=\"middle\">\n<div>\n<div>Pedagog\u00eda<\/div>\n<\/div>\n<\/td>\n<td style=\"border: 1px solid #77a552;\" scope=\"col\" valign=\"middle\">Cuatrimestral<\/td>\n<td style=\"border: 1px solid #77a552;\" scope=\"col\" valign=\"middle\">\n<div>Materia<\/div>\n<\/td>\n<td style=\"border: 1px solid #77a552;\" scope=\"col\" valign=\"middle\">6<\/td>\n<\/tr>\n<tr>\n<td style=\"border: 1px solid #77a552;\" scope=\"col\" valign=\"middle\">\n<div>\n<div>Psicolog\u00eda Educacional<\/div>\n<\/div>\n<\/td>\n<td style=\"border: 1px solid #77a552;\" scope=\"col\" valign=\"middle\">Cuatrimestral<\/td>\n<td style=\"border: 1px solid #77a552;\" scope=\"col\" valign=\"middle\">\n<div>Materia<\/div>\n<\/td>\n<td style=\"border: 1px solid #77a552;\" scope=\"col\" valign=\"middle\">6<\/td>\n<\/tr>\n<tr>\n<td style=\"border: 1px solid #77a552;\" scope=\"col\" valign=\"middle\">\n<div>\n<div>Did\u00e1ctica General<\/div>\n<\/div>\n<\/td>\n<td style=\"border: 1px solid #77a552;\" scope=\"col\" valign=\"middle\">Anual<\/td>\n<td style=\"border: 1px solid #77a552;\" scope=\"col\" valign=\"middle\">\n<div>Materia<\/div>\n<\/td>\n<td style=\"border: 1px solid #77a552;\" scope=\"col\" valign=\"middle\">4<\/td>\n<\/tr>\n<tr>\n<td style=\"border: 1px solid #77a552;\" scope=\"col\" valign=\"middle\">\n<div>\n<div>Lectura y Escritura Acad\u00e9mica<\/div>\n<\/div>\n<\/td>\n<td style=\"border: 1px solid #77a552;\" scope=\"col\" valign=\"middle\">Anual<\/td>\n<td style=\"border: 1px solid #77a552;\" scope=\"col\" valign=\"middle\">\n<div>Taller<\/div>\n<\/td>\n<td style=\"border: 1px solid #77a552;\" scope=\"col\" valign=\"middle\">3<\/td>\n<\/tr>\n<tr>\n<td style=\"border: 1px solid #77a552;\" scope=\"col\" valign=\"middle\">\n<div>\n<div>F\u00edsica Mec\u00e1nica<\/div>\n<\/div>\n<\/td>\n<td style=\"border: 1px solid #77a552;\" scope=\"col\" valign=\"middle\">Anual<\/td>\n<td style=\"border: 1px solid #77a552;\" scope=\"col\" valign=\"middle\">\n<div>Materia<\/div>\n<\/td>\n<td style=\"border: 1px solid #77a552;\" scope=\"col\" valign=\"middle\">6<\/td>\n<\/tr>\n<tr>\n<td style=\"border: 1px solid #77a552;\" scope=\"col\" valign=\"middle\">Algebra y Geometr\u00eda Anal\u00edtica<\/td>\n<td style=\"border: 1px solid #77a552;\" scope=\"col\" valign=\"middle\">Anual<\/td>\n<td style=\"border: 1px solid #77a552;\" scope=\"col\" valign=\"middle\">Materia<\/td>\n<td style=\"border: 1px solid #77a552;\" scope=\"col\" valign=\"middle\">6<\/td>\n<\/tr>\n<tr>\n<td style=\"border: 1px solid #77a552;\" scope=\"col\" valign=\"middle\">Qu\u00edmica General<\/td>\n<td style=\"border: 1px solid #77a552;\" scope=\"col\" valign=\"middle\">Anual<\/td>\n<td style=\"border: 1px solid #77a552;\" scope=\"col\" valign=\"middle\">Materia<\/td>\n<td style=\"border: 1px solid #77a552;\" scope=\"col\" valign=\"middle\">6<\/td>\n<\/tr>\n<tr>\n<td style=\"border: 1px solid #77a552;\" scope=\"col\" valign=\"middle\">Pr\u00e1ctica Docente I<\/td>\n<td style=\"border: 1px solid #77a552;\" scope=\"col\" valign=\"middle\">Anual<\/td>\n<td style=\"border: 1px solid #77a552;\" scope=\"col\" valign=\"middle\">Taller<\/td>\n<td style=\"border: 1px solid #77a552;\" scope=\"col\" valign=\"middle\">3<\/td>\n<\/tr>\n<tr>\n<td style=\"border: 1px solid #77a552; background-color: #77a552;\" colspan=\"4\" scope=\"col\" valign=\"middle\"><strong>SEGUNDO A\u00d1O<\/strong><\/td>\n<\/tr>\n<tr>\n<td style=\"border: 1px solid #77a552;\" scope=\"col\" valign=\"middle\">Filosof\u00eda de la Educaci\u00f3n<\/td>\n<td style=\"border: 1px solid #77a552;\" scope=\"col\" valign=\"middle\">Cuatrimestral<\/td>\n<td style=\"border: 1px solid #77a552;\" scope=\"col\" valign=\"middle\">Materia<\/td>\n<td style=\"border: 1px solid #77a552;\" scope=\"col\" valign=\"middle\">4<\/td>\n<\/tr>\n<tr>\n<td style=\"border: 1px solid #77a552;\" scope=\"col\" valign=\"middle\">Tecnolog\u00edas de la Informaci\u00f3n y la Comunicaci\u00f3n<\/td>\n<td style=\"border: 1px solid #77a552;\" scope=\"col\" valign=\"middle\">Cuatrimestral<\/td>\n<td style=\"border: 1px solid #77a552;\" scope=\"col\" valign=\"middle\">Taller<\/td>\n<td style=\"border: 1px solid #77a552;\" scope=\"col\" valign=\"middle\">6<\/td>\n<\/tr>\n<tr>\n<td style=\"border: 1px solid #77a552;\" scope=\"col\" valign=\"middle\">Sociolog\u00eda de la Educaci\u00f3n<\/td>\n<td style=\"border: 1px solid #77a552;\" scope=\"col\" valign=\"middle\">Cuatrimestral<\/td>\n<td style=\"border: 1px solid #77a552;\" scope=\"col\" valign=\"middle\">Materia<\/td>\n<td style=\"border: 1px solid #77a552;\" scope=\"col\" valign=\"middle\">6<\/td>\n<\/tr>\n<tr>\n<td style=\"border: 1px solid #77a552;\" scope=\"col\" valign=\"middle\">Historia Argentina y Latinoamericana<\/td>\n<td style=\"border: 1px solid #77a552;\" scope=\"col\" valign=\"middle\">Cuatrimestral<\/td>\n<td style=\"border: 1px solid #77a552;\" scope=\"col\" valign=\"middle\">Materia<\/td>\n<td style=\"border: 1px solid #77a552;\" scope=\"col\" valign=\"middle\">4<\/td>\n<\/tr>\n<tr>\n<td style=\"border: 1px solid #77a552;\" scope=\"col\" valign=\"middle\">Termodin\u00e1mica<\/td>\n<td style=\"border: 1px solid #77a552;\" scope=\"col\" valign=\"middle\">Anual<\/td>\n<td style=\"border: 1px solid #77a552;\" scope=\"col\" valign=\"middle\">Materia<\/td>\n<td style=\"border: 1px solid #77a552;\" scope=\"col\" valign=\"middle\">4<\/td>\n<\/tr>\n<tr>\n<td style=\"border: 1px solid #77a552;\" scope=\"col\" valign=\"middle\">F\u00edsica de los Fluidos<\/td>\n<td style=\"border: 1px solid #77a552;\" scope=\"col\" valign=\"middle\">Anual<\/td>\n<td style=\"border: 1px solid #77a552;\" scope=\"col\" valign=\"middle\">Materia<\/td>\n<td style=\"border: 1px solid #77a552;\" scope=\"col\" valign=\"middle\">4<\/td>\n<\/tr>\n<tr>\n<td style=\"border: 1px solid #77a552;\" scope=\"col\" valign=\"middle\">An\u00e1lisis Matem\u00e1tico<\/td>\n<td style=\"border: 1px solid #77a552;\" scope=\"col\" valign=\"middle\">Anual<\/td>\n<td style=\"border: 1px solid #77a552;\" scope=\"col\" valign=\"middle\">Materia<\/td>\n<td style=\"border: 1px solid #77a552;\" scope=\"col\" valign=\"middle\">6<\/td>\n<\/tr>\n<tr>\n<td style=\"border: 1px solid #77a552;\" scope=\"col\" valign=\"middle\">Astronom\u00eda<\/td>\n<td style=\"border: 1px solid #77a552;\" scope=\"col\" valign=\"middle\">Cuatrimestral<\/td>\n<td style=\"border: 1px solid #77a552;\" scope=\"col\" valign=\"middle\">Taller<\/td>\n<td style=\"border: 1px solid #77a552;\" scope=\"col\" valign=\"middle\">3<\/td>\n<\/tr>\n<tr>\n<td style=\"border: 1px solid #77a552;\" scope=\"col\" valign=\"middle\">El Sujeto de la Educaci\u00f3n Secundaria<\/td>\n<td style=\"border: 1px solid #77a552;\" scope=\"col\" valign=\"middle\">Anual<\/td>\n<td style=\"border: 1px solid #77a552;\" scope=\"col\" valign=\"middle\">Materia<\/td>\n<td style=\"border: 1px solid #77a552;\" scope=\"col\" valign=\"middle\">3<\/td>\n<\/tr>\n<tr>\n<td style=\"border: 1px solid #77a552;\" scope=\"col\" valign=\"middle\">Did\u00e1ctica de la F\u00edsica<\/td>\n<td style=\"border: 1px solid #77a552;\" scope=\"col\" valign=\"middle\">Cuatrimestral<\/td>\n<td style=\"border: 1px solid #77a552;\" scope=\"col\" valign=\"middle\">Materia<\/td>\n<td style=\"border: 1px solid #77a552;\" scope=\"col\" valign=\"middle\">4<\/td>\n<\/tr>\n<tr>\n<td style=\"border: 1px solid #77a552;\" scope=\"col\" valign=\"middle\">Pr\u00e1ctica Docente II<\/td>\n<td style=\"border: 1px solid #77a552;\" scope=\"col\" valign=\"middle\">Anual<\/td>\n<td style=\"border: 1px solid #77a552;\" scope=\"col\" valign=\"middle\">Taller<\/td>\n<td style=\"border: 1px solid #77a552;\" scope=\"col\" valign=\"middle\">4<\/td>\n<\/tr>\n<tr>\n<td style=\"border: 1px solid #77a552; background-color: #77a552;\" colspan=\"4\" scope=\"col\" valign=\"middle\"><strong>TERCER A\u00d1O<\/strong><\/td>\n<\/tr>\n<tr>\n<td style=\"border: 1px solid #77a552;\" scope=\"col\" valign=\"middle\">Historia y Pol\u00edtica de la Educaci\u00f3n Argentina<\/td>\n<td style=\"border: 1px solid #77a552;\" scope=\"col\" valign=\"middle\">Cuatrimestral<\/td>\n<td style=\"border: 1px solid #77a552;\" scope=\"col\" valign=\"middle\">Materia<\/td>\n<td style=\"border: 1px solid #77a552;\" scope=\"col\" valign=\"middle\">4<\/td>\n<\/tr>\n<tr>\n<td style=\"border: 1px solid #77a552;\" scope=\"col\" valign=\"middle\">Lengua Extranjera (Portugu\u00e9s)<\/td>\n<td style=\"border: 1px solid #77a552;\" scope=\"col\" valign=\"middle\">Cuatrimestral<\/td>\n<td style=\"border: 1px solid #77a552;\" scope=\"col\" valign=\"middle\">Taller<\/td>\n<td style=\"border: 1px solid #77a552;\" scope=\"col\" valign=\"middle\">3<\/td>\n<\/tr>\n<tr>\n<td style=\"border: 1px solid #77a552;\" scope=\"col\" valign=\"middle\">Psicolog\u00eda del Adolescente<\/td>\n<td style=\"border: 1px solid #77a552;\" scope=\"col\" valign=\"middle\">Cuatrimestral<\/td>\n<td style=\"border: 1px solid #77a552;\" scope=\"col\" valign=\"middle\">Materia<\/td>\n<td style=\"border: 1px solid #77a552;\" scope=\"col\" valign=\"middle\">3<\/td>\n<\/tr>\n<tr>\n<td style=\"border: 1px solid #77a552;\" scope=\"col\" valign=\"middle\">Electricidad y Magnetismo<\/td>\n<td style=\"border: 1px solid #77a552;\" scope=\"col\" valign=\"middle\">Anual<\/td>\n<td style=\"border: 1px solid #77a552;\" scope=\"col\" valign=\"middle\">Materia<\/td>\n<td style=\"border: 1px solid #77a552;\" scope=\"col\" valign=\"middle\">6<\/td>\n<\/tr>\n<tr>\n<td style=\"border: 1px solid #77a552;\" scope=\"col\" valign=\"middle\">Fen\u00f3menos Ondulatorios<\/td>\n<td style=\"border: 1px solid #77a552;\" scope=\"col\" valign=\"middle\">Anual<\/td>\n<td style=\"border: 1px solid #77a552;\" scope=\"col\" valign=\"middle\">Materia<\/td>\n<td style=\"border: 1px solid #77a552;\" scope=\"col\" valign=\"middle\">6<\/td>\n<\/tr>\n<tr>\n<td style=\"border: 1px solid #77a552;\" scope=\"col\" valign=\"middle\">Ciencias de la Tierra<\/td>\n<td style=\"border: 1px solid #77a552;\" scope=\"col\" valign=\"middle\">Cuatrimestral<\/td>\n<td style=\"border: 1px solid #77a552;\" scope=\"col\" valign=\"middle\">Taller<\/td>\n<td style=\"border: 1px solid #77a552;\" scope=\"col\" valign=\"middle\">3<\/td>\n<\/tr>\n<tr>\n<td style=\"border: 1px solid #77a552;\" scope=\"col\" valign=\"middle\">Epistemolog\u00eda e Historia de la F\u00edsica<\/td>\n<td style=\"border: 1px solid #77a552;\" scope=\"col\" valign=\"middle\">Anual<\/td>\n<td style=\"border: 1px solid #77a552;\" scope=\"col\" valign=\"middle\">Materia<\/td>\n<td style=\"border: 1px solid #77a552;\" scope=\"col\" valign=\"middle\">3<\/td>\n<\/tr>\n<tr>\n<td style=\"border: 1px solid #77a552;\" scope=\"col\" valign=\"middle\">Educaci\u00f3n Sexual Integral<\/td>\n<td style=\"border: 1px solid #77a552;\" scope=\"col\" valign=\"middle\">Cuatrimestral<\/td>\n<td style=\"border: 1px solid #77a552;\" scope=\"col\" valign=\"middle\">Taller<\/td>\n<td style=\"border: 1px solid #77a552;\" scope=\"col\" valign=\"middle\">3<\/td>\n<\/tr>\n<tr>\n<td style=\"border: 1px solid #77a552;\" scope=\"col\" valign=\"middle\">Metodolog\u00eda de la Investigaci\u00f3n<\/td>\n<td style=\"border: 1px solid #77a552;\" scope=\"col\" valign=\"middle\">Cuatrimestral<\/td>\n<td style=\"border: 1px solid #77a552;\" scope=\"col\" valign=\"middle\">Taller<\/td>\n<td style=\"border: 1px solid #77a552;\" scope=\"col\" valign=\"middle\">4<\/td>\n<\/tr>\n<tr>\n<td style=\"border: 1px solid #77a552;\" scope=\"col\" valign=\"middle\">Tecnolog\u00edas de la Informaci\u00f3n y la Comunicaci\u00f3n<\/td>\n<td style=\"border: 1px solid #77a552;\" scope=\"col\" valign=\"middle\">Cuatrimestral<\/td>\n<td style=\"border: 1px solid #77a552;\" scope=\"col\" valign=\"middle\">Taller<\/td>\n<td style=\"border: 1px solid #77a552;\" scope=\"col\" valign=\"middle\">4<\/td>\n<\/tr>\n<tr>\n<td style=\"border: 1px solid #77a552;\" scope=\"col\" valign=\"middle\">Propuesta o Variable Complementaria 1<\/td>\n<td style=\"border: 1px solid #77a552;\" scope=\"col\" valign=\"middle\">Cuatrimestral<\/td>\n<td style=\"border: 1px solid #77a552;\" scope=\"col\" valign=\"middle\">Taller<\/td>\n<td style=\"border: 1px solid #77a552;\" scope=\"col\" valign=\"middle\">3<\/td>\n<\/tr>\n<tr>\n<td style=\"border: 1px solid #77a552;\" scope=\"col\" valign=\"middle\">Pr\u00e1ctica Docente III<\/td>\n<td style=\"border: 1px solid #77a552;\" scope=\"col\" valign=\"middle\">Anual<\/td>\n<td style=\"border: 1px solid #77a552;\" scope=\"col\" valign=\"middle\">Taller<\/td>\n<td style=\"border: 1px solid #77a552;\" scope=\"col\" valign=\"middle\">6<\/td>\n<\/tr>\n<tr>\n<td style=\"border: 1px solid #77a552; background-color: #77a552;\" colspan=\"4\" scope=\"col\" valign=\"middle\"><strong>CUARTO A\u00d1O<\/strong><\/td>\n<\/tr>\n<tr>\n<td style=\"border: 1px solid #77a552;\" scope=\"col\" valign=\"middle\">\u00c9tica y Ciudadan\u00eda<\/td>\n<td style=\"border: 1px solid #77a552;\" scope=\"col\" valign=\"middle\">Cuatrimestral<\/td>\n<td style=\"border: 1px solid #77a552;\" scope=\"col\" valign=\"middle\">Materia<\/td>\n<td style=\"border: 1px solid #77a552;\" scope=\"col\" valign=\"middle\">6<\/td>\n<\/tr>\n<tr>\n<td style=\"border: 1px solid #77a552;\" scope=\"col\" valign=\"middle\">F\u00edsica Moderna<\/td>\n<td style=\"border: 1px solid #77a552;\" scope=\"col\" valign=\"middle\">Anual<\/td>\n<td style=\"border: 1px solid #77a552;\" scope=\"col\" valign=\"middle\">Materia<\/td>\n<td style=\"border: 1px solid #77a552;\" scope=\"col\" valign=\"middle\">6<\/td>\n<\/tr>\n<tr>\n<td style=\"border: 1px solid #77a552;\" scope=\"col\" valign=\"middle\">Ciencias F\u00edsicas y su influencia en la sociedad<\/td>\n<td style=\"border: 1px solid #77a552;\" scope=\"col\" valign=\"middle\">Anual<\/td>\n<td style=\"border: 1px solid #77a552;\" scope=\"col\" valign=\"middle\">Seminario<\/td>\n<td style=\"border: 1px solid #77a552;\" scope=\"col\" valign=\"middle\">3<\/td>\n<\/tr>\n<tr>\n<td style=\"border: 1px solid #77a552;\" scope=\"col\" valign=\"middle\">Investigaci\u00f3n Did\u00e1ctica-Disciplinar<\/td>\n<td style=\"border: 1px solid #77a552;\" scope=\"col\" valign=\"middle\">Cuatrimestral<\/td>\n<td style=\"border: 1px solid #77a552;\" scope=\"col\" valign=\"middle\">Trabajo de campo<\/td>\n<td style=\"border: 1px solid #77a552;\" scope=\"col\" valign=\"middle\">4<\/td>\n<\/tr>\n<tr>\n<td style=\"border: 1px solid #77a552;\" scope=\"col\" valign=\"middle\">Propuesta o variable complementaria 2<\/td>\n<td style=\"border: 1px solid #77a552;\" scope=\"col\" valign=\"middle\">Cuatrimestral<\/td>\n<td style=\"border: 1px solid #77a552;\" scope=\"col\" valign=\"middle\">Ateneo<\/td>\n<td style=\"border: 1px solid #77a552;\" scope=\"col\" valign=\"middle\">3<\/td>\n<\/tr>\n<tr>\n<td style=\"border: 1px solid #77a552;\" scope=\"col\" valign=\"middle\">Pr\u00e1ctica Docente IV<\/td>\n<td style=\"border: 1px solid #77a552;\" scope=\"col\" valign=\"middle\">Anual<\/td>\n<td style=\"border: 1px solid #77a552;\" scope=\"col\" valign=\"middle\">Taller<\/td>\n<td style=\"border: 1px solid #77a552;\" scope=\"col\" valign=\"middle\">12<\/td>\n<\/tr>\n<\/tbody>\n<\/table>\n","protected":false},"excerpt":{"rendered":"<p>STABLECIMIENTO:\u00a0INSTITUTO SUPERIOR \u00abGOYA\u00bb DENOMINACI\u00d3N DE LA CARRERA:\u00a0\u00abPROFESORADO\u00a0DE EDUCACI\u00d3N SECUNDARIA EN F\u00cdSICA\u00bb DECRETO\/RESOLUCI\u00d3N:\u00a0RESOLUCI\u00d3N N\u00b0 4169\/16 T\u00cdTULO QUE OTORGA:\u00a0PROFESOR\/A\u00a0DE EDUCACI\u00d3N SECUNDARIA EN F\u00cdSICA T\u00cdTULO INTERMEDIO: &#8212;&#8212;&#8212;&#8212;&#8212;&#8212;&#8212;&#8212;&#8212;&#8212;&#8212;&#8211; DURACI\u00d3N DE LA CARRERA:\u00a0CUATRO A\u00d1OS \u00a0 PRIMER A\u00d1O \u00a0 Unidad curricular \u00a0\u00a0R\u00e9gimen\u00a0 \u00a0Formato Horas Did\u00e1cticas Pedagog\u00eda Cuatrimestral Materia 6 Psicolog\u00eda Educacional Cuatrimestral Materia 6 Did\u00e1ctica General Anual Materia 4 Lectura y &#8230; <a title=\"Plan de Estudio F\u00edsica\" class=\"read-more\" href=\"https:\/\/isgoya-crr.infd.edu.ar\/sitio\/plan-de-estudio-9\/\" aria-label=\"More on Plan de Estudio F\u00edsica\">[+]<\/a><\/p>\n","protected":false},"author":2329,"featured_media":0,"parent":0,"menu_order":0,"comment_status":"closed","ping_status":"closed","template":"","meta":[],"acf":[],"_links":{"self":[{"href":"https:\/\/isgoya-crr.infd.edu.ar\/sitio\/wp-json\/wp\/v2\/pages\/1121"}],"collection":[{"href":"https:\/\/isgoya-crr.infd.edu.ar\/sitio\/wp-json\/wp\/v2\/pages"}],"about":[{"href":"https:\/\/isgoya-crr.infd.edu.ar\/sitio\/wp-json\/wp\/v2\/types\/page"}],"author":[{"embeddable":true,"href":"https:\/\/isgoya-crr.infd.edu.ar\/sitio\/wp-json\/wp\/v2\/users\/2329"}],"replies":[{"embeddable":true,"href":"https:\/\/isgoya-crr.infd.edu.ar\/sitio\/wp-json\/wp\/v2\/comments?post=1121"}],"version-history":[{"count":2,"href":"https:\/\/isgoya-crr.infd.edu.ar\/sitio\/wp-json\/wp\/v2\/pages\/1121\/revisions"}],"predecessor-version":[{"id":1212,"href":"https:\/\/isgoya-crr.infd.edu.ar\/sitio\/wp-json\/wp\/v2\/pages\/1121\/revisions\/1212"}],"wp:attachment":[{"href":"https:\/\/isgoya-crr.infd.edu.ar\/sitio\/wp-json\/wp\/v2\/media?parent=1121"}],"curies":[{"name":"wp","href":"https:\/\/api.w.org\/{rel}","templated":true}]}}