{"id":1125,"date":"2018-08-30T13:19:28","date_gmt":"2018-08-30T16:19:28","guid":{"rendered":"https:\/\/isgoya-crr.infd.edu.ar\/sitio\/plan-de-estudio-10\/"},"modified":"2018-11-21T20:07:12","modified_gmt":"2018-11-21T23:07:12","slug":"plan-de-estudio-10","status":"publish","type":"page","link":"https:\/\/isgoya-crr.infd.edu.ar\/sitio\/plan-de-estudio-10\/","title":{"rendered":"Plan de Estudio Ciencias de la Educaci\u00f3n"},"content":{"rendered":"<p>ESTABLECIMIENTO:<span style=\"background-color: #77a552;\">\u00a0<strong>INSTITUTO SUPERIOR \u00abGOYA\u00bb<\/strong><\/span><\/p>\n<p>DENOMINACI\u00d3N DE LA CARRERA:\u00a0<span style=\"color: #77a552;\"><strong>\u00abPROFESORADO\u00a0DE EDUCACI\u00d3N SUPERIOR EN CIENCIAS DE \u00a0 \u00a0 \u00a0 \u00a0 \u00a0 \u00a0 \u00a0 \u00a0 \u00a0 \u00a0 \u00a0 \u00a0 \u00a0 \u00a0 \u00a0 \u00a0 \u00a0 \u00a0 \u00a0 \u00a0 \u00a0 \u00a0 \u00a0 \u00a0 \u00a0 \u00a0 \u00a0 \u00a0 \u00a0 \u00a0 \u00a0 \u00a0 \u00a0LA EDUCACI\u00d3N\u00bb<\/strong><\/span><\/p>\n<p>DECRETO\/RESOLUCI\u00d3N:\u00a0<strong>RESOLUCI\u00d3N N\u00b0 351\/13<\/strong><\/p>\n<p>T\u00cdTULO QUE OTORGA:\u00a0<span style=\"color: #77a552;\"><strong><em>PROFESOR\/A\u00a0DE EDUCACI\u00d3N SUPERIOR EN CIENCIAS DE LA EDUCACI\u00d3N<\/em><\/strong><\/span><\/p>\n<p>T\u00cdTULO INTERMEDIO: &#8212;&#8212;&#8212;&#8212;&#8212;&#8212;&#8212;&#8212;&#8212;&#8212;&#8212;&#8211;<\/p>\n<p>DURACI\u00d3N DE LA CARRERA:\u00a0<em><strong>CINCO A\u00d1OS<\/strong><\/em><\/p>\n<p><strong>\u00a0<\/strong><\/p>\n<table border=\"0\">\n<thead>\n<tr>\n<td style=\"border: 1px solid #77a552; background-color: #77a552;\" colspan=\"4\" scope=\"col\" valign=\"middle\"><strong>PRIMER A\u00d1O<\/strong><\/td>\n<\/tr>\n<tr>\n<td style=\"border: 1px solid #77a552;\" scope=\"col\" valign=\"middle\">\u00a0<strong>\u00a0Unidad curricular<\/strong><\/td>\n<td style=\"border: 1px solid #77a552;\" scope=\"col\" valign=\"middle\">\u00a0<strong>\u00a0R\u00e9gimen\u00a0<\/strong><\/td>\n<td style=\"border: 1px solid #77a552;\" scope=\"col\" valign=\"middle\"><strong>\u00a0Formato<\/strong><\/td>\n<td style=\"border: 1px solid #77a552;\" scope=\"col\" valign=\"middle\"><strong>Horas<\/strong><\/p>\n<p><strong>Did\u00e1cticas<\/strong><\/td>\n<\/tr>\n<\/thead>\n<tbody>\n<tr>\n<td style=\"border: 1px solid #77a552;\" scope=\"col\" valign=\"middle\">Lectura y Escritura Acad\u00e9mica<\/td>\n<td style=\"border: 1px solid #77a552;\" scope=\"col\" valign=\"middle\">Cuatrimestral<\/td>\n<td style=\"border: 1px solid #77a552;\" scope=\"col\" valign=\"middle\">Taller<\/td>\n<td style=\"border: 1px solid #77a552;\" scope=\"col\" valign=\"middle\">4<\/td>\n<\/tr>\n<tr>\n<td style=\"border: 1px solid #77a552;\" scope=\"col\" valign=\"middle\">Filosof\u00eda I<\/td>\n<td style=\"border: 1px solid #77a552;\" scope=\"col\" valign=\"middle\">Anual<\/td>\n<td style=\"border: 1px solid #77a552;\" scope=\"col\" valign=\"middle\">Materia<\/td>\n<td style=\"border: 1px solid #77a552;\" scope=\"col\" valign=\"middle\">5<\/td>\n<\/tr>\n<tr>\n<td style=\"border: 1px solid #77a552;\" scope=\"col\" valign=\"middle\">Antropolog\u00eda Filos\u00f3fica<\/td>\n<td style=\"border: 1px solid #77a552;\" scope=\"col\" valign=\"middle\">Cuatrimestral<\/td>\n<td style=\"border: 1px solid #77a552;\" scope=\"col\" valign=\"middle\">Materia<\/td>\n<td style=\"border: 1px solid #77a552;\" scope=\"col\" valign=\"middle\">4<\/td>\n<\/tr>\n<tr>\n<td style=\"border: 1px solid #77a552;\" scope=\"col\" valign=\"middle\">Psicolog\u00eda General (I)<\/td>\n<td style=\"border: 1px solid #77a552;\" scope=\"col\" valign=\"middle\">Anual<\/td>\n<td style=\"border: 1px solid #77a552;\" scope=\"col\" valign=\"middle\">Materia<\/td>\n<td style=\"border: 1px solid #77a552;\" scope=\"col\" valign=\"middle\">4<\/td>\n<\/tr>\n<tr>\n<td style=\"border: 1px solid #77a552;\" scope=\"col\" valign=\"middle\">Pedagog\u00eda<\/td>\n<td style=\"border: 1px solid #77a552;\" scope=\"col\" valign=\"middle\">Anual<\/td>\n<td style=\"border: 1px solid #77a552;\" scope=\"col\" valign=\"middle\">Materia<\/td>\n<td style=\"border: 1px solid #77a552;\" scope=\"col\" valign=\"middle\">4<\/td>\n<\/tr>\n<tr>\n<td style=\"border: 1px solid #77a552;\" scope=\"col\" valign=\"middle\">Did\u00e1ctica General<\/td>\n<td style=\"border: 1px solid #77a552;\" scope=\"col\" valign=\"middle\">Anual<\/td>\n<td style=\"border: 1px solid #77a552;\" scope=\"col\" valign=\"middle\">Materia<\/td>\n<td style=\"border: 1px solid #77a552;\" scope=\"col\" valign=\"middle\">4<\/td>\n<\/tr>\n<tr>\n<td style=\"border: 1px solid #77a552;\" scope=\"col\" valign=\"middle\">Epistemolog\u00eda de Cs. Sociales<\/td>\n<td style=\"border: 1px solid #77a552;\" scope=\"col\" valign=\"middle\">Anual<\/td>\n<td style=\"border: 1px solid #77a552;\" scope=\"col\" valign=\"middle\">Materia<\/td>\n<td style=\"border: 1px solid #77a552;\" scope=\"col\" valign=\"middle\">3<\/td>\n<\/tr>\n<tr>\n<td style=\"border: 1px solid #77a552;\" scope=\"col\" valign=\"middle\">Pr\u00e1ctica Docente I<\/td>\n<td style=\"border: 1px solid #77a552;\" scope=\"col\" valign=\"middle\">Anual<\/td>\n<td style=\"border: 1px solid #77a552;\" scope=\"col\" valign=\"middle\">Taller &#8211;\u00a0Materia<\/td>\n<td style=\"border: 1px solid #77a552;\" scope=\"col\" valign=\"middle\">5<\/td>\n<\/tr>\n<tr>\n<td style=\"border: 1px solid #77a552;\" scope=\"col\" valign=\"middle\">Historia Gral. de la Educaci\u00f3n<\/td>\n<td style=\"border: 1px solid #77a552;\" scope=\"col\" valign=\"middle\">Anual<\/td>\n<td style=\"border: 1px solid #77a552;\" scope=\"col\" valign=\"middle\">Materia<\/td>\n<td style=\"border: 1px solid #77a552;\" scope=\"col\" valign=\"middle\">4<\/td>\n<\/tr>\n<tr>\n<td style=\"border: 1px solid #77a552; background-color: #77a552;\" colspan=\"4\" scope=\"col\" valign=\"middle\"><strong>SEGUNDO A\u00d1O<\/strong><\/td>\n<\/tr>\n<tr>\n<td style=\"border: 1px solid #77a552;\" scope=\"col\" valign=\"middle\">Tecnolog\u00edas de la Informaci\u00f3n y la Comunicaci\u00f3n<\/td>\n<td style=\"border: 1px solid #77a552;\" scope=\"col\" valign=\"middle\">Cuatrimestral<\/td>\n<td style=\"border: 1px solid #77a552;\" scope=\"col\" valign=\"middle\">Taller<\/td>\n<td style=\"border: 1px solid #77a552;\" scope=\"col\" valign=\"middle\">4<\/td>\n<\/tr>\n<tr>\n<td style=\"border: 1px solid #77a552;\" scope=\"col\" valign=\"middle\">Historia Argentina y Latinoamericana<\/td>\n<td style=\"border: 1px solid #77a552;\" scope=\"col\" valign=\"middle\">Anual<\/td>\n<td style=\"border: 1px solid #77a552;\" scope=\"col\" valign=\"middle\">Materia<\/td>\n<td style=\"border: 1px solid #77a552;\" scope=\"col\" valign=\"middle\">4<\/td>\n<\/tr>\n<tr>\n<td style=\"border: 1px solid #77a552;\" scope=\"col\" valign=\"middle\">Filosof\u00eda de la Educaci\u00f3n<\/td>\n<td style=\"border: 1px solid #77a552;\" scope=\"col\" valign=\"middle\">Anual<\/td>\n<td style=\"border: 1px solid #77a552;\" scope=\"col\" valign=\"middle\">Materia<\/td>\n<td style=\"border: 1px solid #77a552;\" scope=\"col\" valign=\"middle\">4<\/td>\n<\/tr>\n<tr>\n<td style=\"border: 1px solid #77a552;\" scope=\"col\" valign=\"middle\">Psicolog\u00eda Educacional II<\/td>\n<td style=\"border: 1px solid #77a552;\" scope=\"col\" valign=\"middle\">Anual<\/td>\n<td style=\"border: 1px solid #77a552;\" scope=\"col\" valign=\"middle\">Materia<\/td>\n<td style=\"border: 1px solid #77a552;\" scope=\"col\" valign=\"middle\">4<\/td>\n<\/tr>\n<tr>\n<td style=\"border: 1px solid #77a552;\" scope=\"col\" valign=\"middle\">Sociolog\u00eda General<\/td>\n<td style=\"border: 1px solid #77a552;\" scope=\"col\" valign=\"middle\">Anual<\/td>\n<td style=\"border: 1px solid #77a552;\" scope=\"col\" valign=\"middle\">Materia<\/td>\n<td style=\"border: 1px solid #77a552;\" scope=\"col\" valign=\"middle\">4<\/td>\n<\/tr>\n<tr>\n<td style=\"border: 1px solid #77a552;\" scope=\"col\" valign=\"middle\">Did\u00e1ctica del Nivel Inicial<\/td>\n<td style=\"border: 1px solid #77a552;\" scope=\"col\" valign=\"middle\">Anual<\/td>\n<td style=\"border: 1px solid #77a552;\" scope=\"col\" valign=\"middle\">Materia<\/td>\n<td style=\"border: 1px solid #77a552;\" scope=\"col\" valign=\"middle\">4<\/td>\n<\/tr>\n<tr>\n<td style=\"border: 1px solid #77a552;\" scope=\"col\" valign=\"middle\">Lengua Extranjera I (Ingl\u00e9s\/Portugu\u00e9s)<\/td>\n<td style=\"border: 1px solid #77a552;\" scope=\"col\" valign=\"middle\">Anual<\/td>\n<td style=\"border: 1px solid #77a552;\" scope=\"col\" valign=\"middle\">Taller<\/td>\n<td style=\"border: 1px solid #77a552;\" scope=\"col\" valign=\"middle\">4<\/td>\n<\/tr>\n<tr>\n<td style=\"border: 1px solid #77a552;\" scope=\"col\" valign=\"middle\">Pr\u00e1ctica Docente II<\/td>\n<td style=\"border: 1px solid #77a552;\" scope=\"col\" valign=\"middle\">Anual<\/td>\n<td style=\"border: 1px solid #77a552;\" scope=\"col\" valign=\"middle\">Taller<\/td>\n<td style=\"border: 1px solid #77a552;\" scope=\"col\" valign=\"middle\">4<\/td>\n<\/tr>\n<tr>\n<td style=\"border: 1px solid #77a552;\" scope=\"col\" valign=\"middle\">Sujeto de la Educ. Nivel Inicial<\/td>\n<td style=\"border: 1px solid #77a552;\" scope=\"col\" valign=\"middle\">Cuatrimestral<\/td>\n<td style=\"border: 1px solid #77a552;\" scope=\"col\" valign=\"middle\">Materia<\/td>\n<td style=\"border: 1px solid #77a552;\" scope=\"col\" valign=\"middle\">4<\/td>\n<\/tr>\n<tr>\n<td style=\"border: 1px solid #77a552; background-color: #77a552;\" colspan=\"4\" scope=\"col\" valign=\"middle\"><strong>TERCER A\u00d1O<\/strong><\/td>\n<\/tr>\n<tr>\n<td style=\"border: 1px solid #77a552;\" scope=\"col\" valign=\"middle\">Historia Argentina<\/td>\n<td style=\"border: 1px solid #77a552;\" scope=\"col\" valign=\"middle\">Anual<\/td>\n<td style=\"border: 1px solid #77a552;\" scope=\"col\" valign=\"middle\">Materia<\/td>\n<td style=\"border: 1px solid #77a552;\" scope=\"col\" valign=\"middle\">4<\/td>\n<\/tr>\n<tr>\n<td style=\"border: 1px solid #77a552;\" scope=\"col\" valign=\"middle\">Sujeto de la Educaci\u00f3n Nivel Primario<\/td>\n<td style=\"border: 1px solid #77a552;\" scope=\"col\" valign=\"middle\">Cuatrimestral<\/td>\n<td style=\"border: 1px solid #77a552;\" scope=\"col\" valign=\"middle\">Materia<\/td>\n<td style=\"border: 1px solid #77a552;\" scope=\"col\" valign=\"middle\">6<\/td>\n<\/tr>\n<tr>\n<td style=\"border: 1px solid #77a552;\" scope=\"col\" valign=\"middle\">Pol\u00edtica Educacional<\/td>\n<td style=\"border: 1px solid #77a552;\" scope=\"col\" valign=\"middle\">Cuatrimestral<\/td>\n<td style=\"border: 1px solid #77a552;\" scope=\"col\" valign=\"middle\">Materia<\/td>\n<td style=\"border: 1px solid #77a552;\" scope=\"col\" valign=\"middle\">6<\/td>\n<\/tr>\n<tr>\n<td style=\"border: 1px solid #77a552;\" scope=\"col\" valign=\"middle\">Tecnolog\u00edas Educativas<\/td>\n<td style=\"border: 1px solid #77a552;\" scope=\"col\" valign=\"middle\">Anual<\/td>\n<td style=\"border: 1px solid #77a552;\" scope=\"col\" valign=\"middle\">Taller<\/td>\n<td style=\"border: 1px solid #77a552;\" scope=\"col\" valign=\"middle\">4<\/td>\n<\/tr>\n<tr>\n<td style=\"border: 1px solid #77a552;\" scope=\"col\" valign=\"middle\">Lengua Extranjera II (Ingl\u00e9s\/Portugu\u00e9s)<\/td>\n<td style=\"border: 1px solid #77a552;\" scope=\"col\" valign=\"middle\">Anual<\/td>\n<td style=\"border: 1px solid #77a552;\" scope=\"col\" valign=\"middle\">Taller<\/td>\n<td style=\"border: 1px solid #77a552;\" scope=\"col\" valign=\"middle\">4<\/td>\n<\/tr>\n<tr>\n<td style=\"border: 1px solid #77a552;\" scope=\"col\" valign=\"middle\">Did\u00e1ctica del Nivel Primario<\/td>\n<td style=\"border: 1px solid #77a552;\" scope=\"col\" valign=\"middle\">Cuatrimestral<\/td>\n<td style=\"border: 1px solid #77a552;\" scope=\"col\" valign=\"middle\">Materia<\/td>\n<td style=\"border: 1px solid #77a552;\" scope=\"col\" valign=\"middle\">6<\/td>\n<\/tr>\n<tr>\n<td style=\"border: 1px solid #77a552;\" scope=\"col\" valign=\"middle\">Sociolog\u00eda de la Educaci\u00f3n<\/td>\n<td style=\"border: 1px solid #77a552;\" scope=\"col\" valign=\"middle\">Cuatrimestral<\/td>\n<td style=\"border: 1px solid #77a552;\" scope=\"col\" valign=\"middle\">Materia<\/td>\n<td style=\"border: 1px solid #77a552;\" scope=\"col\" valign=\"middle\">6<\/td>\n<\/tr>\n<tr>\n<td style=\"border: 1px solid #77a552;\" scope=\"col\" valign=\"middle\">Pr\u00e1ctica Docente III<\/td>\n<td style=\"border: 1px solid #77a552;\" scope=\"col\" valign=\"middle\">Anual<\/td>\n<td style=\"border: 1px solid #77a552;\" scope=\"col\" valign=\"middle\">Taller &#8211;\u00a0Materia<\/td>\n<td style=\"border: 1px solid #77a552;\" scope=\"col\" valign=\"middle\">6<\/td>\n<\/tr>\n<tr>\n<td style=\"border: 1px solid #77a552;\" scope=\"col\" valign=\"middle\">U.D.I. I<\/td>\n<td style=\"border: 1px solid #77a552;\" scope=\"col\" valign=\"middle\">Cuatrimestral<\/td>\n<td style=\"border: 1px solid #77a552;\" scope=\"col\" valign=\"middle\">Taller<\/td>\n<td style=\"border: 1px solid #77a552;\" scope=\"col\" valign=\"middle\">4<\/td>\n<\/tr>\n<tr>\n<td style=\"border: 1px solid #77a552; background-color: #77a552;\" colspan=\"4\" scope=\"col\" valign=\"middle\"><strong>CUARTO A\u00d1O<\/strong><\/td>\n<\/tr>\n<tr>\n<td style=\"border: 1px solid #77a552;\" scope=\"col\" valign=\"middle\">Formaci\u00f3n \u00c9tica y Ciudadana<\/td>\n<td style=\"border: 1px solid #77a552;\" scope=\"col\" valign=\"middle\">Cuatrimestral<\/td>\n<td style=\"border: 1px solid #77a552;\" scope=\"col\" valign=\"middle\">Materia<\/td>\n<td style=\"border: 1px solid #77a552;\" scope=\"col\" valign=\"middle\">4<\/td>\n<\/tr>\n<tr>\n<td style=\"border: 1px solid #77a552;\" scope=\"col\" valign=\"middle\">Sujeto de la Educaci\u00f3n N. Secundario<\/td>\n<td style=\"border: 1px solid #77a552;\" scope=\"col\" valign=\"middle\">Cuatrimestral<\/td>\n<td style=\"border: 1px solid #77a552;\" scope=\"col\" valign=\"middle\">Materia<\/td>\n<td style=\"border: 1px solid #77a552;\" scope=\"col\" valign=\"middle\">5<\/td>\n<\/tr>\n<tr>\n<td style=\"border: 1px solid #77a552;\" scope=\"col\" valign=\"middle\">Metodolog\u00eda de la Investigaci\u00f3n Educ.<\/td>\n<td style=\"border: 1px solid #77a552;\" scope=\"col\" valign=\"middle\">Anual<\/td>\n<td style=\"border: 1px solid #77a552;\" scope=\"col\" valign=\"middle\">Taller<\/td>\n<td style=\"border: 1px solid #77a552;\" scope=\"col\" valign=\"middle\">4<\/td>\n<\/tr>\n<tr>\n<td style=\"border: 1px solid #77a552;\" scope=\"col\" valign=\"middle\">Administraci\u00f3n de la Educ. y de las organizaciones Educativas<\/td>\n<td style=\"border: 1px solid #77a552;\" scope=\"col\" valign=\"middle\">Anual<\/td>\n<td style=\"border: 1px solid #77a552;\" scope=\"col\" valign=\"middle\">Taller &#8211;\u00a0Materia<\/td>\n<td style=\"border: 1px solid #77a552;\" scope=\"col\" valign=\"middle\">4<\/td>\n<\/tr>\n<tr>\n<td style=\"border: 1px solid #77a552;\" scope=\"col\" valign=\"middle\">Did\u00e1ctica del Nivel Secundario<\/td>\n<td style=\"border: 1px solid #77a552;\" scope=\"col\" valign=\"middle\">Anual<\/td>\n<td style=\"border: 1px solid #77a552;\" scope=\"col\" valign=\"middle\">Materia<\/td>\n<td style=\"border: 1px solid #77a552;\" scope=\"col\" valign=\"middle\">6<\/td>\n<\/tr>\n<tr>\n<td style=\"border: 1px solid #77a552;\" scope=\"col\" valign=\"middle\">Sujeto de la Educaci\u00f3n Nivel Superior<\/td>\n<td style=\"border: 1px solid #77a552;\" scope=\"col\" valign=\"middle\">Cuatrimestral<\/td>\n<td style=\"border: 1px solid #77a552;\" scope=\"col\" valign=\"middle\">Materia<\/td>\n<td style=\"border: 1px solid #77a552;\" scope=\"col\" valign=\"middle\">5<\/td>\n<\/tr>\n<tr>\n<td style=\"border: 1px solid #77a552;\" scope=\"col\" valign=\"middle\">Pr\u00e1ctica Docente IV<\/td>\n<td style=\"border: 1px solid #77a552;\" scope=\"col\" valign=\"middle\">Anual<\/td>\n<td style=\"border: 1px solid #77a552;\" scope=\"col\" valign=\"middle\">Tutor\u00eda &#8211;\u00a0Taller<\/td>\n<td style=\"border: 1px solid #77a552;\" scope=\"col\" valign=\"middle\">8<\/td>\n<\/tr>\n<tr>\n<td style=\"border: 1px solid #77a552;\" scope=\"col\" valign=\"middle\">U.D.I II<\/td>\n<td style=\"border: 1px solid #77a552;\" scope=\"col\" valign=\"middle\">Cuatrimestral<\/td>\n<td style=\"border: 1px solid #77a552;\" scope=\"col\" valign=\"middle\">Taller<\/td>\n<td style=\"border: 1px solid #77a552;\" scope=\"col\" valign=\"middle\">4<\/td>\n<\/tr>\n<tr>\n<td style=\"border: 1px solid #77a552; background-color: #77a552;\" colspan=\"4\" scope=\"col\" valign=\"middle\"><strong>QUINTO A\u00d1O<\/strong><\/td>\n<\/tr>\n<tr>\n<td style=\"border: 1px solid #77a552;\" scope=\"col\" valign=\"middle\">\u00c9tica y Deontolog\u00eda Profesional<\/td>\n<td style=\"border: 1px solid #77a552;\" scope=\"col\" valign=\"middle\">Cuatrimestral<\/td>\n<td style=\"border: 1px solid #77a552;\" scope=\"col\" valign=\"middle\">Materia<\/td>\n<td style=\"border: 1px solid #77a552;\" scope=\"col\" valign=\"middle\">4<\/td>\n<\/tr>\n<tr>\n<td style=\"border: 1px solid #77a552;\" scope=\"col\" valign=\"middle\">Pedagog\u00eda para la Inclusi\u00f3n<\/td>\n<td style=\"border: 1px solid #77a552;\" scope=\"col\" valign=\"middle\">Anual<\/td>\n<td style=\"border: 1px solid #77a552;\" scope=\"col\" valign=\"middle\">Materia<\/td>\n<td style=\"border: 1px solid #77a552;\" scope=\"col\" valign=\"middle\">4<\/td>\n<\/tr>\n<tr>\n<td style=\"border: 1px solid #77a552;\" scope=\"col\" valign=\"middle\">Educaci\u00f3n Sexual Integral<\/td>\n<td style=\"border: 1px solid #77a552;\" scope=\"col\" valign=\"middle\">Anual<\/td>\n<td style=\"border: 1px solid #77a552;\" scope=\"col\" valign=\"middle\">Taller<\/td>\n<td style=\"border: 1px solid #77a552;\" scope=\"col\" valign=\"middle\">4<\/td>\n<\/tr>\n<tr>\n<td style=\"border: 1px solid #77a552;\" scope=\"col\" valign=\"middle\">Educaci\u00f3n no Formal<\/td>\n<td style=\"border: 1px solid #77a552;\" scope=\"col\" valign=\"middle\">Anual<\/td>\n<td style=\"border: 1px solid #77a552;\" scope=\"col\" valign=\"middle\">Taller<\/td>\n<td style=\"border: 1px solid #77a552;\" scope=\"col\" valign=\"middle\">4<\/td>\n<\/tr>\n<tr>\n<td style=\"border: 1px solid #77a552;\" scope=\"col\" valign=\"middle\">Did\u00e1ctica del Nivel Superior<\/td>\n<td style=\"border: 1px solid #77a552;\" scope=\"col\" valign=\"middle\">Anual<\/td>\n<td style=\"border: 1px solid #77a552;\" scope=\"col\" valign=\"middle\">Tutor\u00eda &#8211;\u00a0Taller<\/td>\n<td style=\"border: 1px solid #77a552;\" scope=\"col\" valign=\"middle\">4<\/td>\n<\/tr>\n<tr>\n<td style=\"border: 1px solid #77a552;\" scope=\"col\" valign=\"middle\">Residencia Pedag\u00f3gica<\/td>\n<td style=\"border: 1px solid #77a552;\" scope=\"col\" valign=\"middle\">Anual<\/td>\n<td style=\"border: 1px solid #77a552;\" scope=\"col\" valign=\"middle\">Materia<\/td>\n<td style=\"border: 1px solid #77a552;\" scope=\"col\" valign=\"middle\">12<\/td>\n<\/tr>\n<tr>\n<td style=\"border: 1px solid #77a552;\" scope=\"col\" valign=\"middle\">U.D.I. III<\/td>\n<td style=\"border: 1px solid #77a552;\" scope=\"col\" valign=\"middle\">Cuatrimestral<\/td>\n<td style=\"border: 1px solid #77a552;\" scope=\"col\" valign=\"middle\">Taller<\/td>\n<td style=\"border: 1px solid #77a552;\" scope=\"col\" valign=\"middle\">4<\/td>\n<\/tr>\n<\/tbody>\n<\/table>\n","protected":false},"excerpt":{"rendered":"<p>ESTABLECIMIENTO:\u00a0INSTITUTO SUPERIOR \u00abGOYA\u00bb DENOMINACI\u00d3N DE LA CARRERA:\u00a0\u00abPROFESORADO\u00a0DE EDUCACI\u00d3N SUPERIOR EN CIENCIAS DE \u00a0 \u00a0 \u00a0 \u00a0 \u00a0 \u00a0 \u00a0 \u00a0 \u00a0 \u00a0 \u00a0 \u00a0 \u00a0 \u00a0 \u00a0 \u00a0 \u00a0 \u00a0 \u00a0 \u00a0 \u00a0 \u00a0 \u00a0 \u00a0 \u00a0 \u00a0 \u00a0 \u00a0 \u00a0 \u00a0 \u00a0 \u00a0 \u00a0LA EDUCACI\u00d3N\u00bb DECRETO\/RESOLUCI\u00d3N:\u00a0RESOLUCI\u00d3N N\u00b0 351\/13 T\u00cdTULO QUE OTORGA:\u00a0PROFESOR\/A\u00a0DE EDUCACI\u00d3N SUPERIOR EN &#8230; <a title=\"Plan de Estudio Ciencias de la Educaci\u00f3n\" class=\"read-more\" href=\"https:\/\/isgoya-crr.infd.edu.ar\/sitio\/plan-de-estudio-10\/\" aria-label=\"More on Plan de Estudio Ciencias de la Educaci\u00f3n\">[+]<\/a><\/p>\n","protected":false},"author":2329,"featured_media":0,"parent":0,"menu_order":0,"comment_status":"closed","ping_status":"closed","template":"","meta":[],"acf":[],"_links":{"self":[{"href":"https:\/\/isgoya-crr.infd.edu.ar\/sitio\/wp-json\/wp\/v2\/pages\/1125"}],"collection":[{"href":"https:\/\/isgoya-crr.infd.edu.ar\/sitio\/wp-json\/wp\/v2\/pages"}],"about":[{"href":"https:\/\/isgoya-crr.infd.edu.ar\/sitio\/wp-json\/wp\/v2\/types\/page"}],"author":[{"embeddable":true,"href":"https:\/\/isgoya-crr.infd.edu.ar\/sitio\/wp-json\/wp\/v2\/users\/2329"}],"replies":[{"embeddable":true,"href":"https:\/\/isgoya-crr.infd.edu.ar\/sitio\/wp-json\/wp\/v2\/comments?post=1125"}],"version-history":[{"count":1,"href":"https:\/\/isgoya-crr.infd.edu.ar\/sitio\/wp-json\/wp\/v2\/pages\/1125\/revisions"}],"predecessor-version":[{"id":1209,"href":"https:\/\/isgoya-crr.infd.edu.ar\/sitio\/wp-json\/wp\/v2\/pages\/1125\/revisions\/1209"}],"wp:attachment":[{"href":"https:\/\/isgoya-crr.infd.edu.ar\/sitio\/wp-json\/wp\/v2\/media?parent=1125"}],"curies":[{"name":"wp","href":"https:\/\/api.w.org\/{rel}","templated":true}]}}