{"id":1375,"date":"2019-08-01T17:41:01","date_gmt":"2019-08-01T20:41:01","guid":{"rendered":"https:\/\/isgoya-crr.infd.edu.ar\/sitio\/?page_id=1375"},"modified":"2019-08-01T17:49:41","modified_gmt":"2019-08-01T20:49:41","slug":"plan-de-estudios-tecnicatura-superior-en-educacion-y-seguridad-vial","status":"publish","type":"page","link":"https:\/\/isgoya-crr.infd.edu.ar\/sitio\/plan-de-estudios-tecnicatura-superior-en-educacion-y-seguridad-vial\/","title":{"rendered":"Plan de estudio Tecnicatura Superior en Educaci\u00f3n y Seguridad Vial"},"content":{"rendered":"<p><strong><em>ESTABLECIMIENTO:<\/em><\/strong> INSTITUTO SUPERIOR GOYA<\/p>\n<p><strong><em><u>Denominaci\u00f3n de la carrera:<\/u><\/em><\/strong> TECNICATURA SUPERIOR EN EDUCACI\u00d3N Y SEGURIDAD VIAL.<\/p>\n<p><strong><em><u>T\u00edtulo a Otorgar<\/u><\/em><\/strong>: T\u00c9CNICO EN EDUCACI\u00d3N Y SEGURIDAD VIAL<\/p>\n<p><strong><em><u>Duraci\u00f3n de la carrera<\/u><\/em><\/strong>: 3 a\u00f1os<\/p>\n<p>&nbsp;<\/p>\n<table width=\"678\">\n<tbody>\n<tr>\n<td width=\"67\"><strong>Cod.<\/strong><\/p>\n<p><strong>\u00a0<\/strong><\/td>\n<td width=\"176\"><strong>UNIDAD<\/strong><\/p>\n<p><strong>CURRICULAR<\/strong><\/p>\n<p><strong>\u00a0<\/strong><\/td>\n<td width=\"113\"><strong>R\u00c9GIMEN<\/strong><\/p>\n<p><strong>DE<\/strong><\/p>\n<p><strong>CURSADA<\/strong><\/td>\n<td width=\"76\"><strong>FORMAT<\/strong><strong>O<\/strong><\/p>\n<p><strong>\u00a0<\/strong><\/td>\n<td width=\"95\"><strong>HORAS<\/strong><\/p>\n<p><strong>DID\u00c1CTICAS<\/strong><\/p>\n<p><strong>SEMANALES<\/strong><\/td>\n<td width=\"76\"><strong>HORAS DIDACTICAS ANUALES<\/strong><\/td>\n<td width=\"76\"><strong>Hs\/Tot<\/strong><\/p>\n<p><strong>(Reloj)<\/strong><\/p>\n<p><strong>\u00a0<\/strong><\/td>\n<\/tr>\n<tr>\n<td colspan=\"7\" width=\"678\"><strong>PRIMER A\u00d1O<\/strong><\/td>\n<\/tr>\n<tr>\n<td width=\"67\"><strong>1<\/strong><\/td>\n<td width=\"176\">Introducci\u00f3n a la seguridad vial<\/td>\n<td width=\"113\">Anual<\/td>\n<td width=\"76\">Materia<\/td>\n<td width=\"95\">4<\/td>\n<td width=\"76\">128<\/td>\n<td width=\"76\">85<\/td>\n<\/tr>\n<tr>\n<td width=\"67\"><strong>2<\/strong><\/td>\n<td width=\"176\">F\u00edsica Aplicada<\/td>\n<td width=\"113\">1\u00b0 Cuatrimestre<\/td>\n<td width=\"76\">Materia<\/td>\n<td width=\"95\">4<\/td>\n<td width=\"76\">64<\/td>\n<td width=\"76\">43<\/td>\n<\/tr>\n<tr>\n<td width=\"67\"><strong>3<\/strong><\/td>\n<td width=\"176\">Matem\u00e1tica y Estad\u00edstica Aplicada<\/td>\n<td width=\"113\">Anual<\/td>\n<td width=\"76\">Materia<\/td>\n<td width=\"95\">4<\/td>\n<td width=\"76\">128<\/td>\n<td width=\"76\">85<\/td>\n<\/tr>\n<tr>\n<td width=\"67\"><strong>4<\/strong><\/td>\n<td width=\"176\">Legislaci\u00f3n del Tr\u00e1nsito<\/td>\n<td width=\"113\">Anual<\/td>\n<td width=\"76\">Materia<\/td>\n<td width=\"95\">4<\/td>\n<td width=\"76\">128<\/td>\n<td width=\"76\">85<\/td>\n<\/tr>\n<tr>\n<td width=\"67\"><strong>5<\/strong><\/td>\n<td width=\"176\">Introducci\u00f3n\u00a0 a la Educaci\u00f3n Vial<\/td>\n<td width=\"113\">2\u00b0 Cuatrimestre<\/td>\n<td width=\"76\">Materia<\/td>\n<td width=\"95\">4<\/td>\n<td width=\"76\">64<\/td>\n<td width=\"76\">43<\/td>\n<\/tr>\n<tr>\n<td width=\"67\"><strong>6<\/strong><\/td>\n<td width=\"176\">Comunicaci\u00f3n<\/td>\n<td width=\"113\">Anual<\/td>\n<td width=\"76\">Taller<\/td>\n<td width=\"95\">4<\/td>\n<td width=\"76\">128<\/td>\n<td width=\"76\">85<\/td>\n<\/tr>\n<tr>\n<td width=\"67\"><strong>7<\/strong><\/td>\n<td width=\"176\">Gr\u00e1fico T\u00e9cnico<\/td>\n<td width=\"113\">2\u00b0 Cuatrimestre<\/td>\n<td width=\"76\">Taller<\/td>\n<td width=\"95\">3<\/td>\n<td width=\"76\">48<\/td>\n<td width=\"76\">32<\/td>\n<\/tr>\n<tr>\n<td width=\"67\"><strong>8<\/strong><\/td>\n<td width=\"176\">Mec\u00e1nica Automotriz<\/td>\n<td width=\"113\">1\u00b0 Cuatrimestre<\/td>\n<td width=\"76\">Taller<\/td>\n<td width=\"95\">4<\/td>\n<td width=\"76\">64<\/td>\n<td width=\"76\">43<\/td>\n<\/tr>\n<tr>\n<td width=\"67\"><strong>9<\/strong><\/td>\n<td width=\"176\">Red Vial y Medio Ambiente<\/td>\n<td width=\"113\">Anual<\/td>\n<td width=\"76\">Materia<\/td>\n<td width=\"95\">3<\/td>\n<td width=\"76\">96<\/td>\n<td width=\"76\">64<\/td>\n<\/tr>\n<tr>\n<td width=\"67\"><strong>10<\/strong><\/td>\n<td width=\"176\">Pr\u00e1ctica Profesional<\/td>\n<td width=\"113\">2\u00b0 Cuatrimestre<\/td>\n<td width=\"76\">Taller<\/td>\n<td width=\"95\">4<\/td>\n<td width=\"76\">64<\/td>\n<td width=\"76\">43<\/td>\n<\/tr>\n<tr>\n<td width=\"67\"><strong>\u00a0<\/strong><\/td>\n<td width=\"176\"><\/td>\n<td width=\"113\"><\/td>\n<td width=\"76\"><\/td>\n<td width=\"95\"><\/td>\n<td colspan=\"2\" width=\"151\">Total 608 Hs. Reloj<\/td>\n<\/tr>\n<tr>\n<td colspan=\"7\" width=\"678\"><strong>SEGUNDO A\u00d1O<\/strong><\/td>\n<\/tr>\n<tr>\n<td width=\"67\"><strong>11<\/strong><\/td>\n<td width=\"176\">T\u00e9cnicas de Conducci\u00f3n Seguras<\/td>\n<td width=\"113\">Anual<\/td>\n<td width=\"76\">Taller<\/td>\n<td width=\"95\">3<\/td>\n<td width=\"76\">96<\/td>\n<td width=\"76\">64<\/td>\n<\/tr>\n<tr>\n<td width=\"67\"><strong>12<\/strong><\/td>\n<td width=\"176\">Planeamiento Urbano<\/td>\n<td width=\"113\">1\u00b0 Cuatrimestre<\/td>\n<td width=\"76\">Materia<\/td>\n<td width=\"95\">3<\/td>\n<td width=\"76\">48<\/td>\n<td width=\"76\">32<\/td>\n<\/tr>\n<tr>\n<td width=\"67\"><strong>13<\/strong><\/td>\n<td width=\"176\">Seguridad Vial<\/td>\n<td width=\"113\">Anual<\/td>\n<td width=\"76\">Materia<\/td>\n<td width=\"95\">4<\/td>\n<td width=\"76\">128<\/td>\n<td width=\"76\">85<\/td>\n<\/tr>\n<tr>\n<td width=\"67\"><strong>14<\/strong><\/td>\n<td width=\"176\">Educaci\u00f3n Vial<\/td>\n<td width=\"113\">Anual<\/td>\n<td width=\"76\">Materia<\/td>\n<td width=\"95\">4<\/td>\n<td width=\"76\">128<\/td>\n<td width=\"76\">85<\/td>\n<\/tr>\n<tr>\n<td width=\"67\"><strong>15<\/strong><\/td>\n<td width=\"176\">Tecnolog\u00edas del Tr\u00e1nsito<\/td>\n<td width=\"113\">2\u00b0 cuatrimestre<\/td>\n<td width=\"76\">Taller<\/td>\n<td width=\"95\">3<\/td>\n<td width=\"76\">48<\/td>\n<td width=\"76\">32<\/td>\n<\/tr>\n<tr>\n<td width=\"67\"><strong>16<\/strong><\/td>\n<td width=\"176\">Transporte P\u00fablico y de sustancias Peligrosas<\/td>\n<td width=\"113\">2\u00b0 Cuatrimestre<\/td>\n<td width=\"76\">Materia<\/td>\n<td width=\"95\">4<\/td>\n<td width=\"76\">64<\/td>\n<td width=\"76\">43<\/td>\n<\/tr>\n<tr>\n<td width=\"67\"><strong>17<\/strong><\/td>\n<td width=\"176\">Psicolog\u00eda Social<\/td>\n<td width=\"113\">Anual<\/td>\n<td width=\"76\">Seminario<\/td>\n<td width=\"95\">3<\/td>\n<td width=\"76\">96<\/td>\n<td width=\"76\">64<\/td>\n<\/tr>\n<tr>\n<td width=\"67\"><strong>18<\/strong><\/td>\n<td width=\"176\">Factor Vehicular<\/td>\n<td width=\"113\">1\u00b0 Cuatrimestre<\/td>\n<td width=\"76\">Materia<\/td>\n<td width=\"95\">4<\/td>\n<td width=\"76\">64<\/td>\n<td width=\"76\">43<\/td>\n<\/tr>\n<tr>\n<td width=\"67\"><strong>19<\/strong><\/td>\n<td width=\"176\">Ingl\u00e9s T\u00e9cnico<\/td>\n<td width=\"113\">Anual<\/td>\n<td width=\"76\">Materia<\/td>\n<td width=\"95\">3<\/td>\n<td width=\"76\">96<\/td>\n<td width=\"76\">64<\/td>\n<\/tr>\n<tr>\n<td width=\"67\"><strong>20<\/strong><\/td>\n<td width=\"176\">Pr\u00e1ctica Profesional II: elaboraci\u00f3n y Ejecuci\u00f3n de Proyectos de educaci\u00f3n y Seguridad Vial<\/td>\n<td width=\"113\">anual<\/td>\n<td width=\"76\">Taller<\/td>\n<td width=\"95\">6<\/td>\n<td width=\"76\">192<\/td>\n<td width=\"76\">128<\/td>\n<\/tr>\n<tr>\n<td width=\"67\"><strong>\u00a0<\/strong><\/td>\n<td width=\"176\"><\/td>\n<td width=\"113\"><\/td>\n<td width=\"76\"><\/td>\n<td width=\"95\"><\/td>\n<td colspan=\"2\" width=\"151\">Total 640 Hs. Reloj<\/td>\n<\/tr>\n<tr>\n<td colspan=\"7\" width=\"678\"><strong>TERCER A\u00d1O<\/strong><\/td>\n<\/tr>\n<tr>\n<td width=\"67\"><strong>21<\/strong><\/td>\n<td width=\"176\">Inform\u00e1tica Aplicada<\/td>\n<td width=\"113\">Anual<\/td>\n<td width=\"76\">Taller<\/td>\n<td width=\"95\">3<\/td>\n<td width=\"76\">96<\/td>\n<td width=\"76\">64<\/td>\n<\/tr>\n<tr>\n<td width=\"67\"><strong>22<\/strong><\/td>\n<td width=\"176\">T\u00e9cnicas de Control Vehicular<\/td>\n<td width=\"113\">2\u00b0 Cuatrimestre<\/td>\n<td width=\"76\">Taller<\/td>\n<td width=\"95\">4<\/td>\n<td width=\"76\">64<\/td>\n<td width=\"76\">43<\/td>\n<\/tr>\n<tr>\n<td width=\"67\"><strong>23<\/strong><\/td>\n<td width=\"176\">Trabajos Viales de Campo<\/td>\n<td width=\"113\">2\u00b0 Cuatrimestre<\/td>\n<td width=\"76\">Taller<\/td>\n<td width=\"95\">4<\/td>\n<td width=\"76\">64<\/td>\n<td width=\"76\">43<\/td>\n<\/tr>\n<tr>\n<td width=\"67\"><strong>24<\/strong><\/td>\n<td width=\"176\">\u00c9tica Profesional<\/td>\n<td width=\"113\">1\u00b0 Cuatrimestre<\/td>\n<td width=\"76\">Materia<\/td>\n<td width=\"95\">3<\/td>\n<td width=\"76\">48<\/td>\n<td width=\"76\">32<\/td>\n<\/tr>\n<tr>\n<td width=\"67\"><strong>25<\/strong><\/td>\n<td width=\"176\">Gesti\u00f3n de Obras Viales<\/td>\n<td width=\"113\">2\u00b0 Cuatrimestre<\/td>\n<td width=\"76\">Materia<\/td>\n<td width=\"95\">4<\/td>\n<td width=\"76\">64<\/td>\n<td width=\"76\">43<\/td>\n<\/tr>\n<tr>\n<td width=\"67\"><strong>26<\/strong><\/td>\n<td width=\"176\">Medicina y Traumatolog\u00eda vial<\/td>\n<td width=\"113\">1\u00b0 Cuatrimestre<\/td>\n<td width=\"76\">Materia<\/td>\n<td width=\"95\">4<\/td>\n<td width=\"76\">64<\/td>\n<td width=\"76\">43<\/td>\n<\/tr>\n<tr>\n<td width=\"67\"><strong>27<\/strong><\/td>\n<td width=\"176\">Portugu\u00e9s T\u00e9cnico<\/td>\n<td width=\"113\">Anual<\/td>\n<td width=\"76\">Materia<\/td>\n<td width=\"95\">3<\/td>\n<td width=\"76\">96<\/td>\n<td width=\"76\">64<\/td>\n<\/tr>\n<tr>\n<td width=\"67\"><strong>28<\/strong><\/td>\n<td width=\"176\">Factor Humano<\/td>\n<td width=\"113\">1\u00b0 Cuatrimestre<\/td>\n<td width=\"76\">Materia<\/td>\n<td width=\"95\">4<\/td>\n<td width=\"76\">64<\/td>\n<td width=\"76\">43<\/td>\n<\/tr>\n<tr>\n<td width=\"67\"><strong>\u00a0<\/strong><\/td>\n<td width=\"176\">Legislaci\u00f3n del Transporte<\/td>\n<td width=\"113\">Anual<\/td>\n<td width=\"76\">Materia<\/td>\n<td width=\"95\">3<\/td>\n<td width=\"76\">96<\/td>\n<td width=\"76\">64<\/td>\n<\/tr>\n<tr>\n<td width=\"67\"><strong>\u00a0<\/strong><\/td>\n<td width=\"176\">Pr\u00e1ctica Profesional III<\/td>\n<td width=\"113\">Anual<\/td>\n<td width=\"76\">Taller<\/td>\n<td width=\"95\">10<\/td>\n<td width=\"76\">320<\/td>\n<td width=\"76\">213<\/td>\n<\/tr>\n<tr>\n<td width=\"67\"><strong>\u00a0<\/strong><\/td>\n<td width=\"176\"><\/td>\n<td width=\"113\"><\/td>\n<td width=\"76\"><\/td>\n<td width=\"95\"><\/td>\n<td colspan=\"2\" width=\"151\">Total 652 Hs. Reloj<\/td>\n<\/tr>\n<tr>\n<td colspan=\"7\" width=\"678\"><strong>Total de Horas\u2026\u2026\u2026\u2026\u2026\u2026\u2026\u2026\u2026.\u2026\u2026\u2026\u2026\u2026\u2026\u2026\u2026\u2026\u2026\u2026\u2026.\u2026\u2026\u2026\u20261900 Horas Reloj<\/strong><\/td>\n<\/tr>\n<\/tbody>\n<\/table>\n<p>&nbsp;<\/p>\n","protected":false},"excerpt":{"rendered":"<p>ESTABLECIMIENTO: INSTITUTO SUPERIOR GOYA Denominaci\u00f3n de la carrera: TECNICATURA SUPERIOR EN EDUCACI\u00d3N Y SEGURIDAD VIAL. T\u00edtulo a Otorgar: T\u00c9CNICO EN EDUCACI\u00d3N Y SEGURIDAD VIAL Duraci\u00f3n de la carrera: 3 a\u00f1os &nbsp; Cod. \u00a0 UNIDAD CURRICULAR \u00a0 R\u00c9GIMEN DE CURSADA FORMATO \u00a0 HORAS DID\u00c1CTICAS SEMANALES HORAS DIDACTICAS ANUALES Hs\/Tot (Reloj) \u00a0 PRIMER A\u00d1O 1 Introducci\u00f3n a &#8230; <a title=\"Plan de estudio Tecnicatura Superior en Educaci\u00f3n y Seguridad Vial\" class=\"read-more\" href=\"https:\/\/isgoya-crr.infd.edu.ar\/sitio\/plan-de-estudios-tecnicatura-superior-en-educacion-y-seguridad-vial\/\" aria-label=\"More on Plan de estudio Tecnicatura Superior en Educaci\u00f3n y Seguridad Vial\">[+]<\/a><\/p>\n","protected":false},"author":3545,"featured_media":0,"parent":0,"menu_order":0,"comment_status":"closed","ping_status":"closed","template":"","meta":[],"acf":[],"_links":{"self":[{"href":"https:\/\/isgoya-crr.infd.edu.ar\/sitio\/wp-json\/wp\/v2\/pages\/1375"}],"collection":[{"href":"https:\/\/isgoya-crr.infd.edu.ar\/sitio\/wp-json\/wp\/v2\/pages"}],"about":[{"href":"https:\/\/isgoya-crr.infd.edu.ar\/sitio\/wp-json\/wp\/v2\/types\/page"}],"author":[{"embeddable":true,"href":"https:\/\/isgoya-crr.infd.edu.ar\/sitio\/wp-json\/wp\/v2\/users\/3545"}],"replies":[{"embeddable":true,"href":"https:\/\/isgoya-crr.infd.edu.ar\/sitio\/wp-json\/wp\/v2\/comments?post=1375"}],"version-history":[{"count":3,"href":"https:\/\/isgoya-crr.infd.edu.ar\/sitio\/wp-json\/wp\/v2\/pages\/1375\/revisions"}],"predecessor-version":[{"id":1382,"href":"https:\/\/isgoya-crr.infd.edu.ar\/sitio\/wp-json\/wp\/v2\/pages\/1375\/revisions\/1382"}],"wp:attachment":[{"href":"https:\/\/isgoya-crr.infd.edu.ar\/sitio\/wp-json\/wp\/v2\/media?parent=1375"}],"curies":[{"name":"wp","href":"https:\/\/api.w.org\/{rel}","templated":true}]}}