{"id":1384,"date":"2019-08-01T17:54:53","date_gmt":"2019-08-01T20:54:53","guid":{"rendered":"https:\/\/isgoya-crr.infd.edu.ar\/sitio\/?page_id=1384"},"modified":"2019-08-01T17:54:53","modified_gmt":"2019-08-01T20:54:53","slug":"perfil-del-egresado-campo-profesional-y-alcance-del-titulo-29","status":"publish","type":"page","link":"https:\/\/isgoya-crr.infd.edu.ar\/sitio\/perfil-del-egresado-campo-profesional-y-alcance-del-titulo-29\/","title":{"rendered":"Perfil del Egresado. Campo Profesional y Alcance del T\u00edtulo."},"content":{"rendered":"<p><strong><em><u>Perfil Profesional\u00a0 <\/u><\/em><\/strong><\/p>\n<p>El T\u00e9cnico Superior en Educaci\u00f3n y Seguridad Vial estar\u00e1 capacitado para:<\/p>\n<ul>\n<li>Para dise\u00f1ar e implementar pol\u00edticas en materia de prevenci\u00f3n inherentes a la producci\u00f3n de los siniestros viales, mediante m\u00e9todos y t\u00e9cnicas aplicadas a la prevenci\u00f3n y educaci\u00f3n vial.<\/li>\n<li>Intervenir en el control de gesti\u00f3n y en las pol\u00edticas de prevenci\u00f3n de accidentes.<\/li>\n<li>Entender en los problemas tecnol\u00f3gicos de seguridad vial en los sistemas viales.<\/li>\n<li>Determinar y registrar las incidencias de los factores que intervienen en los accidentes.<\/li>\n<li>Poner en juego la destreza y la habilidad para programar, ejecutar y supervisar planes y proyectos preventivos y educativos en materia de seguridad vial.<\/li>\n<li>Capacitar los recursos humanos necesarios en el \u00e1mbito del tr\u00e1nsito conforme a las legislaciones vigentes.<\/li>\n<li>Participar en el dise\u00f1o de pol\u00edticas de prevenci\u00f3n de siniestros viales en organizaciones p\u00fablicas, privadas y ONG, dirigidas a ni\u00f1os, j\u00f3venes y adultos.<\/li>\n<li>Brindar por medio de sus conocimientos a la ciudadan\u00eda, organizaciones sociales, gubernamentales y privadas, las herramientas necesarias para el conocimiento y desarrollo de actitudes positivas en la v\u00eda p\u00fablica.<\/li>\n<li>Dirigir sus propias consultoras viales.<\/li>\n<li>Organizar y desarrollar cursos de capacitaci\u00f3n a diferentes conductores.<\/li>\n<\/ul>\n<p><strong><em><u>Aspectos que se Incluyen en la Formaci\u00f3n <\/u><\/em><\/strong><\/p>\n<ol>\n<li>Legislaciones municipales, provinciales, nacionales e internacionales vigentes y su aplicaci\u00f3n para el control de la seguridad vial.<\/li>\n<li>Estad\u00edsticas que marcan las zonas de riesgos: elaboraci\u00f3n, dise\u00f1o e interpretaci\u00f3n.<\/li>\n<li>Aspectos te\u00f3ricos del comportamiento vial, la psicolog\u00eda vial y la capacitaci\u00f3n \u00e9tica.<\/li>\n<li>Factores y variables involucradas en el Tr\u00e1nsito y la Seguridad Vial.<\/li>\n<li>Tecnolog\u00edas que pueden ser aplicadas a la prevenci\u00f3n y control de la Seguridad Vial.<\/li>\n<li>Comprensi\u00f3n hist\u00f3rica, geogr\u00e1fica, econ\u00f3mica y social de los sistemas viales.<\/li>\n<li>Sentido y estrategias de la comunicaci\u00f3n sobre tem\u00e1ticas de educaci\u00f3n y seguridad vial.<\/li>\n<\/ol>\n<p><strong><em><u>\u00c1reas en las que se organizan los contenidos: <\/u><\/em><\/strong><\/p>\n<ul>\n<li>Ciencias B\u00e1sicas<\/li>\n<li>Ciencias Humanas<\/li>\n<li>\u00c1rea Tecnol\u00f3gica<\/li>\n<li>\u00c1rea de Sistemas Viales y Seguridad Vial<\/li>\n<li>\u00c1rea de Organizaci\u00f3n y Seguridad Vial<\/li>\n<\/ul>\n<p><strong>\u00a0<\/strong><\/p>\n<p><strong><em><u>Destinatarios: <\/u><\/em><\/strong><\/p>\n<ul>\n<li>Agentes de tr\u00e1nsito municipales.<\/li>\n<li>Personal de los municipios afectados al \u00e1rea de licencias, control vehicular, juzgados de faltas u otro.<\/li>\n<li>Personal de la Polic\u00eda Provincial &#8211; \u00c1rea de Seguridad Vial.<\/li>\n<li>Personal de Gendarmer\u00eda Nacional, Bomberos Voluntarios, Defensa Civil.<\/li>\n<li>Personal del Gobierno Provincial con funciones afines a la Seguridad Vial.<\/li>\n<li>Personal de Direcci\u00f3n de Transporte Provincial.<\/li>\n<li>Personal de empresas concesionarias de peaje.<\/li>\n<li>Personal de control de transporte en zonas de fronteras.<\/li>\n<li>Personal de Compa\u00f1\u00edas de Seguros.<\/li>\n<li>Docentes de todos los niveles educativos.<\/li>\n<li>Otros interesados.<\/li>\n<\/ul>\n<p>&nbsp;<\/p>\n<p><strong><em><u>ALCANCES DEL T\u00cdTULO\u00a0 <\/u><\/em><\/strong><\/p>\n<p>El egresado de la carrera de \u201cT\u00c9CNICO SUPERIOR EN EDUCACION Y SEGURIDAD<\/p>\n<p>VIAL\u201d podr\u00e1 aplicar su conocimiento y capacidad en organismos p\u00fablicos y privados del \u00e1mbito nacional, provincial y municipal, asumiendo una actitud reflexiva sobre la realidad socio-cultural y de compromiso en el ejercicio de su profesi\u00f3n.<\/p>\n<p>En ese\u00a0 contexto, el alcance de sus competencias profesionales son las que a continuaci\u00f3n se indican:<\/p>\n<ul>\n<li>Ser multiplicadores de cambios en las conductas de los usuarios de la v\u00eda p\u00fablica, <strong>para lograr mejoras reales<\/strong> en la conducta vial.<\/li>\n<li>Determinar y registrar las incidencias de los factores que intervienen en los accidentes.<\/li>\n<li>Intervenir en el control y aplicaci\u00f3n de programas preventivos en la seguridad vial.<\/li>\n<li>Dise\u00f1ar, desarrollar y evaluar acciones estrat\u00e9gicas, pol\u00edticas de prevenci\u00f3n y capacitaci\u00f3n respecto a situaciones que atenten contra la seguridad vial.<\/li>\n<li>Integrar equipos multidisciplinarios en tareas que tengan por objeto mejorar la seguridad vial.<\/li>\n<li>Aplicar diferentes modos de abordajes ante problemas actuales de transgresi\u00f3n a las normas viales, seleccionando la respuesta m\u00e1s adecuada a partir de la evaluaci\u00f3n de cada situaci\u00f3n en particular.<\/li>\n<li>Emplear estrategias y t\u00e1cticas operacionales promoviendo la seguridad de los afectados y de la comunidad en casos de siniestros viales.<\/li>\n<li>Realizar el relevamiento de incidencia en los accidentes por el comportamiento humano, las normas y los factores clim\u00e1ticos.<\/li>\n<li>Entender en los problemas tecnol\u00f3gicos de seguridad vial en los sistemas viales.<\/li>\n<li>Intervenir en el control de gesti\u00f3n y en las pol\u00edticas de prevenci\u00f3n de accidentes.<\/li>\n<li>Construir nuevos estilos de gesti\u00f3n de las instituciones de seguridad donde la racionalidad, la eficiencia, la \u00e9tica, y la visi\u00f3n interactiva con los actores de nuestra sociedad se conviertan en nuevos indicadores de un cambio organizacional.<\/li>\n<li>Participar en el dise\u00f1o, evaluaci\u00f3n e implementaci\u00f3n de dispositivos de promoci\u00f3n de la seguridad vial vinculados a la planificaci\u00f3n urban\u00edstica de asentamientos urbanos y rurales.<\/li>\n<\/ul>\n<p>Realizar estudios, investigaciones y asesoramientos sobre situaciones que puedan lesionar los derechos y garant\u00edas de los usuarios de la v\u00eda p\u00fablica.<\/p>\n","protected":false},"excerpt":{"rendered":"<p>Perfil Profesional\u00a0 El T\u00e9cnico Superior en Educaci\u00f3n y Seguridad Vial estar\u00e1 capacitado para: Para dise\u00f1ar e implementar pol\u00edticas en materia de prevenci\u00f3n inherentes a la producci\u00f3n de los siniestros viales, mediante m\u00e9todos y t\u00e9cnicas aplicadas a la prevenci\u00f3n y educaci\u00f3n vial. Intervenir en el control de gesti\u00f3n y en las pol\u00edticas de prevenci\u00f3n de accidentes. &#8230; <a title=\"Perfil del Egresado. Campo Profesional y Alcance del T\u00edtulo.\" class=\"read-more\" href=\"https:\/\/isgoya-crr.infd.edu.ar\/sitio\/perfil-del-egresado-campo-profesional-y-alcance-del-titulo-29\/\" aria-label=\"More on Perfil del Egresado. Campo Profesional y Alcance del T\u00edtulo.\">[+]<\/a><\/p>\n","protected":false},"author":3545,"featured_media":0,"parent":0,"menu_order":0,"comment_status":"closed","ping_status":"closed","template":"","meta":[],"acf":[],"_links":{"self":[{"href":"https:\/\/isgoya-crr.infd.edu.ar\/sitio\/wp-json\/wp\/v2\/pages\/1384"}],"collection":[{"href":"https:\/\/isgoya-crr.infd.edu.ar\/sitio\/wp-json\/wp\/v2\/pages"}],"about":[{"href":"https:\/\/isgoya-crr.infd.edu.ar\/sitio\/wp-json\/wp\/v2\/types\/page"}],"author":[{"embeddable":true,"href":"https:\/\/isgoya-crr.infd.edu.ar\/sitio\/wp-json\/wp\/v2\/users\/3545"}],"replies":[{"embeddable":true,"href":"https:\/\/isgoya-crr.infd.edu.ar\/sitio\/wp-json\/wp\/v2\/comments?post=1384"}],"version-history":[{"count":1,"href":"https:\/\/isgoya-crr.infd.edu.ar\/sitio\/wp-json\/wp\/v2\/pages\/1384\/revisions"}],"predecessor-version":[{"id":1385,"href":"https:\/\/isgoya-crr.infd.edu.ar\/sitio\/wp-json\/wp\/v2\/pages\/1384\/revisions\/1385"}],"wp:attachment":[{"href":"https:\/\/isgoya-crr.infd.edu.ar\/sitio\/wp-json\/wp\/v2\/media?parent=1384"}],"curies":[{"name":"wp","href":"https:\/\/api.w.org\/{rel}","templated":true}]}}