{"id":1455,"date":"2022-11-16T21:07:00","date_gmt":"2022-11-17T00:07:00","guid":{"rendered":"https:\/\/isgoya-crr.infd.edu.ar\/sitio\/?page_id=1455"},"modified":"2022-11-16T21:07:00","modified_gmt":"2022-11-17T00:07:00","slug":"tecnico-superior-en-hoteleria","status":"publish","type":"page","link":"https:\/\/isgoya-crr.infd.edu.ar\/sitio\/tecnico-superior-en-hoteleria\/","title":{"rendered":"T\u00e9cnico Superior en Hoteler\u00eda"},"content":{"rendered":"\n<div class=\"wp-block-image\"><figure class=\"aligncenter size-large\"><img decoding=\"async\" loading=\"lazy\" width=\"286\" height=\"176\" src=\"https:\/\/isgoya-crr.infd.edu.ar\/sitio\/wp-content\/uploads\/2022\/11\/HOTELERIA.jpg\" alt=\"\" class=\"wp-image-1456\"\/><\/figure><\/div>\n\n\n\n<p><\/p>\n\n\n\n<p class=\"has-text-align-center\">COMPETENCIAS DEL TITULO<\/p>\n\n\n\n<p class=\"has-text-align-left\"><br>\u25cf Intervenir en el dise\u00f1o del equipamiento, estilos de decoraci\u00f3n, mantenimiento y organizaci\u00f3n de los espacios de un hotel, habitaciones, departamentos, pisos y \u00e1reas p\u00fablicas,<br>\u25cf Seleccionar y operar el sistema de reservas.<br>\u25cf Organizar la recepci\u00f3n y conserjer\u00eda.<br>\u25cf Controlar la producci\u00f3n de servicios de hospedaje y gastronom\u00eda, as\u00ed como la prestaci\u00f3n de servicios complementarios de informaci\u00f3n y asistencia al hu\u00e9sped.<br>\u25cf Preservar el bienestar de los pasajeros y del personal.<br>\u25cf Relacionar el hotel con los diferentes componentes del sistema tur\u00edstico y conocer las pol\u00edticas tur\u00edsticas del lugar en que se encuentra.<br>\u25cf Coordinar las actividades recreativas y extra hoteleras.<br>\u25cf Asistir en los procedimientos de compra, control de stock e inventarios de los distintos departamentos del establecimiento hotelero.<br>\u25cf Administrar los recursos para el servicio de eventos y catering.<br>\u25cf Optimizar el funcionamiento de los departamentos operativos en su conjunto.<\/p>\n","protected":false},"excerpt":{"rendered":"<p>COMPETENCIAS DEL TITULO \u25cf Intervenir en el dise\u00f1o del equipamiento, estilos de decoraci\u00f3n, mantenimiento y organizaci\u00f3n de los espacios de un hotel, habitaciones, departamentos, pisos y \u00e1reas p\u00fablicas,\u25cf Seleccionar y operar el sistema de reservas.\u25cf Organizar la recepci\u00f3n y conserjer\u00eda.\u25cf Controlar la producci\u00f3n de servicios de hospedaje y gastronom\u00eda, as\u00ed como la prestaci\u00f3n de servicios &#8230; <a title=\"T\u00e9cnico Superior en Hoteler\u00eda\" class=\"read-more\" href=\"https:\/\/isgoya-crr.infd.edu.ar\/sitio\/tecnico-superior-en-hoteleria\/\" aria-label=\"More on T\u00e9cnico Superior en Hoteler\u00eda\">[+]<\/a><\/p>\n","protected":false},"author":2137,"featured_media":0,"parent":0,"menu_order":0,"comment_status":"closed","ping_status":"closed","template":"","meta":[],"acf":[],"_links":{"self":[{"href":"https:\/\/isgoya-crr.infd.edu.ar\/sitio\/wp-json\/wp\/v2\/pages\/1455"}],"collection":[{"href":"https:\/\/isgoya-crr.infd.edu.ar\/sitio\/wp-json\/wp\/v2\/pages"}],"about":[{"href":"https:\/\/isgoya-crr.infd.edu.ar\/sitio\/wp-json\/wp\/v2\/types\/page"}],"author":[{"embeddable":true,"href":"https:\/\/isgoya-crr.infd.edu.ar\/sitio\/wp-json\/wp\/v2\/users\/2137"}],"replies":[{"embeddable":true,"href":"https:\/\/isgoya-crr.infd.edu.ar\/sitio\/wp-json\/wp\/v2\/comments?post=1455"}],"version-history":[{"count":1,"href":"https:\/\/isgoya-crr.infd.edu.ar\/sitio\/wp-json\/wp\/v2\/pages\/1455\/revisions"}],"predecessor-version":[{"id":1457,"href":"https:\/\/isgoya-crr.infd.edu.ar\/sitio\/wp-json\/wp\/v2\/pages\/1455\/revisions\/1457"}],"wp:attachment":[{"href":"https:\/\/isgoya-crr.infd.edu.ar\/sitio\/wp-json\/wp\/v2\/media?parent=1455"}],"curies":[{"name":"wp","href":"https:\/\/api.w.org\/{rel}","templated":true}]}}