{"id":1462,"date":"2022-11-16T21:17:33","date_gmt":"2022-11-17T00:17:33","guid":{"rendered":"https:\/\/isgoya-crr.infd.edu.ar\/sitio\/?page_id=1462"},"modified":"2022-11-16T21:17:34","modified_gmt":"2022-11-17T00:17:34","slug":"perfil-profesional-del-tecnico-en-hoteleria","status":"publish","type":"page","link":"https:\/\/isgoya-crr.infd.edu.ar\/sitio\/perfil-profesional-del-tecnico-en-hoteleria\/","title":{"rendered":"Perfil Profesional del T\u00e9cnico en Hoteler\u00eda"},"content":{"rendered":"\n<p>PERFIL PROFESIONAL<\/p>\n\n\n\n<p>El egresado de la Tecnicatura Superior en Hoteler\u00eda debe ser capaz de:<br>\u25cf Generar y desarrollar, los diferentes procesos que integran el sistema hotelero.<br>\u25cf Supervisar y gerenciar las \u00e1reas de producci\u00f3n de servicio coordinando con el resto de los sectores y servicios de alojamiento.<br>\u25cf Identificar e incorporar estrategias que le permitan asumir un rol proactivo ante las necesidades hoteleras.<br>\u25cf Utilizar la tecnolog\u00eda disponible y conocimientos de idiomas, como herramientas de gesti\u00f3n y medios de comunicaci\u00f3n, para el servicio y comunicaci\u00f3n con el hu\u00e9sped.<br>\u25cf Programar y controlar la ejecuci\u00f3n de programas de higiene y seguridad laboral.<br>\u25cf Brindar servicios al hu\u00e9sped desde el primer contacto con el establecimiento o sector hasta su partida.<br>\u25cf Manifestar compromiso y responsabilidad profesional y social en el trato con los clientes y prestadores de servicios.<br>\u25cf Participar con entidades p\u00fablicas y privadas en el dise\u00f1o, desarrollo y consolidaci\u00f3n de nuevos emprendimientos hoteleros.<br>\u25cf Trabajar en equipo con las personas de todos los sectores del hotel, para crear una buena coordinaci\u00f3n inter-funcional para que el conjunto de la empresa funcione.<br>\u25cf Prestar servicio en empresas relacionadas con el rubro, como ser, restaurantes, bares, teatros, salones para eventos, organizadores de eventos, entre otros.<\/p>\n","protected":false},"excerpt":{"rendered":"<p>PERFIL PROFESIONAL El egresado de la Tecnicatura Superior en Hoteler\u00eda debe ser capaz de:\u25cf Generar y desarrollar, los diferentes procesos que integran el sistema hotelero.\u25cf Supervisar y gerenciar las \u00e1reas de producci\u00f3n de servicio coordinando con el resto de los sectores y servicios de alojamiento.\u25cf Identificar e incorporar estrategias que le permitan asumir un rol &#8230; <a title=\"Perfil Profesional del T\u00e9cnico en Hoteler\u00eda\" class=\"read-more\" href=\"https:\/\/isgoya-crr.infd.edu.ar\/sitio\/perfil-profesional-del-tecnico-en-hoteleria\/\" aria-label=\"More on Perfil Profesional del T\u00e9cnico en Hoteler\u00eda\">[+]<\/a><\/p>\n","protected":false},"author":2137,"featured_media":0,"parent":0,"menu_order":0,"comment_status":"closed","ping_status":"closed","template":"","meta":[],"acf":[],"_links":{"self":[{"href":"https:\/\/isgoya-crr.infd.edu.ar\/sitio\/wp-json\/wp\/v2\/pages\/1462"}],"collection":[{"href":"https:\/\/isgoya-crr.infd.edu.ar\/sitio\/wp-json\/wp\/v2\/pages"}],"about":[{"href":"https:\/\/isgoya-crr.infd.edu.ar\/sitio\/wp-json\/wp\/v2\/types\/page"}],"author":[{"embeddable":true,"href":"https:\/\/isgoya-crr.infd.edu.ar\/sitio\/wp-json\/wp\/v2\/users\/2137"}],"replies":[{"embeddable":true,"href":"https:\/\/isgoya-crr.infd.edu.ar\/sitio\/wp-json\/wp\/v2\/comments?post=1462"}],"version-history":[{"count":1,"href":"https:\/\/isgoya-crr.infd.edu.ar\/sitio\/wp-json\/wp\/v2\/pages\/1462\/revisions"}],"predecessor-version":[{"id":1463,"href":"https:\/\/isgoya-crr.infd.edu.ar\/sitio\/wp-json\/wp\/v2\/pages\/1462\/revisions\/1463"}],"wp:attachment":[{"href":"https:\/\/isgoya-crr.infd.edu.ar\/sitio\/wp-json\/wp\/v2\/media?parent=1462"}],"curies":[{"name":"wp","href":"https:\/\/api.w.org\/{rel}","templated":true}]}}