{"id":1465,"date":"2022-11-16T21:19:55","date_gmt":"2022-11-17T00:19:55","guid":{"rendered":"https:\/\/isgoya-crr.infd.edu.ar\/sitio\/?page_id=1465"},"modified":"2022-11-16T21:19:56","modified_gmt":"2022-11-17T00:19:56","slug":"campo-profesional-del-tecnico-en-hoteleria","status":"publish","type":"page","link":"https:\/\/isgoya-crr.infd.edu.ar\/sitio\/campo-profesional-del-tecnico-en-hoteleria\/","title":{"rendered":"Campo profesional del T\u00e9cnico en Hoteler\u00eda"},"content":{"rendered":"\n<p>El T\u00e9cnico Superior en Hoteler\u00eda es un profesional, capacitado para desempe\u00f1arse a nivel local, regional e internacional en los niveles de conducci\u00f3n gerencial o administrativa del sector de los servicios en general y de alojamiento en particular.<br>Es el encargado de ofrecer un servicio acorde con los criterios de calidad, accesibilidad, sostenibilidad, diversidad de g\u00e9nero y equidad social.<br>Gestiona los procesos operativos de alojamiento, integra equipos de trabajo y articula acciones, para brindar prestaciones de acuerdo a los criterios de la organizaci\u00f3n en el marco de la normativa vigente.<br>El T\u00e9cnico Superior en Hoteler\u00eda podr\u00e1 desempe\u00f1arse en relaci\u00f3n de dependencia o de manera aut\u00f3noma, gerenciando emprendimientos propios y\/o en todo tipo de empresas que brinden servicios de alojamiento, sean \u00e9stas del sector oficial o privado.<\/p>\n","protected":false},"excerpt":{"rendered":"<p>El T\u00e9cnico Superior en Hoteler\u00eda es un profesional, capacitado para desempe\u00f1arse a nivel local, regional e internacional en los niveles de conducci\u00f3n gerencial o administrativa del sector de los servicios en general y de alojamiento en particular.Es el encargado de ofrecer un servicio acorde con los criterios de calidad, accesibilidad, sostenibilidad, diversidad de g\u00e9nero y &#8230; <a title=\"Campo profesional del T\u00e9cnico en Hoteler\u00eda\" class=\"read-more\" href=\"https:\/\/isgoya-crr.infd.edu.ar\/sitio\/campo-profesional-del-tecnico-en-hoteleria\/\" aria-label=\"More on Campo profesional del T\u00e9cnico en Hoteler\u00eda\">[+]<\/a><\/p>\n","protected":false},"author":2137,"featured_media":0,"parent":0,"menu_order":0,"comment_status":"closed","ping_status":"closed","template":"","meta":[],"acf":[],"_links":{"self":[{"href":"https:\/\/isgoya-crr.infd.edu.ar\/sitio\/wp-json\/wp\/v2\/pages\/1465"}],"collection":[{"href":"https:\/\/isgoya-crr.infd.edu.ar\/sitio\/wp-json\/wp\/v2\/pages"}],"about":[{"href":"https:\/\/isgoya-crr.infd.edu.ar\/sitio\/wp-json\/wp\/v2\/types\/page"}],"author":[{"embeddable":true,"href":"https:\/\/isgoya-crr.infd.edu.ar\/sitio\/wp-json\/wp\/v2\/users\/2137"}],"replies":[{"embeddable":true,"href":"https:\/\/isgoya-crr.infd.edu.ar\/sitio\/wp-json\/wp\/v2\/comments?post=1465"}],"version-history":[{"count":1,"href":"https:\/\/isgoya-crr.infd.edu.ar\/sitio\/wp-json\/wp\/v2\/pages\/1465\/revisions"}],"predecessor-version":[{"id":1466,"href":"https:\/\/isgoya-crr.infd.edu.ar\/sitio\/wp-json\/wp\/v2\/pages\/1465\/revisions\/1466"}],"wp:attachment":[{"href":"https:\/\/isgoya-crr.infd.edu.ar\/sitio\/wp-json\/wp\/v2\/media?parent=1465"}],"curies":[{"name":"wp","href":"https:\/\/api.w.org\/{rel}","templated":true}]}}