{"id":869,"date":"2018-08-30T13:17:51","date_gmt":"2018-08-30T16:17:51","guid":{"rendered":"https:\/\/isgoya-crr.infd.edu.ar\/sitio\/informacion-de-reglamentos-para-alumnos\/"},"modified":"2019-02-21T11:00:25","modified_gmt":"2019-02-21T14:00:25","slug":"informacion-de-reglamentos-para-alumnos","status":"publish","type":"page","link":"https:\/\/isgoya-crr.infd.edu.ar\/sitio\/informacion-de-reglamentos-para-alumnos\/","title":{"rendered":"Informaci\u00f3n de Reglamentos para alumnos"},"content":{"rendered":"<p><span style=\"font-family: arial,helvetica,sans-serif;\"><span style=\"font-size: 10pt;\"><a title=\"Memo 2017\" href=\"upload\/Memo_2017.docx\" target=\"_blank\" rel=\"noopener\">Memo de Reg\u00edmenes de Promoci\u00f3n 2017<\/a><\/span><\/span><\/p>\n<p><span style=\"font-family: arial,helvetica,sans-serif;\"><span style=\"font-size: 10pt;\"><a title=\"Memo de Reg\u00edmenes de Promoci\u00f3n 2016\" href=\"upload\/MEMO_ultimo.docx\" target=\"_blank\" rel=\"noopener\">Memo de Reg\u00edmenes de Promoci\u00f3n 2016<\/a><\/span><\/span><\/p>\n<p><span style=\"font-family: arial,helvetica,sans-serif;\"><span style=\"font-size: 10pt;\"><a title=\"Res. 1805\/14\" href=\"upload\/DISEPA-Res1805-2014.pdf\" target=\"_blank\" rel=\"noopener\"><strong id=\"yui_3_16_0_ym19_1_1478280538204_6209\">Resoluci\u00f3n 1805\/14<\/strong>\u00a0Gu\u00eda de Intervenci\u00f3n Escolar ante el consumo problem\u00e1tico de Drogas<\/a><\/span><\/span><\/p>\n<p><span style=\"font-family: arial,helvetica,sans-serif;\"><span style=\"font-size: 10pt;\"><a href=\"upload\/REGLAMENTO_INTERNO.doc\">Regalmento Interno<\/a><\/span><\/span><\/p>\n<p><span style=\"font-family: arial,helvetica,sans-serif;\"><span style=\"font-size: 10pt;\"><a title=\"Reglamento Interno 2013\" href=\"upload\/REGLAMENTO%20ACAD%C9MICO%20INTERNO-.docx\" target=\"_blank\" rel=\"noopener\">Reglamento Acad\u00e9mico Interno (RAI)<\/a><\/span><\/span><\/p>\n<p><span style=\"font-family: arial,helvetica,sans-serif;\"><span style=\"font-size: 10pt;\"><a title=\"Reglamento de ex\u00e1menes finales \/13\" href=\"upload\/REGLEMENTO%20EX%C1MENES%20FINALES-13.docx\" target=\"_blank\" rel=\"noopener\">Reglamentos de ex\u00e1menes finale\/13<\/a><br \/>\n<\/span><\/span><\/p>\n<p><span style=\"font-family: arial,helvetica,sans-serif;\"><span style=\"font-size: 10pt;\"><a href=\"upload\/REGLAMENTO_DE_L_BIBLIOTECA_INSTITUCIONAL.doc\">Reglamento de Biblioteca Institucional<\/a><\/span><\/span><\/p>\n<p><a href=\"upload\/REGLAMENTO_DE_PRACTICA__Definitivo11tecnicaturas.doc\">Reglamento de Pr\u00e1ctica de las Tecnicaturas<\/a><\/p>\n<p><a href=\"upload\/REGLAMENTO_DE_PASANTIAS_Tecnicaturas.doc\">Reglamento de Pasantia de las Tecnicaturas<\/a><\/p>\n<p><a title=\"Pr\u00e1ctica y Residencia de Nivel Inicial\" href=\"upload\/TRAYECTO_DE_LA_PRACTICA_DOCENTE_Inicial2012.docx\" target=\"_blank\" rel=\"noopener\">Trayecto de Pr\u00e1ctica Docente de Educ. Inicial 2012<\/a><\/p>\n<p><a title=\"Reglamento Examenes Finales 2012\" href=\"upload\/REGLEMENTO_EXAMENES_FINALES12.docx\" target=\"_blank\" rel=\"noopener\">Reglamento de Examenes Finales 2012<\/a><\/p>\n<p><a title=\"TRAYECTO DE LA PR\u00c1CTICA DOCENTE. DE EDUCACI\u00d3N PRIMARIA\" href=\"upload\/TRAYECTO_DE_LA_PRACTICA_DOCENTE_PRIMARIA.docx\" target=\"_blank\" rel=\"noopener\">Trayecto de Pr\u00e1ctica Docente de Educaci\u00f3n Primaria<\/a><\/p>\n<p><a title=\"Reglamento Cooperadora \" href=\"upload\/Asociaci%F3n%20Cooperadora%20ISG.docx\" target=\"_blank\" rel=\"noopener\">Reglamento de Cooperadora<\/a><\/p>\n<h5 style=\"text-align: left;\">Reglamento de la PR\u00c1CTICA profesional del Profesorado de EDUCACI\u00d3N INICIAL y EDUCACI\u00d3N PRIMARIA:\u00a0<a href=\"http:\/\/www.dgescorrientes.net\/normativa\/Resolucion-1910-2012.pdf\" target=\"_blank\" rel=\"noopener\"><strong>Resoluci\u00f3n 1910\/2012<\/strong><\/a><\/h5>\n<h5 style=\"text-align: left;\">Reglamento de la PR\u00c1CTICA profesional del Profesorado de EDUCACI\u00d3N SECUNDARIA:\u00a0<a href=\"http:\/\/dgescorrientes.net\/Res.1977-2014-Practica.pdf\" target=\"_blank\" rel=\"noopener\"><strong>Resoluci\u00f3n 1977\/2014<\/strong><\/a><\/h5>\n","protected":false},"excerpt":{"rendered":"<p>Memo de Reg\u00edmenes de Promoci\u00f3n 2017 Memo de Reg\u00edmenes de Promoci\u00f3n 2016 Resoluci\u00f3n 1805\/14\u00a0Gu\u00eda de Intervenci\u00f3n Escolar ante el consumo problem\u00e1tico de Drogas Regalmento Interno Reglamento Acad\u00e9mico Interno (RAI) Reglamentos de ex\u00e1menes finale\/13 Reglamento de Biblioteca Institucional Reglamento de Pr\u00e1ctica de las Tecnicaturas Reglamento de Pasantia de las Tecnicaturas Trayecto de Pr\u00e1ctica Docente de Educ. &#8230; <a title=\"Informaci\u00f3n de Reglamentos para alumnos\" class=\"read-more\" href=\"https:\/\/isgoya-crr.infd.edu.ar\/sitio\/informacion-de-reglamentos-para-alumnos\/\" aria-label=\"More on Informaci\u00f3n de Reglamentos para alumnos\">[+]<\/a><\/p>\n","protected":false},"author":2329,"featured_media":0,"parent":0,"menu_order":0,"comment_status":"closed","ping_status":"closed","template":"","meta":[],"acf":[],"_links":{"self":[{"href":"https:\/\/isgoya-crr.infd.edu.ar\/sitio\/wp-json\/wp\/v2\/pages\/869"}],"collection":[{"href":"https:\/\/isgoya-crr.infd.edu.ar\/sitio\/wp-json\/wp\/v2\/pages"}],"about":[{"href":"https:\/\/isgoya-crr.infd.edu.ar\/sitio\/wp-json\/wp\/v2\/types\/page"}],"author":[{"embeddable":true,"href":"https:\/\/isgoya-crr.infd.edu.ar\/sitio\/wp-json\/wp\/v2\/users\/2329"}],"replies":[{"embeddable":true,"href":"https:\/\/isgoya-crr.infd.edu.ar\/sitio\/wp-json\/wp\/v2\/comments?post=869"}],"version-history":[{"count":5,"href":"https:\/\/isgoya-crr.infd.edu.ar\/sitio\/wp-json\/wp\/v2\/pages\/869\/revisions"}],"predecessor-version":[{"id":1285,"href":"https:\/\/isgoya-crr.infd.edu.ar\/sitio\/wp-json\/wp\/v2\/pages\/869\/revisions\/1285"}],"wp:attachment":[{"href":"https:\/\/isgoya-crr.infd.edu.ar\/sitio\/wp-json\/wp\/v2\/media?parent=869"}],"curies":[{"name":"wp","href":"https:\/\/api.w.org\/{rel}","templated":true}]}}