{"id":903,"date":"2018-08-30T13:18:04","date_gmt":"2018-08-30T16:18:04","guid":{"rendered":"https:\/\/isgoya-crr.infd.edu.ar\/sitio\/biblioteca\/"},"modified":"2019-02-21T12:07:17","modified_gmt":"2019-02-21T15:07:17","slug":"biblioteca","status":"publish","type":"page","link":"https:\/\/isgoya-crr.infd.edu.ar\/sitio\/biblioteca\/","title":{"rendered":"Biblioteca"},"content":{"rendered":"<p><img decoding=\"async\" loading=\"lazy\" class=\"size-medium wp-image-1295 aligncenter\" src=\"https:\/\/isgoya-crr.infd.edu.ar\/sitio\/wp-content\/uploads\/2019\/02\/20190221_103840-1000x563.jpg\" alt=\"\" width=\"1000\" height=\"563\" srcset=\"https:\/\/isgoya-crr.infd.edu.ar\/sitio\/wp-content\/uploads\/2019\/02\/20190221_103840-1000x563.jpg 1000w, https:\/\/isgoya-crr.infd.edu.ar\/sitio\/wp-content\/uploads\/2019\/02\/20190221_103840-768x432.jpg 768w, https:\/\/isgoya-crr.infd.edu.ar\/sitio\/wp-content\/uploads\/2019\/02\/20190221_103840-1900x1069.jpg 1900w\" sizes=\"(max-width: 1000px) 100vw, 1000px\" \/><\/p>\n<p style=\"text-align: justify;\">\u00a0 \u00a0La Biblioteca est\u00e1 ubicada en planta baja,\u00a0cuenta con una importante colecci\u00f3n de libros, casete, Cd, materiales did\u00e1cticos y tecnol\u00f3gicos. Los mismos se encuentran ordenados y clasificados por materia y usamos la clasificaci\u00f3n Decimal Universal (C.D.U), su creador Melvil Dewey, ideo la ordenaci\u00f3n decimal de los libros: 0-9; los diez grupos principales son.<\/p>\n<ul style=\"text-align: justify;\">\n<li>0- Obras generales<\/li>\n<li>1- Filosof\u00eda<\/li>\n<li>2- Religi\u00f3n<\/li>\n<li>3- Ciencias Sociales<\/li>\n<li>4- Filosof\u00eda Ling\u00fc\u00edstica<\/li>\n<li>5- Ciencias Puras<\/li>\n<li>6- Ciencias Aplicadas<\/li>\n<li>7- Bellas Artes<\/li>\n<li>8- Literatura<\/li>\n<li>9- Historia, Geograf\u00eda, Biograf\u00edas.<\/li>\n<\/ul>\n<p style=\"text-align: justify;\">\u00a0\u00a0 La biblioteca funciona en tres turnos (ma\u00f1ana, tarde y vespertino\/ noche)y cuenta con tres responsables de biblioteca, uno por turno, con roles y funciones diferentes: dos personas designadas como Bibliotecarias. Tambi\u00e9n, existe una inversi\u00f3n importante en la compra de libros y materiales, adquiridos a trav\u00e9s del Ministerio de Educaci\u00f3n de la Naci\u00f3n, de PMI docentes, de Cooperadora, de donaciones personales.<\/p>\n<p style=\"text-align: justify;\">\u00a0\u00a0 Adem\u00e1s, funciona como sala de multimedia, donde se encuentran el ca\u00f1\u00f3n, los televisores, reproductores de DVD, retroproyector, c\u00e1maras digitales, filmadoras, grabadores y todo otro material tecnol\u00f3gico \u00e1ulico. Las bibliotecarias tambi\u00e9n, se encargan de entregar estos materiales, controlar su\u00a0 estado y sus devoluciones.<\/p>\n<p style=\"text-align: justify;\"><a title=\"Reglamento Biblioteca\" href=\"upload\/REGLAMENTO_DE_L_BIBLIOTECA_INSTITUCIONAL.doc\" target=\"_blank\" rel=\"noopener\"><img decoding=\"async\" loading=\"lazy\" class=\"aligncenter\" title=\"Reglamento de Biblioteca Institucional\" src=\"https:\/\/isgoya-crr.infd.edu.ar\/sitio\/wp-content\/uploads\/2018\/08\/biblio.jpg\" alt=\"Reglamento de Biblioteca Institucional\" width=\"121\" height=\"109\" border=\"0\" \/><\/a><\/p>\n<h3 style=\"text-align: center;\"><span style=\"text-decoration: underline; font-size: 10pt;\"><strong>Horarios de Atenci\u00f3n<\/strong><\/span><\/h3>\n<h5 style=\"text-align: center;\">Turno Ma\u00f1ana: 8 hs. a 12 hs.\u00a0<strong>Bibliotecaria:\u00a0<\/strong>Marina<\/h5>\n<h5 style=\"text-align: center;\">Turno Tarde: 13:30 hs. a 17:45 hs.\u00a0<strong>Bibliotecaria: Carolina<\/strong><\/h5>\n<h5 style=\"text-align: center;\">Turno Noche: 18:30 hs. a 22:10 hs.\u00a0<strong>Bibliotecaria:\u00a0<\/strong>Marta<\/h5>\n<h5 style=\"text-align: center;\"><\/h5>\n<h5 style=\"text-align: center;\"><\/h5>\n<h5 style=\"text-align: justify;\"><\/h5>\n","protected":false},"excerpt":{"rendered":"<p>\u00a0 \u00a0La Biblioteca est\u00e1 ubicada en planta baja,\u00a0cuenta con una importante colecci\u00f3n de libros, casete, Cd, materiales did\u00e1cticos y tecnol\u00f3gicos. Los mismos se encuentran ordenados y clasificados por materia y usamos la clasificaci\u00f3n Decimal Universal (C.D.U), su creador Melvil Dewey, ideo la ordenaci\u00f3n decimal de los libros: 0-9; los diez grupos principales son. 0- Obras &#8230; <a title=\"Biblioteca\" class=\"read-more\" href=\"https:\/\/isgoya-crr.infd.edu.ar\/sitio\/biblioteca\/\" aria-label=\"More on Biblioteca\">[+]<\/a><\/p>\n","protected":false},"author":2329,"featured_media":0,"parent":0,"menu_order":0,"comment_status":"closed","ping_status":"closed","template":"","meta":[],"acf":[],"_links":{"self":[{"href":"https:\/\/isgoya-crr.infd.edu.ar\/sitio\/wp-json\/wp\/v2\/pages\/903"}],"collection":[{"href":"https:\/\/isgoya-crr.infd.edu.ar\/sitio\/wp-json\/wp\/v2\/pages"}],"about":[{"href":"https:\/\/isgoya-crr.infd.edu.ar\/sitio\/wp-json\/wp\/v2\/types\/page"}],"author":[{"embeddable":true,"href":"https:\/\/isgoya-crr.infd.edu.ar\/sitio\/wp-json\/wp\/v2\/users\/2329"}],"replies":[{"embeddable":true,"href":"https:\/\/isgoya-crr.infd.edu.ar\/sitio\/wp-json\/wp\/v2\/comments?post=903"}],"version-history":[{"count":5,"href":"https:\/\/isgoya-crr.infd.edu.ar\/sitio\/wp-json\/wp\/v2\/pages\/903\/revisions"}],"predecessor-version":[{"id":1300,"href":"https:\/\/isgoya-crr.infd.edu.ar\/sitio\/wp-json\/wp\/v2\/pages\/903\/revisions\/1300"}],"wp:attachment":[{"href":"https:\/\/isgoya-crr.infd.edu.ar\/sitio\/wp-json\/wp\/v2\/media?parent=903"}],"curies":[{"name":"wp","href":"https:\/\/api.w.org\/{rel}","templated":true}]}}