{"id":913,"date":"2018-08-30T13:18:08","date_gmt":"2018-08-30T16:18:08","guid":{"rendered":"https:\/\/isgoya-crr.infd.edu.ar\/sitio\/departamento-de-formacon-de-grado\/"},"modified":"2019-02-18T11:21:20","modified_gmt":"2019-02-18T14:21:20","slug":"departamento-de-formacon-de-grado","status":"publish","type":"page","link":"https:\/\/isgoya-crr.infd.edu.ar\/sitio\/departamento-de-formacon-de-grado\/","title":{"rendered":"Departamento de Formaci\u00f3n de Grado"},"content":{"rendered":"<p><strong>Funci\u00f3n del Departamento de Formac\u00f3n de Grado<\/strong><\/p>\n<p style=\"text-align: justify;\">El \u00abDepartamento de Formaci\u00f3n de Grado\u00bb en una instituci\u00f3n de FORMACI\u00d3N DOCENTE, cumple un rol fundamentalen el desarrollo dela EXCELEMCIA ACADEMICA y es por eso que las <em>funciones <\/em>que debe cumplir, seg\u00fan la Resoluci\u00f3n \u00ab<em> Reglamento Org\u00e1nico para las Instituciones de Educaci\u00f3n Superior Resoluci\u00f3n N\u00ba: 1561\/05&#8243;, <\/em>son las siguientes:<\/p>\n<ol>\n<li style=\"text-align: justify;\">Programar y dirigir las tareas de docencia seg\u00fan el Proyecto Educativo Institucional<\/li>\n<li style=\"text-align: justify;\">Analizar, evaluar y revisar permanentemente los procesos de formaci\u00f3n de los alumnos<\/li>\n<li style=\"text-align: justify;\">Asesorar en asuntos acad\u00e9micos relacionados exclusivamente con las funciones docentes que se llevan a cabo en las c\u00e1tedras que lo componen<\/li>\n<li style=\"text-align: justify;\">Coordinar el desarrollo de los planes de estudios, para evitar superposiciones de c\u00e1tedras y contenidos, a fin de integrar la docencia y mejorar el nivel del proceso de ense\u00f1anza-aprendizaje<\/li>\n<li style=\"text-align: justify;\">Proponer a los profesores la estructura, reforma o cambio de programas de estudios de las asignaturas que integren las carreras<\/li>\n<li style=\"text-align: justify;\">Analizar la organizaci\u00f3n interna de los planes de estudios y la posible reformulaci\u00f3n de los mismos<\/li>\n<li style=\"text-align: justify;\">Asesorar en la adquisici\u00f3n de material did\u00e1ctico de todo orden para el dictado de los cursos<\/li>\n<li style=\"text-align: justify;\">Coordinar actividades con los otros Departementos<\/li>\n<\/ol>\n<p><strong><span style=\"text-decoration: underline;\">Objetivos:<\/span><\/strong><\/p>\n<ul>\n<li>Brindar asesoramiento a los docentes para alcanzar una mejora en la pr\u00e1ctica docente<\/li>\n<li>Generar espacios de encuentros que permitan crear estrategias para la mejora institucional<\/li>\n<li>Establecer redes inter-institucionales, para una mejor visi\u00f3n del contexto, para responder a la diversidad de demandas socio-profesionales<\/li>\n<li>Reconocer el lugar de cada agente institucional, para definir de una mejor manera, los roles establecidos<\/li>\n<li>Analizar, reflexionar e interpretar las nuevas normativas, as\u00ed como tambi\u00e9n los nuevos acuerdos de convivencia para una mejor relaci\u00f3n entre los agentes educativos, el contexto y las demandas sociales<\/li>\n<li>Acompa\u00f1ar a los DEPARTAMENTOS DE INVESTIGACI\u00d3N Y CAPACITACI\u00d3N, para el logro de los objetivos institucionales<\/li>\n<li>Realizar un proceso de Autoevaluaci\u00f3n permanente, para no perder de vista el desarrollo y crecimiento institucional<\/li>\n<li>Organizar y coordinar equipos de trabajos para el desarrollo de diferentes estrategias institucionales<\/li>\n<\/ul>\n<p><strong><span style=\"text-decoration: underline;\">L\u00edneas de Acci\u00f3n:<\/span><\/strong><\/p>\n<p><strong><span style=\"text-decoration: underline;\"><img decoding=\"async\" title=\"L\u00edneas de Acci\u00f3n\" src=\"https:\/\/isgoya-crr.infd.edu.ar\/sitio\/wp-content\/uploads\/2018\/08\/anabela.gif\" alt=\"L\u00edneas de Acci\u00f3n\" border=\"0\" \/><\/span><\/strong><\/p>\n","protected":false},"excerpt":{"rendered":"<p>Funci\u00f3n del Departamento de Formac\u00f3n de Grado El \u00abDepartamento de Formaci\u00f3n de Grado\u00bb en una instituci\u00f3n de FORMACI\u00d3N DOCENTE, cumple un rol fundamentalen el desarrollo dela EXCELEMCIA ACADEMICA y es por eso que las funciones que debe cumplir, seg\u00fan la Resoluci\u00f3n \u00ab Reglamento Org\u00e1nico para las Instituciones de Educaci\u00f3n Superior Resoluci\u00f3n N\u00ba: 1561\/05&#8243;, son las &#8230; <a title=\"Departamento de Formaci\u00f3n de Grado\" class=\"read-more\" href=\"https:\/\/isgoya-crr.infd.edu.ar\/sitio\/departamento-de-formacon-de-grado\/\" aria-label=\"More on Departamento de Formaci\u00f3n de Grado\">[+]<\/a><\/p>\n","protected":false},"author":2329,"featured_media":0,"parent":0,"menu_order":0,"comment_status":"closed","ping_status":"closed","template":"","meta":[],"acf":[],"_links":{"self":[{"href":"https:\/\/isgoya-crr.infd.edu.ar\/sitio\/wp-json\/wp\/v2\/pages\/913"}],"collection":[{"href":"https:\/\/isgoya-crr.infd.edu.ar\/sitio\/wp-json\/wp\/v2\/pages"}],"about":[{"href":"https:\/\/isgoya-crr.infd.edu.ar\/sitio\/wp-json\/wp\/v2\/types\/page"}],"author":[{"embeddable":true,"href":"https:\/\/isgoya-crr.infd.edu.ar\/sitio\/wp-json\/wp\/v2\/users\/2329"}],"replies":[{"embeddable":true,"href":"https:\/\/isgoya-crr.infd.edu.ar\/sitio\/wp-json\/wp\/v2\/comments?post=913"}],"version-history":[{"count":1,"href":"https:\/\/isgoya-crr.infd.edu.ar\/sitio\/wp-json\/wp\/v2\/pages\/913\/revisions"}],"predecessor-version":[{"id":1226,"href":"https:\/\/isgoya-crr.infd.edu.ar\/sitio\/wp-json\/wp\/v2\/pages\/913\/revisions\/1226"}],"wp:attachment":[{"href":"https:\/\/isgoya-crr.infd.edu.ar\/sitio\/wp-json\/wp\/v2\/media?parent=913"}],"curies":[{"name":"wp","href":"https:\/\/api.w.org\/{rel}","templated":true}]}}