{"id":934,"date":"2018-08-30T13:18:15","date_gmt":"2018-08-30T16:18:15","guid":{"rendered":"https:\/\/isgoya-crr.infd.edu.ar\/sitio\/tecnicatura-superior-en-gestion-de-la-produccion-agropecuaria-ext-aulica-col-carolina\/"},"modified":"2018-08-30T13:18:15","modified_gmt":"2018-08-30T16:18:15","slug":"tecnicatura-superior-en-gestion-de-la-produccion-agropecuaria-ext-aulica-col-carolina","status":"publish","type":"page","link":"https:\/\/isgoya-crr.infd.edu.ar\/sitio\/tecnicatura-superior-en-gestion-de-la-produccion-agropecuaria-ext-aulica-col-carolina\/","title":{"rendered":"Tecnicatura Superior en Gesti\u00f3n de la Producci\u00f3n Agropecuaria (Ext. A\u00falica  Col. Carolina)"},"content":{"rendered":"<p><img decoding=\"async\" loading=\"lazy\" style=\"display: block; margin-left: auto; margin-right: auto;\" title=\"Agropecuaria\" src=\"https:\/\/isgoya-crr.infd.edu.ar\/sitio\/wp-content\/uploads\/2018\/08\/agro5.jpg\" border=\"0\" alt=\"Agropecuaria\" width=\"295\" height=\"223\"><\/p>\n<p>&nbsp;<\/p>\n<p style=\"text-align: center;\"><span style=\"font-size: 12pt; color: #77a552; font-family: arial, helvetica, sans-serif;\"><strong>OBJETIVOS DE LA CARRERA<\/strong><\/span><\/p>\n<p style=\"text-align: justify;\"><span style=\"font-size: 10pt; font-family: arial, helvetica, sans-serif;\">Preparar t&eacute;cnicos capaces de::<\/span><\/p>\n<ul style=\"text-align: justify;\">\n<li><span style=\"font-size: 10pt; font-family: arial, helvetica, sans-serif;\">Gestionar y organizar la empresa agropecuaria considerando el contexto socioecon&oacute;mico y productivo en que est&aacute; inserta con criterios de equidad, responsabilidad social y sustentabilidad.<\/span><\/li>\n<\/ul>\n<ul style=\"text-align: justify;\">\n<li><span style=\"font-size: 10pt; font-family: arial, helvetica, sans-serif;\">Participar, promover y valorar procesos tendientes al desarrollo sustentable del territorio y su sistema agroproductivo.<\/span><\/li>\n<\/ul>\n<ul style=\"text-align: justify;\">\n<li><span style=\"font-size: 10pt; font-family: arial, helvetica, sans-serif;\">Gestionar la comercializaci&oacute;n de los productos y\/o servicios agropecuarios<\/span><\/li>\n<\/ul>\n<ul style=\"text-align: justify;\">\n<li><span style=\"font-size: 10pt; font-family: arial, helvetica, sans-serif;\">Organizar, controlar y efectuar el uso y funcionamiento, el mantenimiento y la reparaci&oacute;n b&aacute;sica de las instalaciones, maquinarias, equipos e implementos de uso agropecuario<\/span><\/li>\n<\/ul>\n<ul style=\"text-align: justify;\">\n<li><span style=\"font-size: 10pt; font-family: arial, helvetica, sans-serif;\">Planificar, organizar, ejecutar y supervisar los diferentes procesos de producci&oacute;n del sistema agroproductivo bajo un criterio de sustentabilidad:<\/span><\/li>\n<\/ul>\n<p style=\"text-align: justify;\"><span style=\"font-size: 10pt; font-family: arial, helvetica, sans-serif;\">&nbsp; &nbsp; &nbsp; &nbsp; &nbsp; &nbsp; &nbsp; *&nbsp;Planificar, organizar, ejecutar y supervisar el sistema de producci&oacute;n vegetal.<\/span><\/p>\n<p style=\"text-align: justify;\"><span style=\"font-size: 10pt; font-family: arial, helvetica, sans-serif;\">&nbsp; &nbsp; &nbsp; &nbsp; &nbsp; &nbsp; &nbsp; *&nbsp;Planificar, organizar, ejecutar y supervisar el sistema de producci&oacute;n animal.<\/span><\/p>\n<p style=\"text-align: justify;\"><span style=\"font-size: 10pt; font-family: arial, helvetica, sans-serif;\">&nbsp;<\/span><\/p><\/p>\n","protected":false},"excerpt":{"rendered":"<p>&nbsp; OBJETIVOS DE LA CARRERA Preparar t&eacute;cnicos capaces de:: Gestionar y organizar la empresa agropecuaria considerando el contexto socioecon&oacute;mico y productivo en que est&aacute; inserta con criterios de equidad, responsabilidad social y sustentabilidad. Participar, promover y valorar procesos tendientes al desarrollo sustentable del territorio y su sistema agroproductivo. Gestionar la comercializaci&oacute;n de los productos y\/o &#8230; <a title=\"Tecnicatura Superior en Gesti\u00f3n de la Producci\u00f3n Agropecuaria (Ext. A\u00falica  Col. Carolina)\" class=\"read-more\" href=\"https:\/\/isgoya-crr.infd.edu.ar\/sitio\/tecnicatura-superior-en-gestion-de-la-produccion-agropecuaria-ext-aulica-col-carolina\/\" aria-label=\"More on Tecnicatura Superior en Gesti\u00f3n de la Producci\u00f3n Agropecuaria (Ext. A\u00falica  Col. Carolina)\">[+]<\/a><\/p>\n","protected":false},"author":2329,"featured_media":0,"parent":0,"menu_order":0,"comment_status":"closed","ping_status":"closed","template":"","meta":[],"acf":[],"_links":{"self":[{"href":"https:\/\/isgoya-crr.infd.edu.ar\/sitio\/wp-json\/wp\/v2\/pages\/934"}],"collection":[{"href":"https:\/\/isgoya-crr.infd.edu.ar\/sitio\/wp-json\/wp\/v2\/pages"}],"about":[{"href":"https:\/\/isgoya-crr.infd.edu.ar\/sitio\/wp-json\/wp\/v2\/types\/page"}],"author":[{"embeddable":true,"href":"https:\/\/isgoya-crr.infd.edu.ar\/sitio\/wp-json\/wp\/v2\/users\/2329"}],"replies":[{"embeddable":true,"href":"https:\/\/isgoya-crr.infd.edu.ar\/sitio\/wp-json\/wp\/v2\/comments?post=934"}],"version-history":[{"count":0,"href":"https:\/\/isgoya-crr.infd.edu.ar\/sitio\/wp-json\/wp\/v2\/pages\/934\/revisions"}],"wp:attachment":[{"href":"https:\/\/isgoya-crr.infd.edu.ar\/sitio\/wp-json\/wp\/v2\/media?parent=934"}],"curies":[{"name":"wp","href":"https:\/\/api.w.org\/{rel}","templated":true}]}}