{"id":960,"date":"2018-08-30T13:18:24","date_gmt":"2018-08-30T16:18:24","guid":{"rendered":"https:\/\/isgoya-crr.infd.edu.ar\/sitio\/historia-2\/"},"modified":"2019-02-18T16:56:30","modified_gmt":"2019-02-18T19:56:30","slug":"historia-2","status":"publish","type":"page","link":"https:\/\/isgoya-crr.infd.edu.ar\/sitio\/historia-2\/","title":{"rendered":"Historia Institucional"},"content":{"rendered":"<p><strong><span style=\"color: #0099ff;\">BREVE HISTORIA INSTITUCIONAL<\/span><\/strong><\/p>\n<p>&nbsp;<\/p>\n<p><strong><span style=\"text-decoration: underline;\">Fecha y finalidad original de la fundaci\u00f3n<\/span><\/strong><\/p>\n<p>&nbsp;<\/p>\n<p>A partir del 24 de marzo de 2003, comienza a funcionar, en Goya (Ctes), el Instituto Superior \u00abGOYA\u00bb como resultado de la fusi\u00f3n del Instituto Superior \u00abMagdalena G\u00fcemes de Tejada\u00bb, I FD \u00abMariano I. Loza\u00bb y Centro Educativo de Nivel Terciario N\u00ba 1, por Resoluci\u00f3n Ministerial N\u00b0 347\/03.<\/p>\n<p>Dicha creaci\u00f3n tuvo como prop\u00f3sitos fundamentales:<\/p>\n<ul>\n<li>\n<div>La realizaci\u00f3n de acciones que permitan el reordenamiento gradual y progresivo de los Institutos Superiores,<\/div>\n<\/li>\n<li>\n<div>Que la oferta de formaci\u00f3n docente y t\u00e9cnica sea el resultado de una planificaci\u00f3n global, evitando as\u00ed la superposici\u00f3n de carreras de igual modalidad,<\/div>\n<\/li>\n<li>\n<div>La consolidaci\u00f3n de una estructura cuyo funcionamiento garantice niveles crecientes de autonom\u00eda institucional, con una fuerte organizaci\u00f3n acad\u00e9mica y administrativa en la cual puedan formarse profesionales altamente id\u00f3neos y comprometidos con el quehacer educativo y t\u00e9cnico,<\/div>\n<\/li>\n<li>\n<div>Evitar la dispersi\u00f3n de profesores, de recursos did\u00e1cticos, bibliotecas y personal especializado.<\/div>\n<\/li>\n<\/ul>\n<p><strong><span style=\"text-decoration: underline;\">Origen del nombre<\/span><\/strong><\/p>\n<p>De com\u00fan acuerdo entre las instituciones que se fusionaron, se decidi\u00f3 nombrar a la nueva instituci\u00f3n con la denominaci\u00f3n: \u00abInstituto Superior GOYA\u00bb, escogiendo este nombre como aquel que no tuviera relaci\u00f3n alguna que marque un favoritismo entre ellas y, adem\u00e1s, para representar a la ciudad en la que est\u00e1 situado, siendo \u00e9ste el \u00fanico Instituto de Nivel Superior estatal en dicha ciudad<\/p>\n<p><strong>Caracter\u00edsticas que pose\u00eda el servicio en sus comienzos. Caracter\u00edsticas de los destinatarios originales Caracter\u00edsticas de las etapas de desarrollo, momentos de progreso, involuci\u00f3n y\/o estabilidad.<\/strong><\/p>\n<p><strong><span style=\"text-decoration: underline;\">Centro Educativo de Nivel Terciario N\u00b01 (CENT N\u00b01)<\/span><\/strong><\/p>\n<p>Este centro funciona desde el 3 de agosto de 1987, dependiendo de la Direcci\u00f3n Nacional de Educaci\u00f3n del Adulto (DINEA), para satisfacer la demanda local de personal t\u00e9cnico capacitado en administraci\u00f3n, fundamentalmente destinado a adultos. La oferta que ofreci\u00f3 consist\u00eda en una Tecnicatura Superior en Administraci\u00f3n de tres ciclos de duraci\u00f3n, con el titulo intermedio de Auxiliar Superior en Administraci\u00f3n de Empresas, al cumplimentar el segundo ciclo. Con el transcurso del tiempo los destinatarios adultos fueron los menos y creci\u00f3 la poblaci\u00f3n de alumnos reci\u00e9n egresados del nivel medio.<\/p>\n<p>En 1999 se implement\u00f3 la carrera anual de Liquidador de Sueldos e Impuestos.<\/p>\n<p><strong><span style=\"text-decoration: underline;\">Instituto Superior del Profesorado y Anexo Escuela Profesional \u00abMagdalena G\u00fcemes de Tejada\u00bb<\/span><\/strong><\/p>\n<p><strong><em>1915-<\/em><\/strong> Se crea como \u00abEscuela Profesional de Mujeres\u00bb dictando cursos de capa-citaci\u00f3n en Corte y Confecci\u00f3n, Cocina y Lencer\u00eda.<\/p>\n<p>El 30\/04\/49 se provincializa con el nombre de Escuela Profesional de Mujeres \u00abMar\u00eda Eva Duarte de Per\u00f3n\u00bb.<\/p>\n<p><strong><em>1971-<\/em><\/strong> Se amplia la oferta de capacitaci\u00f3n: Corte y confecci\u00f3n, Bordado a mano, bordado a M\u00e1quina, Cocina y Reposter\u00eda, Tejidos.<\/p>\n<p><strong><em>1978-<\/em><\/strong>Se incorpora el Instituto de Artes Visuales y tambi\u00e9n las especialidades de formaci\u00f3n profesional de la Escuela Valent\u00edn Virasoro.<\/p>\n<p><strong><em>1983-<\/em><\/strong> Se le impone el nombre de Escuela Profesional \u00abMagdalena G\u00fcemes de Tejada\u00bb.<\/p>\n<p><strong><em>1984-<\/em><\/strong> Comienza a funcionar el Ciclo B\u00e1sico Com\u00fan Profesional y pasa a ser escuela de 1ra categor\u00eda.<\/p>\n<p><strong><em>1987-<\/em><\/strong> Se crea el Ciclo Superior del Bachillerato con Orientaci\u00f3n en Actividades Pr\u00e1cticas.<\/p>\n<p><strong><em>1989-<\/em><\/strong> Comienzan las carreras terciarias con el \u00abMagisterio en Actividades Pr\u00e1cticas\u00bb y se anexa la Escuela Profesional al Instituto Superior del Profesorado en Actividades Pr\u00e1cticas.<\/p>\n<p><strong><em>1993-<\/em><\/strong> Se dicta Curso de Formaci\u00f3n Docente para T\u00e9cnicos y Profesionales Universitarios.<\/p>\n<p><strong><em>1994-<\/em><\/strong> Comienza el Profesorado en Ciencias de la Educaci\u00f3n.<\/p>\n<p><strong><em>1996-<\/em><\/strong> Se suspende la inscripci\u00f3n en las carreras de Formaci\u00f3n Docente. Se desarrolla la Tecnicatura Superior en Granja y la Tecnicatura Superior en Nutrici\u00f3n.<\/p>\n<p><strong><em>1997-<\/em><\/strong> Acuerdo con la Universidad de la Cuenca del Plata.<\/p>\n<p><strong><em>2001-<\/em><\/strong> Se crea el Profesorado del Tercer Ciclo de la EGB y la Educaci\u00f3n Poli-modal en Filosof\u00eda.<\/p>\n<p><strong><em>2003-<\/em><\/strong> Se fusiona y se crea la extensi\u00f3n del Instituto en la ciudad de Santa Luc\u00eda con el profesorado del tercer Ciclo de la EGB y la Educaci\u00f3n Polimodal en Matem\u00e1tica.<\/p>\n<p><strong><span style=\"text-decoration: underline;\">Instituto Superior de Ense\u00f1anza Primaria \u00abDr. Mariano I. Loza\u00bb<\/span><\/strong><\/p>\n<p>El Instituto de Formaci\u00f3n Docente \u00abMariano I. Loza\u00bb vincula su historia a la de la Escuela Normal Superior hom\u00f3nima, su inmediato precedente. Por este motivo, es necesario hacer referencia, en primer lugar, a dicha instituci\u00f3n:<\/p>\n<p><strong><em>1886-<\/em><\/strong> La Escuela Normal Mixta de Maestros de Goya, Corrientes, hoy Escuela Normal Superior, naci\u00f3 como intenci\u00f3n de educaci\u00f3n y de progreso cultural, cuando por iniciativa de un grupo vecinos se constituy\u00f3, el 25 de marzo de 1886, la Sociedad Amigos de la educaci\u00f3n, cuya finalidad era la fundaci\u00f3n de un Colegio de Se\u00f1oritas en Goya. Desde esa fecha, y hasta 1909, dicha Sociedad fue presidida por el Dr. Mariano I. Loza.<\/p>\n<p><strong><em>1887 &#8211;<\/em><\/strong> \u00a0Con el nombre de Escuela Popular de Goya, comienza a funcionar, bajo la direcci\u00f3n de las maestras norteamericanas, hermanas Isabel y Raquel King, contratadas a tal efecto por la Sociedad. Fue su primera directora la Srta. Isabel King, desde 1887 a 1889..La inauguraci\u00f3n oficial de la Escuela se realiz\u00f3 el 10 de agosto de 1887.<\/p>\n<p><strong><em>1890-<\/em><\/strong> \u00a0Egresan las primeras cuatro maestras. Coincidentemente, el Gobernador de la Provincia de Corrientes, Antonio J. Ruiz, con fecha 18 de diciembre del mismo a\u00f1o, reconoce como Escuela Normal Mixta a la que fuera Es-cuela Popular de Goya.<\/p>\n<p><strong><em>1896-<\/em><\/strong> El 11 de marzo de 1896 se efectu\u00f3 el traspaso y funcionamiento de la Escuela Normal Mixta a su edificio actual.<\/p>\n<p><strong><em>1897-<\/em><\/strong> Se incorpora a la Escuela Normal de Maestras de Corrientes.<\/p>\n<p><strong><em>1909-<\/em><\/strong> Se constituy\u00f3 en Escuela Normal Mixta de Maestros Nacionales, sobre la base de la Escuela Normal Popular. En eses entonces, el Presidente de la Naci\u00f3n, Dr. Jos\u00e9 Figueroa Alcorta, mediante un decreto, la nacionaliza y nombra Director, Prof. Osiris L. Gonz\u00e1lez.<\/p>\n<p><strong><em>1933-<\/em><\/strong> \u00a0Por decreto del 13 de diciembre de 1933, se resuelve dar el nombre de \u00abDr. Mariano I. Loza\u00bb a la Escuela Normal Mixta de Maestros.<\/p>\n<p><strong><em>1937 &#8211;<\/em><\/strong> \u00a0Comienzan a desdoblarse las divisiones del curso normal, empezando por el 1er. A\u00f1o, y en forma progresiva.<\/p>\n<p><strong><em>1969-<\/em><\/strong> Por cambios en el Plan de Estudios, egresa la \u00faltima promoci\u00f3n de Maestros Normales.<\/p>\n<p><strong>Organizaci\u00f3n del Nivel Terciario<\/strong><\/p>\n<p><strong><em>1970-<\/em><\/strong> Profesorado para la Ense\u00f1anza Primaria (P.E.P.), fue creado por R M N\u00ba 2779.6<\/p>\n<p><strong><em>1986-<\/em><\/strong> Se cre\u00f3 el Profesorado de Educaci\u00f3n Preescolar (P.E.P.E.), por R M N\u00ba 1055.<\/p>\n<p><strong><em>1989-<\/em><\/strong> La Escuela ingresa en la experiencia del Plan M.E.B. (Maestros de Educaci\u00f3n B\u00e1sica<\/p>\n<p>Con la sanci\u00f3n de la Ley Federal de Educaci\u00f3n N\u00ba 24.195\/93, Art. 19, Inc. a, el Instituto inicia un proceso de transformaci\u00f3n que apunta a la profesionalizaci\u00f3n docente, al resignificar los contenidos b\u00e1sicos de la Formaci\u00f3n Docente de Grado.<\/p>\n<p><strong><em>1996-<\/em><\/strong> Por el decreto provincial N\u00ba 3107\/55, durante los ciclos lectivos 96\/97, la labor frente al aula se interrumpi\u00f3 ante el cierre de los primeros a\u00f1os de carreras de Formaci\u00f3n Docente.<\/p>\n<p><strong><em>1997-<\/em><\/strong> Por decretos N\u00ba 2482\/97 y N\u00ba 3202\/97, se crean las Instituciones de Formaci\u00f3n Docente, y con la R N\u00ba 1777\/97, nuestra sede es uno de los diez Establecimientos de Formaci\u00f3n Docente, acreditados por la Provincia. A partir de entonces, se convierte en una instituci\u00f3n aut\u00f3noma con respecto a la Escuela Normal Superior.<\/p>\n<p><strong><em>1999-<\/em><\/strong> Por R M N\u00ba 146\/99, el nuevo I.F.D. acredita con reservas su funciona-miento institucional y por la RM N\u00ba 146\/99 aprueba con reservas el proceso de acreditaci\u00f3n de las carreras de Profesorado para el Nivel Inicial y Profesorado para la EGB. 1 y 2.<\/p>\n<p><strong><em>2000-<\/em><\/strong> Por RM N\u00ba 146\/000, se habilitan las carreras de Profesorado para el Nivel Inicial y Profesorado para la EGB. 1 y 2.<\/p>\n<p><strong><span style=\"text-decoration: underline;\">Instituto Superior \u00abGoya\u00bb<\/span><\/strong><\/p>\n<p>En el a\u00f1o 2003 al producirse la fusi\u00f3n, cuenta con cinco (5) carreras docentes y una (1) t\u00e9cnica. Las ofertas educativas son:<\/p>\n<p><strong>1.<\/strong> Profesorado para la EGB 1 y 2<\/p>\n<p><strong>2.<\/strong> Profesorado para la educaci\u00f3n inicial<\/p>\n<p><strong>3.<\/strong> Profesorado de Tercer Ciclo de la Educaci\u00f3n General B\u00e1sica y de la Educaci\u00f3n Polimodal en Tecnolog\u00eda<\/p>\n<p><strong>4.<\/strong> Profesorado de Tercer Ciclo de la Educaci\u00f3n General B\u00e1sica y de la Educaci\u00f3n Polimodal en Matem\u00e1tica<\/p>\n<p><strong>5.<\/strong> Profesorado de Tercer Ciclo de la Educaci\u00f3n General B\u00e1sica y de la Educaci\u00f3n Polimodal en Filosof\u00eda<\/p>\n<p><strong>6.<\/strong> T\u00e9cnico Superior en Administraci\u00f3n de Empresas.<\/p>\n<p><strong>7.<\/strong> Extensi\u00f3n \u00e1ulica en una localidad de Santa Lucia, situada a 20km, con ofertas de dos profesorados: Matem\u00e1tica y Tecnolog\u00eda<\/p>\n<p><strong><em>2004 &#8211;<\/em><\/strong> Tecnicatura en Producci\u00f3n Agroindustrial y en Cooperativismo, carreras a t\u00e9rmino por una cohorte.<\/p>\n<p><strong><em>2006 &#8211;<\/em><\/strong> Se aprueban los proyectos de los Profesorado del Tercer Ciclo de la EGB y la Educaci\u00f3n Polimodal en Psicolog\u00eda y en Qu\u00edmica.<\/p>\n<p><strong><em>2007-<\/em><\/strong>Tecnicatura Superior en Administraci\u00f3n y Estad\u00edstica en Salud y Tecnicatura Superior en Higiene y Seguridad en el Trabajo, carreras a t\u00e9rmino por tres cohortes y la tercera Tecnicatura en Agente Sanitario y Promotor en Salud a t\u00e9rmino por dos cohortes.<\/p>\n<p><em><strong>2008<\/strong><\/em> &#8211; Implementaci\u00f3n del Curso de Formaci\u00f3n Complementaria para Profesionales y T\u00e9cnicos.<\/p>\n<p>Conformaci\u00f3n de la Cooperadora del Instituto Superior Goya con docentes, estudiantes y ex docentes de la instituci\u00f3n.<\/p>\n<p><strong><em>2009<\/em> &#8211; <\/strong>Apertura de los Profesorados de Educaci\u00f3in Inicial, Primaria y por dos cohorte la Tecnicatura de Enfermer\u00eda.<\/p>\n<p>Apertura de la\u00a0 primera cohorte del Profesorado T\u00e9cnico Profesional.<\/p>\n<p>Inauguraci\u00f3n del \u00abEdificio Propio\u00bb del Instituto Superior Goya.<\/p>\n<p>Inauguraci\u00f3n de la Bliblioteca y de la Sala de Inform\u00e1tica.<\/p>\n<p><em><strong>2010<\/strong> <\/em>&#8211; Conformaci\u00f3n del Centro de Estudiantes.<\/p>\n<p>Segunda Cohorte del Profesorado T\u00e9cnico Profesinal.<\/p>\n<p>Inauguraci\u00f3n de la Sede Santa Luc\u00eda y Apertura de La Tecnicatura Superior en Administraci\u00f3n.<\/p>\n<p><em><strong>2011<\/strong><\/em> &#8211; Apertura de los Profesorados de Agronom\u00eda, Educaci\u00f3n Especial y de las Tecnicaturas en Bibliotecolog\u00eda, Administraci\u00f3n P\u00fablica, Mantenimiento Industrial y Geriatr\u00eda.<\/p>\n<ul>\n<li>Talleres de Pr\u00e1ctica y Residencia en el marco del Proyecto de Mejora Instiotucional 2011<\/li>\n<li>Congreso Pedag\u00f3gico<\/li>\n<li>Encuentro de Estudiantes de Profesorados en Matem\u00e1tica y VIII Encuentro Regional de Profesores de Pr\u00e1ctica Profesional y Did\u00e1ctica.<\/li>\n<\/ul>\n<p><em><strong>2012<\/strong><\/em> &#8211; Apertura de los Profesorados de Historia y de Educaci\u00f3n Tecnol\u00f3gica.<\/p>\n<p>Conferencias de:<\/p>\n<ul>\n<li>\u00abEl Origen de San Mart\u00edn y la Identidad Americana\u00bb Dr. Hugo Chumbita<\/li>\n<li>\u00abLa Historia Regional y Local: Problemas y Perspectivas\u00bb Prof. Tom\u00e1s Elias Zeifler<\/li>\n<li>\u00abNuevas Configuraciones Profesorales. \u00bfHacia d\u00f3nde va el Oficio Docente? Dr. Estanilao Antelo<\/li>\n<li>\u00abDetecci\u00f3n temprana de trastornos del desarrollo y su abordaje en el aula\u00bb Prf. de Educaci\u00f3n Especial<\/li>\n<\/ul>\n<p>Seminario: \u00abNarrar Cuentos\u00bb C.A.I.E.<\/p>\n<p>Jornadas:<\/p>\n<ul>\n<li>Narrativa Pedag\u00f3gicas C.A.I.E.<\/li>\n<li>1\u00ba Jornada de Pr\u00e1ctica I<\/li>\n<\/ul>\n<p>-Convenio Marco de Cooperaci\u00f3n entre AGENPRO y ISG<\/p>\n<p>-Acuerdo Complementario entre le Inst. provincial del Tabaco y el ISG<\/p>\n<p><em><strong>2013<\/strong><\/em>&#8211; A\u00f1o del D\u00e9cimo Anirversario.<\/p>\n<p>Apertura de las Tecnicaturas de Bromatolog\u00eda y Comunicaci\u00f3n Social y una cohorte m\u00e1s de Bibliotecolog\u00eda y Administraci\u00f3n P\u00fablica.<\/p>\n<p>Cierre de la Extenci\u00f3n \u00c1ulica y la Sub-sede Santa Luc\u00eda el 22 de mayo.<\/p>\n<p>Inauguraci\u00f3n en el mes de septiembre de la Radio \u00ab\u00d1anderoga 106.5\u00bb.<\/p>\n<p>Conectar Igualdad: Recepci\u00f3n y distribuci\u00f3n de las Netbook a alumnos y docentes en el mes de agosto.<\/p>\n<p>Aporte de Loter\u00eda Correntina para Cooperadora por inversi\u00f3n realizada en la Radio \u00ab\u00d1anderoga\u00bb perteneciente al ISG seg\u00fan Res. N\u00b0: 1300\/13.<\/p>\n<p>Conferencia de:<\/p>\n<ul>\n<li>\u00abInclusi\u00f3n Educativa y Adecuaciones Curriculares\u00bb Prof. Mar\u00eda Jos\u00e9 Borsani<\/li>\n<li>\u00ab\u00bfQu\u00e9 futuro hay para la educaci\u00f3n?\u00bb Dr. Mariano Narodowski<\/li>\n<\/ul>\n<p>Seminario:<\/p>\n<ul>\n<li>\u00abPsicoan\u00e1lisis Lacaniano\u00bb Lic. Jesica Vargas<\/li>\n<\/ul>\n<p><em><strong>2014<\/strong><\/em> &#8211; Apertura del\u00a0Profesorado de Ingl\u00e9s y Tecnicatura en Infraestructura en Inform\u00e1tica<\/p>\n<p>Creaci\u00f3n y Apertura de la Extenci\u00f3n A\u00falica Colonia Carolina: Tecnicatura Superior en Econom\u00eda Social Orientado al desarrollo local.<\/p>\n<ul>\n<li>\u00a0Primera Promoci\u00f3n en el Post\u00edtulo en Especializaci\u00f3n Docente en Educaci\u00f3n y TIC<\/li>\n<\/ul>\n<p><em><strong>2015<\/strong><\/em>\u00a0&#8211;\u00a0Apertura del\u00a0Profesorado de F\u00edsica<\/p>\n<ul>\n<li>Reuni\u00f3n Anual de Equipos de Conducci\u00f3n de Institutos Superiores de la Provincia<\/li>\n<li>Para el bienestar de la comunidad educativa se adquiri\u00f3: Sistema de Aire Centralizado y Dispenser de agua fria y caliente para el alumnado.<\/li>\n<li>Obtenci\u00f3n de la primer oferta educativa en la zona con titulo a otorgar de: Profesor de Educaci\u00f3n Superior en Ciencias de la Educaci\u00f3n, para el ciclo del a\u00f1o 2016.<\/li>\n<\/ul>\n","protected":false},"excerpt":{"rendered":"<p>BREVE HISTORIA INSTITUCIONAL &nbsp; Fecha y finalidad original de la fundaci\u00f3n &nbsp; A partir del 24 de marzo de 2003, comienza a funcionar, en Goya (Ctes), el Instituto Superior \u00abGOYA\u00bb como resultado de la fusi\u00f3n del Instituto Superior \u00abMagdalena G\u00fcemes de Tejada\u00bb, I FD \u00abMariano I. Loza\u00bb y Centro Educativo de Nivel Terciario N\u00ba 1, &#8230; <a title=\"Historia Institucional\" class=\"read-more\" href=\"https:\/\/isgoya-crr.infd.edu.ar\/sitio\/historia-2\/\" aria-label=\"More on Historia Institucional\">[+]<\/a><\/p>\n","protected":false},"author":2329,"featured_media":0,"parent":0,"menu_order":0,"comment_status":"closed","ping_status":"closed","template":"","meta":[],"acf":[],"_links":{"self":[{"href":"https:\/\/isgoya-crr.infd.edu.ar\/sitio\/wp-json\/wp\/v2\/pages\/960"}],"collection":[{"href":"https:\/\/isgoya-crr.infd.edu.ar\/sitio\/wp-json\/wp\/v2\/pages"}],"about":[{"href":"https:\/\/isgoya-crr.infd.edu.ar\/sitio\/wp-json\/wp\/v2\/types\/page"}],"author":[{"embeddable":true,"href":"https:\/\/isgoya-crr.infd.edu.ar\/sitio\/wp-json\/wp\/v2\/users\/2329"}],"replies":[{"embeddable":true,"href":"https:\/\/isgoya-crr.infd.edu.ar\/sitio\/wp-json\/wp\/v2\/comments?post=960"}],"version-history":[{"count":4,"href":"https:\/\/isgoya-crr.infd.edu.ar\/sitio\/wp-json\/wp\/v2\/pages\/960\/revisions"}],"predecessor-version":[{"id":1261,"href":"https:\/\/isgoya-crr.infd.edu.ar\/sitio\/wp-json\/wp\/v2\/pages\/960\/revisions\/1261"}],"wp:attachment":[{"href":"https:\/\/isgoya-crr.infd.edu.ar\/sitio\/wp-json\/wp\/v2\/media?parent=960"}],"curies":[{"name":"wp","href":"https:\/\/api.w.org\/{rel}","templated":true}]}}