{"id":974,"date":"2018-08-30T13:18:31","date_gmt":"2018-08-30T16:18:31","guid":{"rendered":"https:\/\/isgoya-crr.infd.edu.ar\/sitio\/plan-de-estudios-4\/"},"modified":"2018-11-21T19:59:00","modified_gmt":"2018-11-21T22:59:00","slug":"plan-de-estudios-4","status":"publish","type":"page","link":"https:\/\/isgoya-crr.infd.edu.ar\/sitio\/plan-de-estudios-4\/","title":{"rendered":"Plan de Estudios Administraci\u00f3n"},"content":{"rendered":"<p>ESTABLECIMIENTO: <span style=\"color: #3366ff;\" data-mce-mark=\"1\"><strong>INSTITUTO SUPERIOR \u00abGOYA\u00bb<\/strong><\/span><\/p>\n<p>DENOMINACI\u00d3N DE LA CARRERA: <span style=\"color: #3366ff;\" data-mce-mark=\"1\"><strong>\u00abTECNICATURA SUPERIOR EN ADMINISTRACI\u00d3N\u00a0\u00a0\u00a0\u00a0\u00a0\u00a0\u00a0\u00a0 P\u00daBLICA\u00bb<\/strong><\/span><\/p>\n<p>DECRETO\/RESOLUCI\u00d3N: <span style=\"color: #3366ff;\" data-mce-mark=\"1\"><strong>RESOLUCION MINISTERIAL N\u00b0 2418\/11<\/strong><\/span><\/p>\n<p>T\u00cdTULO QUE OTORGA: <span style=\"color: #3366ff;\" data-mce-mark=\"1\">\u00ab<strong>T\u00c9CNICO SUPERIOR EN ADMINISTRACI\u00d3N P<\/strong><strong>\u00daBLICA\u00bb<\/strong><\/span><\/p>\n<p>T\u00cdTULO INTERMEDIO: &#8212;&#8212;&#8212;&#8212;&#8212;&#8212;&#8212;&#8212;&#8212;&#8212;&#8212;&#8212;&#8212;&#8212;&#8212;&#8211;<\/p>\n<p>DURACI\u00d3N DE LA CARRERA: <span style=\"color: #3366ff;\" data-mce-mark=\"1\"><em>TRES A\u00d1OS\u00a0<\/em><\/span><\/p>\n<p>&nbsp;<\/p>\n<table style=\"width: 510px; height: 38px; background-color: #4295f0;\" border=\"0\">\n<tbody>\n<tr>\n<td style=\"text-align: center; border: 1px solid #ffffff; background-color: #4295f0;\" align=\"center\" valign=\"middle\"><strong>\u00a0 \u00a0 \u00a0 \u00a0 \u00a0 \u00a0 \u00a0 \u00a0 \u00a0 \u00a0 \u00a0 \u00a0 ASIGNATURAS \u00a0 \u00a0 \u00a0 \u00a0 \u00a0 \u00a0 \u00a0 \u00a0 \u00a0<\/strong><\/td>\n<td style=\"text-align: center; border: 1px solid #ffffff; background-color: #4295f0;\" align=\"center\" valign=\"middle\">\n<p style=\"text-align: center;\"><strong>\u00a0 \u00a0DURACION \u00a0<\/strong><\/p>\n<\/td>\n<td style=\"text-align: center; border: 1px solid #ffffff; background-color: #4295f0;\" align=\"center\" valign=\"middle\"><strong>HORAS<\/strong><\/td>\n<\/tr>\n<tr>\n<td style=\"text-align: center; border: 1px solid #ffffff; background-color: #4295f0;\" align=\"center\" valign=\"middle\"><strong>\u00a0<\/strong><\/td>\n<td style=\"text-align: center; border: 1px solid #ffffff; background-color: #4295f0;\" align=\"center\" valign=\"middle\">\u00a0Cuatrimestral\/anual<strong>\u00a0<\/strong><\/td>\n<td style=\"text-align: center; border: 1px solid #ffffff; background-color: #4295f0;\" align=\"center\" valign=\"middle\"><strong>\u00a0<\/strong><\/td>\n<\/tr>\n<\/tbody>\n<\/table>\n<p><span style=\"background-color: #ffffff;\" data-mce-mark=\"1\"><strong><span data-mce-mark=\"1\">PRIMER A\u00d1O<\/span>\u00a0<\/strong><\/span><\/p>\n<table border=\"0\">\n<tbody>\n<tr>\n<td style=\"width: 250px; border: 1px solid #4295f0;\" scope=\"col\" valign=\"middle\">\n<div style=\"line-height: normal; margin: 2pt 0cm;\"><span style=\"font-size: 9pt;\" data-mce-mark=\"1\"><span style=\"font-size: 12px;\" data-mce-mark=\"1\">RELACI\u00d3N ESTADO Y SOCIEDAD<\/span>\u00a0\u00a0\u00a0\u00a0\u00a0\u00a0\u00a0\u00a0\u00a0\u00a0\u00a0\u00a0\u00a0\u00a0\u00a0\u00a0\u00a0\u00a0\u00a0\u00a0\u00a0\u00a0\u00a0\u00a0\u00a0\u00a0\u00a0\u00a0\u00a0\u00a0\u00a0\u00a0\u00a0\u00a0\u00a0\u00a0\u00a0\u00a0\u00a0\u00a0\u00a0\u00a0\u00a0\u00a0\u00a0\u00a0\u00a0\u00a0\u00a0\u00a0\u00a0\u00a0\u00a0\u00a0 <\/span><\/div>\n<\/td>\n<td style=\"width: 250px; border: 1px solid #4295f0;\" scope=\"col\" valign=\"middle\"><span style=\"font-size: 12px;\" data-mce-mark=\"1\">1\u00baCUATRIMESTRE<\/span><\/td>\n<td style=\"width: 250px; border: 1px solid #4295f0;\" scope=\"col\" valign=\"middle\">\u00a05<\/td>\n<\/tr>\n<tr>\n<td style=\"width: 250px; border: 1px solid #4295f0;\" scope=\"col\" valign=\"middle\">\n<div style=\"line-height: normal; margin: 2pt 0cm;\"><span style=\"font-size: 9pt;\" data-mce-mark=\"1\"><span style=\"font-size: 12px;\" data-mce-mark=\"1\">POL\u00cdTICAS P\u00daBLICAS Y DESARROLLO LOCAL<\/span><\/span><\/div>\n<\/td>\n<td style=\"width: 250px; border: 1px solid #4295f0;\" scope=\"col\" valign=\"middle\"><span style=\"font-size: 12px;\" data-mce-mark=\"1\">ANUAL<\/span><\/td>\n<td style=\"width: 250px; border: 1px solid #4295f0;\" scope=\"col\" valign=\"middle\">\u00a05<\/td>\n<\/tr>\n<tr>\n<td style=\"width: 250px; border: 1px solid #4295f0;\" scope=\"col\" valign=\"middle\">\n<div style=\"line-height: normal; margin: 2pt 0cm;\"><span style=\"font-size: 9pt;\" data-mce-mark=\"1\"><span style=\"font-size: 12px;\" data-mce-mark=\"1\">\u00a0TALLER DE PRODUCCION Y PROCESAMIENTO DE TEXTOS ADMINISTRATIVOS<\/span><\/span><\/div>\n<\/td>\n<td style=\"width: 250px; border: 1px solid #4295f0;\" scope=\"col\" valign=\"middle\"><span style=\"font-size: 12px;\" data-mce-mark=\"1\">ANUAL<\/span><\/td>\n<td style=\"width: 250px; border: 1px solid #4295f0;\" scope=\"col\" valign=\"middle\">5<\/td>\n<\/tr>\n<tr>\n<td style=\"width: 250px; border: 1px solid #4295f0;\" scope=\"col\" valign=\"middle\">\n<div style=\"line-height: normal; margin: 2pt 0cm;\"><span style=\"font-size: 9pt;\" data-mce-mark=\"1\"><span style=\"font-size: 12px;\" data-mce-mark=\"1\">SEMINARIO DE LA METODOLOGPIA DE LA INVESTIGACI\u00d3N SOCIAL<\/span><\/span><\/div>\n<\/td>\n<td style=\"width: 250px; border: 1px solid #4295f0;\" scope=\"col\" valign=\"middle\"><span style=\"font-size: 12px;\" data-mce-mark=\"1\">1\u00baCUATRIMESTRE<\/span><\/td>\n<td style=\"width: 250px; border: 1px solid #4295f0;\" scope=\"col\" valign=\"middle\">\u00a05<\/td>\n<\/tr>\n<tr>\n<td style=\"width: 250px; border: 1px solid #4295f0;\" scope=\"col\" valign=\"middle\">\n<div style=\"line-height: normal; margin: 2pt 0cm;\"><span style=\"font-size: 9pt;\" data-mce-mark=\"1\"><span style=\"font-size: 12px;\" data-mce-mark=\"1\">DERECHO CONSTITUCIONAL ARGENTINO<\/span><\/span><\/div>\n<\/td>\n<td style=\"width: 250px; border: 1px solid #4295f0;\" scope=\"col\" valign=\"middle\"><span style=\"font-size: 12px;\" data-mce-mark=\"1\">1\u00baCUATRIMESTRE<\/span><\/td>\n<td style=\"width: 250px; border: 1px solid #4295f0;\" scope=\"col\" valign=\"middle\">\u00a05<\/td>\n<\/tr>\n<tr>\n<td style=\"width: 250px; border: 1px solid #4295f0;\" scope=\"col\" valign=\"middle\">\n<div style=\"line-height: normal; margin: 2pt 0cm;\"><span style=\"font-size: 9pt;\" data-mce-mark=\"1\"><span style=\"font-size: 12px;\" data-mce-mark=\"1\">MICROECONOM\u00cdA<\/span><\/span><\/div>\n<\/td>\n<td style=\"width: 250px; border: 1px solid #4295f0;\" scope=\"col\" valign=\"middle\"><span style=\"font-size: 12px;\" data-mce-mark=\"1\">2\u00b0 CUATRIMESTRE<\/span><\/td>\n<td style=\"width: 250px; border: 1px solid #4295f0;\" scope=\"col\" valign=\"middle\">\u00a05<\/td>\n<\/tr>\n<tr>\n<td style=\"width: 250px; border: 1px solid #4295f0;\" scope=\"col\" valign=\"middle\">\n<div style=\"line-height: normal; margin: 2pt 0cm;\"><span style=\"font-size: 9pt;\" data-mce-mark=\"1\"><span style=\"font-size: 12px;\" data-mce-mark=\"1\">\u00c9TICA PROFESIONAL<\/span><\/span><\/div>\n<\/td>\n<td style=\"width: 250px; border: 1px solid #4295f0;\" scope=\"col\" valign=\"middle\"><span style=\"font-size: 12px;\" data-mce-mark=\"1\">2\u00b0 CUATRIMESTRE<\/span><\/td>\n<td style=\"width: 250px; border: 1px solid #4295f0;\" scope=\"col\" valign=\"middle\">\u00a05<\/td>\n<\/tr>\n<tr>\n<td style=\"width: 250px; border: 1px solid #4295f0;\" scope=\"col\" valign=\"middle\"><span style=\"font-size: 9pt;\" data-mce-mark=\"1\"><span style=\"font-size: 12px;\" data-mce-mark=\"1\">DERECHO P\u00daBLICO PROVINCIAL Y MUNICIPAL<\/span>\u00a0<\/span><\/td>\n<td style=\"width: 250px; border: 1px solid #4295f0;\" scope=\"col\" valign=\"middle\"><span style=\"font-size: 12px;\" data-mce-mark=\"1\">ANUAL<\/span><\/td>\n<td style=\"width: 250px; border: 1px solid #4295f0;\" scope=\"col\" valign=\"middle\">\u00a05<\/td>\n<\/tr>\n<tr>\n<td style=\"width: 250px; border: 1px solid #4295f0;\" scope=\"col\" valign=\"middle\"><span style=\"font-size: 9pt;\" data-mce-mark=\"1\"><span style=\"font-size: 12px;\" data-mce-mark=\"1\">PROCESOS POL\u00cdTICOS Y ECON\u00d3MICOS Y EL MUNDO DEL TRABAJO<\/span><\/span><\/td>\n<td style=\"width: 250px; border: 1px solid #4295f0;\" scope=\"col\" valign=\"middle\"><span style=\"font-size: 12px;\" data-mce-mark=\"1\">2\u00b0 CUATRIMESTRE<\/span><\/td>\n<td style=\"width: 250px; border: 1px solid #4295f0;\" scope=\"col\" valign=\"middle\">\u00a05<\/td>\n<\/tr>\n<tr>\n<td style=\"width: 250px; border: 1px solid #4295f0;\" scope=\"col\" valign=\"middle\"><span style=\"font-size: 9pt;\" data-mce-mark=\"1\"><span style=\"font-size: 12px;\" data-mce-mark=\"1\"><span style=\"font-size: 12px;\" data-mce-mark=\"1\">PR\u00c1CTICA PROFESIONAL I\u00a0<\/span><\/span><\/span><\/td>\n<td style=\"width: 250px; border: 1px solid #4295f0;\" scope=\"col\" valign=\"middle\"><span style=\"font-size: 12px;\" data-mce-mark=\"1\">2\u00b0 CUATRIMESTRE<\/span><\/td>\n<td style=\"width: 250px; border: 1px solid #4295f0;\" scope=\"col\" valign=\"middle\">\u00a05<\/td>\n<\/tr>\n<tr>\n<td style=\"width: 250px; border: 1px solid #4295f0;\" colspan=\"2\" scope=\"col\" valign=\"middle\"><\/td>\n<td style=\"width: 250px; border: 1px solid #4295f0;\" scope=\"col\" valign=\"middle\">TOTAL\u00a0<strong>50 <\/strong>HORAS<\/td>\n<\/tr>\n<\/tbody>\n<\/table>\n<p>&#8212;&#8212;&#8212;&#8212;&#8212;&#8212;&#8212;&#8212;&#8212;&#8212;&#8212;&#8212;&#8212;&#8212;&#8212;&#8212;&#8212;&#8212;&#8212;&#8212;&#8212;&#8212;&#8212;&#8212;&#8212;&#8212;&#8212;&#8212;&#8212;&#8212;&#8212;&#8212;&#8212;-<br \/>\n<span style=\"background-color: #ffffff;\" data-mce-mark=\"1\"><strong><span data-mce-mark=\"1\">SEGUNDO A\u00d1O<\/span><\/strong><\/span><\/p>\n<table border=\"0\">\n<tbody>\n<tr>\n<td style=\"width: 250px; border: 1px solid #4295f0;\" scope=\"col\" valign=\"middle\">\n<div style=\"line-height: normal; margin: 2pt 0cm;\"><span style=\"font-size: 9pt;\" data-mce-mark=\"1\"><span style=\"font-size: 12px;\" data-mce-mark=\"1\"><span style=\"font-size: 12px;\" data-mce-mark=\"1\">CULTURA Y COMUNICACI\u00d3N CONTEMPORANEA\u00a0<\/span><\/span>\u00a0\u00a0\u00a0\u00a0\u00a0\u00a0\u00a0\u00a0\u00a0\u00a0\u00a0\u00a0\u00a0\u00a0\u00a0\u00a0\u00a0\u00a0\u00a0\u00a0\u00a0\u00a0\u00a0\u00a0\u00a0\u00a0\u00a0\u00a0\u00a0\u00a0\u00a0\u00a0\u00a0\u00a0\u00a0\u00a0\u00a0\u00a0\u00a0\u00a0\u00a0\u00a0 <\/span><\/div>\n<\/td>\n<td style=\"width: 250px; border: 1px solid #4295f0;\" scope=\"col\" valign=\"middle\"><span style=\"font-size: 12px;\" data-mce-mark=\"1\">1\u00baCUATRIMESTRE<\/span><\/td>\n<td style=\"width: 250px; border: 1px solid #4295f0;\" scope=\"col\" valign=\"middle\">\u00a05<\/td>\n<\/tr>\n<tr>\n<td style=\"width: 250px; border: 1px solid #4295f0;\" scope=\"col\" valign=\"middle\">\n<div style=\"line-height: normal; margin: 2pt 0cm;\"><span style=\"font-size: 9pt;\" data-mce-mark=\"1\"><span style=\"font-size: 12px;\" data-mce-mark=\"1\"><span style=\"font-size: 12px;\" data-mce-mark=\"1\">MACROECONOM\u00cdA<\/span><\/span><\/span><\/div>\n<\/td>\n<td style=\"width: 250px; border: 1px solid #4295f0;\" scope=\"col\" valign=\"middle\"><span style=\"font-size: 12px;\" data-mce-mark=\"1\">1\u00baCUATRIMESTRE<\/span><\/td>\n<td style=\"width: 250px; border: 1px solid #4295f0;\" scope=\"col\" valign=\"middle\">\u00a05<\/td>\n<\/tr>\n<tr>\n<td style=\"width: 250px; border: 1px solid #4295f0;\" scope=\"col\" valign=\"middle\">\n<div style=\"line-height: normal; margin: 2pt 0cm;\"><span style=\"font-size: 9pt;\" data-mce-mark=\"1\"><span style=\"font-size: 12px;\" data-mce-mark=\"1\"><span style=\"font-size: 12px;\" data-mce-mark=\"1\">DERECHO ADMINISTRATIVO<\/span><\/span><\/span><\/div>\n<\/td>\n<td style=\"width: 250px; border: 1px solid #4295f0;\" scope=\"col\" valign=\"middle\"><span style=\"font-size: 12px;\" data-mce-mark=\"1\">ANUAL<\/span><\/td>\n<td style=\"width: 250px; border: 1px solid #4295f0;\" scope=\"col\" valign=\"middle\">\u00a05<\/td>\n<\/tr>\n<tr>\n<td style=\"width: 250px; border: 1px solid #4295f0;\" scope=\"col\" valign=\"middle\">\n<div style=\"line-height: normal; margin: 2pt 0cm;\"><span style=\"font-size: 9pt;\" data-mce-mark=\"1\"><span style=\"font-size: 12px;\" data-mce-mark=\"1\"><span style=\"font-size: 12px;\" data-mce-mark=\"1\">ADMINISTRACI\u00d3N P\u00daBLICA<\/span><\/span><\/span><\/div>\n<\/td>\n<td style=\"width: 250px; border: 1px solid #4295f0;\" scope=\"col\" valign=\"middle\"><span style=\"font-size: 12px;\" data-mce-mark=\"1\"><span style=\"font-size: 12px;\" data-mce-mark=\"1\">ANUAL<\/span><\/span><\/td>\n<td style=\"width: 250px; border: 1px solid #4295f0;\" scope=\"col\" valign=\"middle\">\u00a05<\/td>\n<\/tr>\n<tr>\n<td style=\"width: 250px; border: 1px solid #4295f0;\" scope=\"col\" valign=\"middle\">\n<div style=\"line-height: normal; margin: 2pt 0cm;\"><span style=\"font-size: 9pt;\" data-mce-mark=\"1\"><span style=\"font-size: 12px;\" data-mce-mark=\"1\"><span style=\"font-size: 12px;\" data-mce-mark=\"1\">GESTI\u00d3N DE POL\u00cdTICAS P\u00daBLICAS<\/span><\/span><\/span><\/div>\n<\/td>\n<td style=\"width: 250px; border: 1px solid #4295f0;\" scope=\"col\" valign=\"middle\"><span style=\"font-size: 12px;\" data-mce-mark=\"1\"><span style=\"font-size: 12px;\" data-mce-mark=\"1\">ANUAL<\/span><\/span><\/td>\n<td style=\"width: 250px; border: 1px solid #4295f0;\" scope=\"col\" valign=\"middle\">\u00a05<\/td>\n<\/tr>\n<tr>\n<td style=\"width: 250px; border: 1px solid #4295f0;\" scope=\"col\" valign=\"middle\">\n<div style=\"line-height: normal; margin: 2pt 0cm;\"><span style=\"font-size: 9pt;\" data-mce-mark=\"1\"><span style=\"font-size: 12px;\" data-mce-mark=\"1\"><span style=\"font-size: 12px;\" data-mce-mark=\"1\">GESTI\u00d3N DE LAS ORGANIZACIONES<\/span><\/span><\/span><\/div>\n<\/td>\n<td style=\"width: 250px; border: 1px solid #4295f0;\" scope=\"col\" valign=\"middle\"><span style=\"font-size: 12px;\" data-mce-mark=\"1\">2\u00b0 CUATRIMESTRE<\/span><\/td>\n<td style=\"width: 250px; border: 1px solid #4295f0;\" scope=\"col\" valign=\"middle\">\u00a05<\/td>\n<\/tr>\n<tr>\n<td style=\"width: 250px; border: 1px solid #4295f0;\" scope=\"col\" valign=\"middle\"><span style=\"font-size: 9pt;\" data-mce-mark=\"1\"><span style=\"font-size: 12px;\" data-mce-mark=\"1\"><span style=\"font-size: 12px;\" data-mce-mark=\"1\">PLANIFICACI\u00d3N ESTRAT\u00c9GICA<\/span><\/span>\u00a0<\/span><\/td>\n<td style=\"width: 250px; border: 1px solid #4295f0;\" scope=\"col\" valign=\"middle\"><span style=\"font-size: 12px;\" data-mce-mark=\"1\">1\u00b0 CUATRIMESTRE<\/span><\/td>\n<td style=\"width: 250px; border: 1px solid #4295f0;\" scope=\"col\" valign=\"middle\">\u00a05<\/td>\n<\/tr>\n<tr>\n<td style=\"width: 250px; border: 1px solid #4295f0;\" scope=\"col\" valign=\"middle\"><span style=\"font-size: 9pt;\" data-mce-mark=\"1\"><span style=\"font-size: 12px;\" data-mce-mark=\"1\"><span style=\"font-size: 12px;\" data-mce-mark=\"1\">PR\u00c1CTICA PROFESIONAL II<\/span><\/span><\/span><\/td>\n<td style=\"width: 250px; border: 1px solid #4295f0;\" scope=\"col\" valign=\"middle\"><span style=\"font-size: 12px;\" data-mce-mark=\"1\">2\u00b0 CUATRIMESTRE<\/span><\/td>\n<td style=\"width: 250px; border: 1px solid #4295f0;\" scope=\"col\" valign=\"middle\">\u00a06<\/td>\n<\/tr>\n<tr>\n<td style=\"width: 250px; border: 1px solid #4295f0;\" colspan=\"2\" scope=\"col\" valign=\"middle\"><\/td>\n<td style=\"width: 250px; border: 1px solid #4295f0;\" scope=\"col\" valign=\"middle\">TOTAL\u00a0<strong>41 <\/strong>HORAS<\/td>\n<\/tr>\n<\/tbody>\n<\/table>\n<p style=\"text-align: justify;\">&#8212;&#8212;&#8212;&#8212;&#8212;&#8212;&#8212;&#8212;&#8212;&#8212;&#8212;&#8212;&#8212;&#8212;&#8212;&#8212;&#8212;&#8212;&#8212;&#8212;&#8212;&#8212;&#8212;&#8212;&#8212;&#8212;&#8212;&#8212;&#8212;&#8212;&#8212;&#8212;&#8212;-<br \/>\n<span style=\"background-color: #ffffff;\" data-mce-mark=\"1\"><strong><span data-mce-mark=\"1\">TERCER A\u00d1O<\/span><\/strong><\/span><\/p>\n<table border=\"0\">\n<tbody>\n<tr>\n<td style=\"width: 250px; border: 1px solid #4295f0;\" scope=\"col\" valign=\"middle\">\n<div style=\"line-height: normal; margin: 2pt 0cm;\"><span style=\"font-size: 9pt;\" data-mce-mark=\"1\"><span style=\"font-size: 12px;\" data-mce-mark=\"1\"><span style=\"font-size: 12px;\" data-mce-mark=\"1\"><span style=\"font-size: 12px;\" data-mce-mark=\"1\">COMUNICACI\u00d3N\u00a0<\/span>\u00a0<\/span><\/span>\u00a0\u00a0\u00a0\u00a0\u00a0\u00a0\u00a0\u00a0\u00a0\u00a0\u00a0\u00a0\u00a0\u00a0\u00a0\u00a0\u00a0\u00a0\u00a0\u00a0\u00a0\u00a0\u00a0\u00a0\u00a0\u00a0\u00a0\u00a0\u00a0\u00a0\u00a0\u00a0\u00a0\u00a0\u00a0\u00a0\u00a0\u00a0\u00a0\u00a0\u00a0\u00a0 <\/span><\/div>\n<\/td>\n<td style=\"width: 250px; border: 1px solid #4295f0;\" scope=\"col\" valign=\"middle\"><span style=\"font-size: 12px;\" data-mce-mark=\"1\">1\u00baCUATRIMESTRE<\/span><\/td>\n<td style=\"width: 250px; border: 1px solid #4295f0;\" scope=\"col\" valign=\"middle\">\u00a05<\/td>\n<\/tr>\n<tr>\n<td style=\"width: 250px; border: 1px solid #4295f0;\" scope=\"col\" valign=\"middle\">\n<div style=\"line-height: normal; margin: 2pt 0cm;\"><span style=\"font-size: 9pt;\" data-mce-mark=\"1\"><span style=\"font-size: 12px;\" data-mce-mark=\"1\"><span style=\"font-size: 12px;\" data-mce-mark=\"1\"><span style=\"font-size: 12px;\" data-mce-mark=\"1\">TECNOLOG\u00cdA INFORM\u00c1TICA PARA LA GESTI\u00d3N<\/span><\/span><\/span><\/span><\/div>\n<\/td>\n<td style=\"width: 250px; border: 1px solid #4295f0;\" scope=\"col\" valign=\"middle\"><span style=\"font-size: 12px;\" data-mce-mark=\"1\">ANUAL<\/span><\/td>\n<td style=\"width: 250px; border: 1px solid #4295f0;\" scope=\"col\" valign=\"middle\">\u00a05<\/td>\n<\/tr>\n<tr>\n<td style=\"width: 250px; border: 1px solid #4295f0;\" scope=\"col\" valign=\"middle\">\n<div style=\"line-height: normal; margin: 2pt 0cm;\"><span style=\"font-size: 9pt;\" data-mce-mark=\"1\"><span style=\"font-size: 12px;\" data-mce-mark=\"1\"><span style=\"font-size: 12px;\" data-mce-mark=\"1\"><span style=\"font-size: 12px;\" data-mce-mark=\"1\">ADMINISTRACI\u00d3N FINANCIERA DEL ESTADO<\/span><\/span><\/span><\/span><\/div>\n<\/td>\n<td style=\"width: 250px; border: 1px solid #4295f0;\" scope=\"col\" valign=\"middle\"><span style=\"font-size: 12px;\" data-mce-mark=\"1\">1\u00baCUATRIMESTRE<\/span><\/td>\n<td style=\"width: 250px; border: 1px solid #4295f0;\" scope=\"col\" valign=\"middle\">\u00a05<\/td>\n<\/tr>\n<tr>\n<td style=\"width: 250px; border: 1px solid #4295f0;\" scope=\"col\" valign=\"middle\">\n<div style=\"line-height: normal; margin: 2pt 0cm;\"><span style=\"font-size: 9pt;\" data-mce-mark=\"1\"><span style=\"font-size: 12px;\" data-mce-mark=\"1\"><span style=\"font-size: 12px;\" data-mce-mark=\"1\"><span style=\"font-size: 12px;\" data-mce-mark=\"1\">GESTI\u00d3N DE RECURSOS HUMANOS<\/span><\/span><\/span><\/span><\/div>\n<\/td>\n<td style=\"width: 250px; border: 1px solid #4295f0;\" scope=\"col\" valign=\"middle\"><span style=\"font-size: 12px;\" data-mce-mark=\"1\"><span style=\"font-size: 12px;\" data-mce-mark=\"1\"><span style=\"font-size: 12px;\" data-mce-mark=\"1\">ANUAL<\/span><\/span><\/span><\/td>\n<td style=\"width: 250px; border: 1px solid #4295f0;\" scope=\"col\" valign=\"middle\">\u00a05<\/td>\n<\/tr>\n<tr>\n<td style=\"width: 250px; border: 1px solid #4295f0;\" scope=\"col\" valign=\"middle\">\n<div style=\"line-height: normal; margin: 2pt 0cm;\"><span style=\"font-size: 9pt;\" data-mce-mark=\"1\"><span style=\"font-size: 12px;\" data-mce-mark=\"1\"><span style=\"font-size: 12px;\" data-mce-mark=\"1\"><span style=\"font-size: 12px;\" data-mce-mark=\"1\">GESTI\u00d3N DE EMPRESAS Y ORGANIZACIONES COMUNITARIAS DE CORRIENTES<\/span><\/span><\/span><\/span><\/div>\n<\/td>\n<td style=\"width: 250px; border: 1px solid #4295f0;\" scope=\"col\" valign=\"middle\"><span style=\"font-size: 12px;\" data-mce-mark=\"1\"><span style=\"font-size: 12px;\" data-mce-mark=\"1\"><span style=\"font-size: 12px;\" data-mce-mark=\"1\">2\u00b0 CUATRIMESTRE<\/span><\/span><\/span><\/td>\n<td style=\"width: 250px; border: 1px solid #4295f0;\" scope=\"col\" valign=\"middle\">\u00a05<\/td>\n<\/tr>\n<tr>\n<td style=\"width: 250px; border: 1px solid #4295f0;\" scope=\"col\" valign=\"middle\">\n<div style=\"line-height: normal; margin: 2pt 0cm;\"><span style=\"font-size: 9pt;\" data-mce-mark=\"1\"><span style=\"font-size: 12px;\" data-mce-mark=\"1\"><span style=\"font-size: 12px;\" data-mce-mark=\"1\"><span style=\"font-size: 12px;\" data-mce-mark=\"1\">SEMINARIO DE DESARROLLO ECON\u00d3MICO CORRENTINO<\/span><\/span><\/span><\/span><\/div>\n<\/td>\n<td style=\"width: 250px; border: 1px solid #4295f0;\" scope=\"col\" valign=\"middle\"><span style=\"font-size: 12px;\" data-mce-mark=\"1\">1\u00b0 CUATRIMESTRE<\/span><\/td>\n<td style=\"width: 250px; border: 1px solid #4295f0;\" scope=\"col\" valign=\"middle\">\u00a05<\/td>\n<\/tr>\n<tr>\n<td style=\"width: 250px; border: 1px solid #4295f0;\" scope=\"col\" valign=\"middle\">\n<div style=\"line-height: normal; margin: 2pt 0cm;\"><span style=\"font-size: 9pt;\" data-mce-mark=\"1\"><span style=\"font-size: 12px;\" data-mce-mark=\"1\"><span style=\"font-size: 12px;\" data-mce-mark=\"1\"><span style=\"font-size: 12px;\" data-mce-mark=\"1\">SEMINARIO: RESOLUCI\u00d3N DE CONFLICTOS Y ATENCI\u00d3N AL P\u00daBLICO<\/span><\/span><\/span><\/span><\/div>\n<\/td>\n<td style=\"width: 250px; border: 1px solid #4295f0;\" scope=\"col\" valign=\"middle\"><span style=\"font-size: 12px;\" data-mce-mark=\"1\"><span style=\"font-size: 12px;\" data-mce-mark=\"1\"><span style=\"font-size: 12px;\" data-mce-mark=\"1\"><span style=\"font-size: 12px;\" data-mce-mark=\"1\">2\u00b0 CUATRIMESTRE<\/span><\/span><\/span><\/span><\/td>\n<td style=\"width: 250px; border: 1px solid #4295f0;\" scope=\"col\" valign=\"middle\">5<\/td>\n<\/tr>\n<tr>\n<td style=\"width: 250px; border: 1px solid #4295f0;\" scope=\"col\" valign=\"middle\"><span style=\"font-size: 9pt;\" data-mce-mark=\"1\"><span style=\"font-size: 12px;\" data-mce-mark=\"1\"><span style=\"font-size: 12px;\" data-mce-mark=\"1\"><span style=\"font-size: 12px;\" data-mce-mark=\"1\">PR\u00c1CTICA PROFESIONAL III (RESIDENCIA)<\/span><\/span><\/span>\u00a0<\/span><\/td>\n<td style=\"width: 250px; border: 1px solid #4295f0;\" scope=\"col\" valign=\"middle\"><span style=\"font-size: 12px;\" data-mce-mark=\"1\">ANUAL<\/span><\/td>\n<td style=\"width: 250px; border: 1px solid #4295f0;\" scope=\"col\" valign=\"middle\">\u00a08<\/td>\n<\/tr>\n<tr>\n<td style=\"width: 250px; border: 1px solid #4295f0;\" colspan=\"2\" scope=\"col\" valign=\"middle\"><\/td>\n<td style=\"width: 250px; border: 1px solid #4295f0;\" scope=\"col\" valign=\"middle\">TOTAL\u00a0<strong>43 <\/strong>HORAS<\/td>\n<\/tr>\n<\/tbody>\n<\/table>\n","protected":false},"excerpt":{"rendered":"<p>ESTABLECIMIENTO: INSTITUTO SUPERIOR \u00abGOYA\u00bb DENOMINACI\u00d3N DE LA CARRERA: \u00abTECNICATURA SUPERIOR EN ADMINISTRACI\u00d3N\u00a0\u00a0\u00a0\u00a0\u00a0\u00a0\u00a0\u00a0 P\u00daBLICA\u00bb DECRETO\/RESOLUCI\u00d3N: RESOLUCION MINISTERIAL N\u00b0 2418\/11 T\u00cdTULO QUE OTORGA: \u00abT\u00c9CNICO SUPERIOR EN ADMINISTRACI\u00d3N P\u00daBLICA\u00bb T\u00cdTULO INTERMEDIO: &#8212;&#8212;&#8212;&#8212;&#8212;&#8212;&#8212;&#8212;&#8212;&#8212;&#8212;&#8212;&#8212;&#8212;&#8212;&#8211; DURACI\u00d3N DE LA CARRERA: TRES A\u00d1OS\u00a0 &nbsp; \u00a0 \u00a0 \u00a0 \u00a0 \u00a0 \u00a0 \u00a0 \u00a0 \u00a0 \u00a0 \u00a0 \u00a0 ASIGNATURAS \u00a0 \u00a0 \u00a0 \u00a0 \u00a0 \u00a0 &#8230; <a title=\"Plan de Estudios Administraci\u00f3n\" class=\"read-more\" href=\"https:\/\/isgoya-crr.infd.edu.ar\/sitio\/plan-de-estudios-4\/\" aria-label=\"More on Plan de Estudios Administraci\u00f3n\">[+]<\/a><\/p>\n","protected":false},"author":2329,"featured_media":0,"parent":0,"menu_order":0,"comment_status":"closed","ping_status":"closed","template":"","meta":[],"acf":[],"_links":{"self":[{"href":"https:\/\/isgoya-crr.infd.edu.ar\/sitio\/wp-json\/wp\/v2\/pages\/974"}],"collection":[{"href":"https:\/\/isgoya-crr.infd.edu.ar\/sitio\/wp-json\/wp\/v2\/pages"}],"about":[{"href":"https:\/\/isgoya-crr.infd.edu.ar\/sitio\/wp-json\/wp\/v2\/types\/page"}],"author":[{"embeddable":true,"href":"https:\/\/isgoya-crr.infd.edu.ar\/sitio\/wp-json\/wp\/v2\/users\/2329"}],"replies":[{"embeddable":true,"href":"https:\/\/isgoya-crr.infd.edu.ar\/sitio\/wp-json\/wp\/v2\/comments?post=974"}],"version-history":[{"count":2,"href":"https:\/\/isgoya-crr.infd.edu.ar\/sitio\/wp-json\/wp\/v2\/pages\/974\/revisions"}],"predecessor-version":[{"id":1190,"href":"https:\/\/isgoya-crr.infd.edu.ar\/sitio\/wp-json\/wp\/v2\/pages\/974\/revisions\/1190"}],"wp:attachment":[{"href":"https:\/\/isgoya-crr.infd.edu.ar\/sitio\/wp-json\/wp\/v2\/media?parent=974"}],"curies":[{"name":"wp","href":"https:\/\/api.w.org\/{rel}","templated":true}]}}