{"id":979,"date":"2018-08-30T13:18:33","date_gmt":"2018-08-30T16:18:33","guid":{"rendered":"https:\/\/isgoya-crr.infd.edu.ar\/sitio\/plan-de-estudios-6\/"},"modified":"2018-11-21T19:59:53","modified_gmt":"2018-11-21T22:59:53","slug":"plan-de-estudios-6","status":"publish","type":"page","link":"https:\/\/isgoya-crr.infd.edu.ar\/sitio\/plan-de-estudios-6\/","title":{"rendered":"Plan de Estudios Inicial"},"content":{"rendered":"<p>ESTABLECIMIENTO: <span style=\"color: #3366ff;\"><strong>INSTITUTO SUPERIOR \u00abGOYA\u00bb<\/strong><\/span><\/p>\n<p>DENOMINACI\u00d3N DE LA CARRERA: <span style=\"color: #3366ff;\"><strong>\u00abPROFESORADO\u00a0DE EDUCACI\u00d3N INICIAL\u00bb<\/strong><\/span><\/p>\n<p>DECRETO\/RESOLUCI\u00d3N: <span style=\"color: #3366ff;\"><strong>RESOLUCI\u00d3N N\u00b0 1487\/14<\/strong><\/span><\/p>\n<p>T\u00cdTULO QUE OTORGA: <span style=\"color: #3366ff;\"><em>PROFESOR\u00a0DE EDUCACI\u00d3N INICIAL<\/em><\/span><\/p>\n<p><em>\u00a0<\/em><br \/>\nT\u00cdTULO INTERMEDIO: &#8212;&#8212;&#8212;&#8212;&#8212;&#8212;&#8212;&#8212;&#8212;&#8212;&#8212;&#8211;<\/p>\n<p>DURACI\u00d3N DE LA CARRERA:\u00a0<span style=\"color: #3366ff;\"><em><strong>CUATRO A\u00d1OS<\/strong><\/em><\/span><\/p>\n<table style=\"width: 536px; height: 46px;\" border=\"0\" align=\"left\">\n<tbody>\n<tr>\n<td style=\"text-align: center; background-color: #4e93e3;\"><span style=\"font-size: 10pt;\" data-mce-mark=\"1\"><strong>\u00a0 \u00a0 \u00a0 \u00a0 \u00a0 \u00a0 \u00a0 \u00a0 \u00a0 ASIGNATURAS \u00a0 \u00a0 \u00a0 \u00a0 \u00a0 \u00a0 \u00a0 \u00a0 \u00a0\u00a0<\/strong><\/span><\/td>\n<td style=\"background-color: #4e93e3;\" align=\"center\" valign=\"middle\"><span style=\"font-size: 10pt;\" data-mce-mark=\"1\"><strong>DURACI\u00d3N<\/strong><\/span><\/td>\n<td style=\"background-color: #4e93e3;\" align=\"center\" valign=\"middle\"><span style=\"font-size: 10pt;\" data-mce-mark=\"1\"><strong>FORMATO<\/strong><\/span><\/td>\n<td style=\"background-color: #4e93e3;\" align=\"center\" valign=\"middle\"><span style=\"font-size: 10pt;\"><strong>HORAS<\/strong><\/span><\/td>\n<\/tr>\n<tr>\n<td style=\"background-color: #4e93e3;\"><\/td>\n<td style=\"background-color: #4e93e3;\" align=\"center\" valign=\"middle\">Cuatrimestral\/anual<\/td>\n<td style=\"background-color: #4e93e3;\" align=\"center\" valign=\"middle\"><\/td>\n<td style=\"background-color: #4e93e3;\" align=\"center\" valign=\"middle\"><\/td>\n<\/tr>\n<\/tbody>\n<\/table>\n<p style=\"text-align: left;\"><span style=\"background-color: #ffffff;\"><strong>PRIMER A\u00d1O<\/strong><\/span><\/p>\n<table border=\"0\">\n<tbody>\n<tr>\n<td style=\"border: 1px solid #4e93e3;\">\n<div style=\"line-height: normal; margin: 2pt 0cm;\"><span style=\"font-size: 9pt;\">Pedagog\u00eda<\/span><\/div>\n<\/td>\n<td style=\"border: 1px solid #4e93e3;\">CUATRIMESTRAL<\/td>\n<td style=\"border: 1px solid #4e93e3;\">\n<div style=\"line-height: normal; margin: 2pt 0cm;\"><span style=\"font-size: 9pt;\">Materia<\/span><\/div>\n<\/td>\n<td style=\"border: 1px solid #4e93e3;\">6<\/td>\n<\/tr>\n<tr>\n<td style=\"border: 1px solid #4e93e3;\">\n<div style=\"line-height: normal; margin: 2pt 0cm;\"><span style=\"font-size: 9pt;\">Psicolog\u00eda Educacional<\/span><\/div>\n<\/td>\n<td style=\"border: 1px solid #4e93e3;\">CUATRIMESTRAL<\/td>\n<td style=\"border: 1px solid #4e93e3;\">\n<div style=\"line-height: normal; margin: 2pt 0cm;\"><span style=\"font-size: 9pt;\">Materia<\/span><\/div>\n<\/td>\n<td style=\"border: 1px solid #4e93e3;\">6<\/td>\n<\/tr>\n<tr>\n<td style=\"border: 1px solid #4e93e3;\">\n<div style=\"line-height: normal; margin: 2pt 0cm;\"><span style=\"font-size: 9pt;\">Did\u00e1ctica General<\/span><\/div>\n<\/td>\n<td style=\"border: 1px solid #4e93e3;\">CUATRIMESTRAL<\/td>\n<td style=\"border: 1px solid #4e93e3;\">\n<div style=\"line-height: normal; margin: 2pt 0cm;\"><span style=\"font-size: 9pt;\">Materia<\/span><\/div>\n<\/td>\n<td style=\"border: 1px solid #4e93e3;\">4<\/td>\n<\/tr>\n<tr>\n<td style=\"border: 1px solid #4e93e3;\">\n<div style=\"line-height: normal; margin: 2pt 0cm;\"><span style=\"font-size: 9pt;\">Lectura y Escritura Acad\u00e9mica<\/span><\/div>\n<\/td>\n<td style=\"border: 1px solid #4e93e3;\">ANUAL<\/td>\n<td style=\"border: 1px solid #4e93e3;\">\n<div style=\"line-height: normal; margin: 2pt 0cm;\"><span style=\"font-size: 9pt;\">Taller<\/span><\/div>\n<\/td>\n<td style=\"border: 1px solid #4e93e3;\">3<\/td>\n<\/tr>\n<tr>\n<td style=\"border: 1px solid #4e93e3;\">\n<div style=\"line-height: normal; margin: 2pt 0cm;\"><span style=\"font-size: 9pt;\">Sujeto de la Educaci\u00f3n Inicial<\/span><\/div>\n<\/td>\n<td style=\"border: 1px solid #4e93e3;\">ANUAL<\/td>\n<td style=\"border: 1px solid #4e93e3;\">\n<div style=\"line-height: normal; margin: 2pt 0cm;\"><span style=\"font-size: 9pt;\">Materia<\/span><\/div>\n<\/td>\n<td style=\"border: 1px solid #4e93e3;\">6<\/td>\n<\/tr>\n<tr>\n<td style=\"border: 1px solid #4e93e3;\">\n<div style=\"line-height: normal; margin: 2pt 0cm;\"><span style=\"font-size: 9pt;\">El juego en la Educaci\u00f3n inicial<\/span><\/div>\n<\/td>\n<td style=\"border: 1px solid #4e93e3;\">ANUAL<\/td>\n<td style=\"border: 1px solid #4e93e3;\">\n<div style=\"line-height: normal; margin: 2pt 0cm;\"><span style=\"font-size: 9pt;\">Taller<\/span><\/div>\n<\/td>\n<td style=\"border: 1px solid #4e93e3;\">3<\/td>\n<\/tr>\n<tr>\n<td style=\"border: 1px solid #4e93e3;\"><span style=\"font-size: 9pt;\">Ense\u00f1anza del Lenguaje Pl\u00e1stico Visual\u00a0\u00a0\u00a0<\/span><\/td>\n<td style=\"border: 1px solid #4e93e3;\">ANUAL<\/td>\n<td style=\"border: 1px solid #4e93e3;\">\n<div style=\"line-height: normal; margin: 2pt 0cm;\"><span style=\"font-size: 9pt;\">Taller<\/span><\/div>\n<\/td>\n<td style=\"border: 1px solid #4e93e3;\">3<\/td>\n<\/tr>\n<tr>\n<td style=\"border: 1px solid #4e93e3;\"><span style=\"font-size: 9pt;\">Ense\u00f1anza del Lenguaje corporal<\/span><\/td>\n<td style=\"border: 1px solid #4e93e3;\">ANUAL<\/td>\n<td style=\"border: 1px solid #4e93e3;\">\n<div style=\"line-height: normal; margin: 2pt 0cm;\"><span style=\"font-size: 9pt;\">Taller<\/span><\/div>\n<\/td>\n<td style=\"border: 1px solid #4e93e3;\">3<\/td>\n<\/tr>\n<tr>\n<td style=\"border: 1px solid #4e93e3;\"><span style=\"font-size: 9pt;\">\u00a0 <\/span><\/p>\n<div style=\"line-height: normal; margin: 2pt 0cm;\"><span style=\"font-size: 9pt;\">Pr\u00e1ctica I: M\u00e9todos y T\u00e9cnicas de Recolecci\u00f3n \/ Instituciones Educativas<\/span><\/div>\n<\/td>\n<td style=\"border: 1px solid #4e93e3;\">ANUAL<\/td>\n<td style=\"border: 1px solid #4e93e3;\">\n<div style=\"line-height: normal; margin: 2pt 0cm;\"><span style=\"font-size: 9pt;\">Taller<\/span><\/div>\n<\/td>\n<td style=\"border: 1px solid #4e93e3;\">\u00a05<\/td>\n<\/tr>\n<tr>\n<td style=\"border: 1px solid #4e93e3;\" colspan=\"3\"><\/td>\n<td style=\"border: 1px solid #4e93e3;\">TOTAL\u00a0<strong>39 <\/strong>HORAS<\/td>\n<\/tr>\n<\/tbody>\n<\/table>\n<p style=\"text-align: left;\">&#8212;&#8212;&#8212;&#8212;&#8212;&#8212;&#8212;&#8212;&#8212;&#8212;&#8212;&#8212;&#8212;&#8212;&#8212;&#8212;&#8212;&#8212;&#8212;&#8212;&#8212;&#8212;&#8212;&#8212;&#8212;&#8212;&#8212;&#8212;&#8212;&#8212;&#8212;<br \/>\n<span style=\"background-color: #ffffff;\"><strong>SEGUNDO A\u00d1O<\/strong><\/span><\/p>\n<table border=\"0\">\n<tbody>\n<tr>\n<td style=\"border: 1px solid #4e93e3;\">\n<div style=\"line-height: normal; margin: 2pt 0cm;\"><span style=\"font-size: 9pt;\">Tecnolog\u00edas de la Informaci\u00f3n y la Comunicaci\u00f3n<\/span><\/div>\n<\/td>\n<td style=\"border: 1px solid #4e93e3;\">CUATRIMESTRAL<\/td>\n<td style=\"border: 1px solid #4e93e3;\">\n<div style=\"line-height: normal; margin: 2pt 0cm;\">\n<div style=\"line-height: normal; margin: 2pt 0cm;\"><span style=\"font-size: 9pt;\">Taller<\/span><\/div>\n<\/div>\n<\/td>\n<td style=\"border: 1px solid #4e93e3;\">6<\/td>\n<\/tr>\n<tr>\n<td style=\"border: 1px solid #4e93e3;\">\n<div style=\"line-height: normal; margin: 2pt 0cm;\"><span style=\"font-size: 9pt;\">Historia Argentina y Latinoamericana<\/span><\/div>\n<\/td>\n<td style=\"border: 1px solid #4e93e3;\">CUATRIMESTRAL<\/td>\n<td style=\"border: 1px solid #4e93e3;\">\n<div style=\"line-height: normal; margin: 2pt 0cm;\"><span style=\"font-size: 9pt;\">Materia<\/span><\/div>\n<\/td>\n<td style=\"border: 1px solid #4e93e3;\">4<\/td>\n<\/tr>\n<tr>\n<td style=\"border: 1px solid #4e93e3;\">\n<div style=\"line-height: normal; margin: 2pt 0cm;\"><span style=\"font-size: 9pt;\">Historia y Pol\u00edtica de la Educaci\u00f3n Argentina<\/span><\/div>\n<\/td>\n<td style=\"border: 1px solid #4e93e3;\">CUATRIMESTRAL<\/td>\n<td style=\"border: 1px solid #4e93e3;\">\n<div style=\"line-height: normal; margin: 2pt 0cm;\"><span style=\"font-size: 9pt;\">Materia<\/span><\/div>\n<\/td>\n<td style=\"border: 1px solid #4e93e3;\">4<\/td>\n<\/tr>\n<tr>\n<td style=\"border: 1px solid #4e93e3;\">\n<div style=\"line-height: normal; margin: 2pt 0cm;\"><span style=\"font-size: 9pt;\">Filosof\u00eda<\/span><\/div>\n<\/td>\n<td style=\"border: 1px solid #4e93e3;\">CUATRIMESTRAL<\/td>\n<td style=\"border: 1px solid #4e93e3;\">\n<div style=\"line-height: normal; margin: 2pt 0cm;\">\n<div style=\"line-height: normal; margin: 2pt 0cm;\"><span style=\"font-size: 9pt;\">Materia<\/span><\/div>\n<\/div>\n<\/td>\n<td style=\"border: 1px solid #4e93e3;\">4<\/td>\n<\/tr>\n<tr>\n<td style=\"border: 1px solid #4e93e3;\">\n<div style=\"line-height: normal; margin: 2pt 0cm;\"><span style=\"font-size: 9pt;\">Did\u00e1ctica de la Educaci\u00f3n Inicial I<\/span><\/div>\n<\/td>\n<td style=\"border: 1px solid #4e93e3;\">ANUAL<\/td>\n<td style=\"border: 1px solid #4e93e3;\">\n<div style=\"line-height: normal; margin: 2pt 0cm;\"><span style=\"font-size: 9pt;\">Materia<\/span><\/div>\n<\/td>\n<td style=\"border: 1px solid #4e93e3;\">5<\/td>\n<\/tr>\n<tr>\n<td style=\"border: 1px solid #4e93e3;\"><span style=\"font-size: 9pt;\">Ense\u00f1anza del Lenguaje Musical\u00a0<\/span><\/td>\n<td style=\"border: 1px solid #4e93e3;\">ANUAL<\/td>\n<td style=\"border: 1px solid #4e93e3;\">\n<div style=\"line-height: normal; margin: 2pt 0cm;\"><span style=\"font-size: 9pt;\">Taller<\/span><\/div>\n<\/td>\n<td style=\"border: 1px solid #4e93e3;\">3<\/td>\n<\/tr>\n<tr>\n<td style=\"border: 1px solid #4e93e3;\">\n<div style=\"line-height: normal; margin: 2pt 0cm;\"><span style=\"font-size: 9pt;\">Ense\u00f1anza de la Matem\u00e1tica<\/span><\/div>\n<\/td>\n<td style=\"border: 1px solid #4e93e3;\">ANUAL<\/td>\n<td style=\"border: 1px solid #4e93e3;\">\n<div style=\"line-height: normal; margin: 2pt 0cm;\">\n<div style=\"line-height: normal; margin: 2pt 0cm;\"><span style=\"font-size: 9pt;\">Materia<\/span><\/div>\n<\/div>\n<\/td>\n<td style=\"border: 1px solid #4e93e3;\">4<\/td>\n<\/tr>\n<tr>\n<td style=\"border: 1px solid #4e93e3;\">\n<div style=\"line-height: normal; margin: 2pt 0cm;\"><span style=\"font-size: 9pt;\">Ense\u00f1anza de Lengua y Literatura<\/span><\/div>\n<\/td>\n<td style=\"border: 1px solid #4e93e3;\">ANUAL<\/td>\n<td style=\"border: 1px solid #4e93e3;\">\n<div style=\"line-height: normal; margin: 2pt 0cm;\">\n<div style=\"line-height: normal; margin: 2pt 0cm;\"><span style=\"font-size: 9pt;\">Materia<\/span><\/div>\n<\/div>\n<\/td>\n<td style=\"border: 1px solid #4e93e3;\">4<\/td>\n<\/tr>\n<tr>\n<td style=\"border: 1px solid #4e93e3;\"><span style=\"font-size: 9pt;\">\u00a0 <\/span><\/p>\n<div style=\"line-height: normal; margin: 2pt 0cm;\"><span style=\"font-size: 9pt;\">Pr\u00e1ctica II: Programaci\u00f3n de la Ense\u00f1anza \/ Curriculum y Organizaciones Escolares<\/span><\/div>\n<\/td>\n<td style=\"border: 1px solid #4e93e3;\">ANUAL<\/td>\n<td style=\"border: 1px solid #4e93e3;\">\n<div style=\"line-height: normal; margin: 2pt 0cm;\"><span style=\"font-size: 9pt;\">Taller<\/span><\/div>\n<\/td>\n<td style=\"border: 1px solid #4e93e3;\">\u00a06<\/td>\n<\/tr>\n<tr>\n<td style=\"border: 1px solid #4e93e3;\" colspan=\"3\"><\/td>\n<td style=\"border: 1px solid #4e93e3;\">TOTAL\u00a0<strong>40 <\/strong>HORAS<\/td>\n<\/tr>\n<\/tbody>\n<\/table>\n<p style=\"text-align: left;\">&#8212;&#8212;&#8212;&#8212;&#8212;&#8212;&#8212;&#8212;&#8212;&#8212;&#8212;&#8212;&#8212;&#8212;&#8212;&#8212;&#8212;&#8212;&#8212;&#8212;&#8212;&#8212;&#8212;&#8212;&#8212;&#8212;&#8212;&#8212;&#8212;&#8212;&#8212;<br \/>\n<span style=\"background-color: #ffffff;\"><strong>TERCER A\u00d1O<\/strong><\/span><\/p>\n<table border=\"0\">\n<tbody>\n<tr>\n<td style=\"border: 1px solid #4e93e3;\">\n<div style=\"line-height: normal; margin: 2pt 0cm;\">\n<div style=\"line-height: normal; margin: 2pt 0cm;\"><span style=\"font-size: 9pt;\">Sociolog\u00eda de la Educaci\u00f3n<\/span><\/div>\n<\/div>\n<\/td>\n<td style=\"border: 1px solid #4e93e3;\">CUATRIMESTRAL<\/td>\n<td style=\"border: 1px solid #4e93e3;\">\n<div style=\"line-height: normal; margin: 2pt 0cm;\"><span style=\"font-size: 9pt;\">Materia<\/span><\/div>\n<\/td>\n<td style=\"border: 1px solid #4e93e3;\">6<\/td>\n<\/tr>\n<tr>\n<td style=\"border: 1px solid #4e93e3;\">\n<div style=\"line-height: normal; margin: 2pt 0cm;\">\n<div style=\"line-height: normal; margin: 2pt 0cm;\"><span style=\"font-size: 9pt;\">Lengua Extranjera<\/span><\/div>\n<\/div>\n<\/td>\n<td style=\"border: 1px solid #4e93e3;\">CUATRIMESTRAL<\/td>\n<td style=\"border: 1px solid #4e93e3;\">\n<div style=\"line-height: normal; margin: 2pt 0cm;\">\n<div style=\"line-height: normal; margin: 2pt 0cm;\"><span style=\"font-size: 9pt;\">Taller<\/span><\/div>\n<\/div>\n<\/td>\n<td style=\"border: 1px solid #4e93e3;\">3<\/td>\n<\/tr>\n<tr>\n<td style=\"border: 1px solid #4e93e3;\">\n<div style=\"line-height: normal; margin: 2pt 0cm;\">\n<div style=\"line-height: normal; margin: 2pt 0cm;\"><span style=\"font-size: 9pt;\">Alfabetizaci\u00f3n Inicial<\/span><\/div>\n<\/div>\n<\/td>\n<td style=\"border: 1px solid #4e93e3;\">CUATRIMESTRAL<\/td>\n<td style=\"border: 1px solid #4e93e3;\">\n<div style=\"line-height: normal; margin: 2pt 0cm;\">\n<div style=\"line-height: normal; margin: 2pt 0cm;\"><span style=\"font-size: 9pt;\">Taller<\/span><\/div>\n<\/div>\n<\/td>\n<td style=\"border: 1px solid #4e93e3;\">3<\/td>\n<\/tr>\n<tr>\n<td style=\"border: 1px solid #4e93e3;\">\n<div style=\"line-height: normal; margin: 2pt 0cm;\">\n<div style=\"line-height: normal; margin: 2pt 0cm;\"><span style=\"font-size: 9pt;\">Desarrollo de materiales y Objetos L\u00fadicos<\/span><\/div>\n<\/div>\n<\/td>\n<td style=\"border: 1px solid #4e93e3;\">CUATRIMESTRAL<\/td>\n<td style=\"border: 1px solid #4e93e3;\">\n<div style=\"line-height: normal; margin: 2pt 0cm;\"><span style=\"font-size: 9pt;\">Taller<\/span><\/div>\n<\/td>\n<td style=\"border: 1px solid #4e93e3;\">3<\/td>\n<\/tr>\n<tr>\n<td style=\"border: 1px solid #4e93e3;\">\n<div style=\"line-height: normal; margin: 2pt 0cm;\">\n<div style=\"line-height: normal; margin: 2pt 0cm;\"><span style=\"font-size: 9pt;\">Propuesta variable o complementaria 1<\/span><\/div>\n<\/div>\n<\/td>\n<td style=\"border: 1px solid #4e93e3;\">CUATRIMESTRAL<\/td>\n<td style=\"border: 1px solid #4e93e3;\">\n<div style=\"line-height: normal; margin: 2pt 0cm;\">\n<div style=\"line-height: normal; margin: 2pt 0cm;\"><span style=\"font-size: 9pt;\">Seminario<\/span><\/div>\n<\/div>\n<\/td>\n<td style=\"border: 1px solid #4e93e3;\">3<\/td>\n<\/tr>\n<tr>\n<td style=\"border: 1px solid #4e93e3;\">\n<div style=\"line-height: normal; margin: 2pt 0cm;\">\n<div style=\"line-height: normal; margin: 2pt 0cm;\"><span style=\"font-size: 9pt;\">Tecnolog\u00edas de la Informaci\u00f3n y la Comunicaci\u00f3n en la Ense\u00f1anza <\/span><\/div>\n<\/div>\n<\/td>\n<td style=\"border: 1px solid #4e93e3;\">CUATRIMESTRAL<\/td>\n<td style=\"border: 1px solid #4e93e3;\">\n<div style=\"line-height: normal; margin: 2pt 0cm;\"><span style=\"font-size: 9pt;\">Taller<\/span><\/div>\n<\/td>\n<td style=\"border: 1px solid #4e93e3;\">3<\/td>\n<\/tr>\n<tr>\n<td style=\"border: 1px solid #4e93e3;\">\n<div style=\"line-height: normal; margin: 2pt 0cm;\"><span style=\"font-size: 9pt;\">Educaci\u00f3n F\u00edsica<\/span><\/div>\n<\/td>\n<td style=\"border: 1px solid #4e93e3;\">CUATRIMESTRAL<\/td>\n<td style=\"border: 1px solid #4e93e3;\">\n<div style=\"line-height: normal; margin: 2pt 0cm;\"><span style=\"font-size: 9pt;\">Taller<\/span><\/div>\n<\/td>\n<td style=\"border: 1px solid #4e93e3;\">3<\/td>\n<\/tr>\n<tr>\n<td style=\"border: 1px solid #4e93e3;\">\n<div style=\"line-height: normal; margin: 2pt 0cm;\"><span style=\"font-size: 9pt;\">Problem\u00e1tica Contempor\u00e1nea de la Educaci\u00f3n Inicial<\/span><\/div>\n<\/td>\n<td style=\"border: 1px solid #4e93e3;\">CUATRIMESTRAL<\/td>\n<td style=\"border: 1px solid #4e93e3;\">\n<div style=\"line-height: normal; margin: 2pt 0cm;\">\n<div style=\"line-height: normal; margin: 2pt 0cm;\"><span style=\"font-size: 9pt;\">Seminario<\/span><\/div>\n<\/div>\n<\/td>\n<td style=\"border: 1px solid #4e93e3;\">3<\/td>\n<\/tr>\n<tr>\n<td style=\"border: 1px solid #4e93e3;\"><span style=\"font-size: 9pt;\"><span style=\"font-size: 9pt;\">Did\u00e1ctica de la Educaci\u00f3n Inicial II<\/span><\/span><\/td>\n<td style=\"border: 1px solid #4e93e3;\">ANUAL<\/td>\n<td style=\"border: 1px solid #4e93e3;\">\n<div style=\"line-height: normal; margin: 2pt 0cm;\"><span style=\"font-size: 9pt;\">Materia<\/span><\/div>\n<\/td>\n<td style=\"border: 1px solid #4e93e3;\">\u00a06<\/td>\n<\/tr>\n<tr>\n<td style=\"border: 1px solid #4e93e3;\"><span style=\"font-size: 9pt;\"><span style=\"font-size: 9pt;\">Ense\u00f1anza de las Ciencias Naturales<\/span><\/span><\/td>\n<td style=\"border: 1px solid #4e93e3;\">ANUAL<\/td>\n<td style=\"border: 1px solid #4e93e3;\">\n<div style=\"line-height: normal; margin: 2pt 0cm;\">\n<p><span style=\"font-size: 9pt;\">\u00a0 <\/span><\/p>\n<div style=\"line-height: normal; margin: 2pt 0cm;\"><span style=\"font-size: 9pt;\">Materia<\/span><\/div>\n<\/div>\n<\/td>\n<td style=\"border: 1px solid #4e93e3;\">6<\/td>\n<\/tr>\n<tr>\n<td style=\"border: 1px solid #4e93e3;\"><span style=\"font-size: 9pt;\"><span style=\"font-size: 9pt;\">Ense\u00f1anza de las Ciencias Sociales<\/span><\/span><\/td>\n<td style=\"border: 1px solid #4e93e3;\">ANUAL<\/td>\n<td style=\"border: 1px solid #4e93e3;\">\n<div style=\"line-height: normal; margin: 2pt 0cm;\">\n<div style=\"line-height: normal; margin: 2pt 0cm;\"><span style=\"font-size: 9pt;\">Materia<\/span><\/div>\n<\/div>\n<\/td>\n<td style=\"border: 1px solid #4e93e3;\">6<\/td>\n<\/tr>\n<tr>\n<td style=\"border: 1px solid #4e93e3;\"><span style=\"font-size: 9pt;\"><span style=\"font-size: 9pt;\"><span style=\"font-size: 9pt;\">Pr\u00e1ctica III: Coordinaci\u00f3n de grupos de Aprendizaje \/ Evaluaci\u00f3n de los Aprendizajes<\/span><\/span><\/span><\/td>\n<td style=\"border: 1px solid #4e93e3;\">ANUAL<\/td>\n<td style=\"border: 1px solid #4e93e3;\">\n<div style=\"line-height: normal; margin: 2pt 0cm;\">\n<div style=\"line-height: normal; margin: 2pt 0cm;\"><span style=\"font-size: 9pt;\">Taller<\/span><\/div>\n<p>&nbsp;<\/p>\n<\/div>\n<\/td>\n<td style=\"border: 1px solid #4e93e3;\">7<\/td>\n<\/tr>\n<tr>\n<td style=\"border: 1px solid #4e93e3;\" colspan=\"3\"><\/td>\n<td style=\"border: 1px solid #4e93e3;\">TOTAL\u00a0<strong>52 <\/strong>HORAS<\/td>\n<\/tr>\n<\/tbody>\n<\/table>\n<p style=\"text-align: left;\">&#8212;&#8212;&#8212;&#8212;&#8212;&#8212;&#8212;&#8212;&#8212;&#8212;&#8212;&#8212;&#8212;&#8212;&#8212;&#8212;&#8212;&#8212;&#8212;&#8212;&#8212;&#8212;&#8212;&#8212;&#8212;&#8212;&#8212;&#8212;&#8212;&#8212;&#8212;<br \/>\n<span style=\"background-color: #ffffff;\"><strong>CUARTO\u00a0A\u00d1O<\/strong><\/span><\/p>\n<table border=\"0\">\n<tbody>\n<tr>\n<td style=\"border: 1px solid #4e93e3;\">\n<div style=\"line-height: normal; margin: 2pt 0cm;\">\n<div style=\"line-height: normal; margin: 2pt 0cm;\"><span style=\"font-size: 9pt;\">\u00c9tica y Ciudadan\u00eda<\/span><\/div>\n<\/div>\n<\/td>\n<td style=\"border: 1px solid #4e93e3;\">CUATRIMESTRAL<\/td>\n<td style=\"border: 1px solid #4e93e3;\">\n<div style=\"line-height: normal; margin: 2pt 0cm;\">\n<div style=\"line-height: normal; margin: 2pt 0cm;\">\n<div style=\"line-height: normal; margin: 2pt 0cm;\"><span style=\"font-size: 9pt;\">Materia<\/span><\/div>\n<\/div>\n<\/div>\n<\/td>\n<td style=\"border: 1px solid #4e93e3;\">6<\/td>\n<\/tr>\n<tr>\n<td style=\"border: 1px solid #4e93e3;\">\n<div style=\"line-height: normal; margin: 2pt 0cm;\">\n<div style=\"line-height: normal; margin: 2pt 0cm;\"><span style=\"font-size: 9pt;\">Educaci\u00f3n Sexual Integral<\/span><\/div>\n<\/div>\n<\/td>\n<td style=\"border: 1px solid #4e93e3;\">CUATRIMESTRAL<\/td>\n<td style=\"border: 1px solid #4e93e3;\">\n<div style=\"line-height: normal; margin: 2pt 0cm;\"><span style=\"font-size: 9pt;\">Taller<\/span><\/div>\n<\/td>\n<td style=\"border: 1px solid #4e93e3;\">3<\/td>\n<\/tr>\n<tr>\n<td style=\"border: 1px solid #4e93e3;\">\n<div style=\"line-height: normal; margin: 2pt 0cm;\">\n<div style=\"line-height: normal; margin: 2pt 0cm;\"><span style=\"font-size: 9pt;\">Ateneo Did\u00e1ctico por Disciplinas<\/span><\/div>\n<\/div>\n<\/td>\n<td style=\"border: 1px solid #4e93e3;\">CUATRIMESTRAL<\/td>\n<td style=\"border: 1px solid #4e93e3;\">\n<div style=\"line-height: normal; margin: 2pt 0cm;\"><span style=\"font-size: 9pt;\">Ateneo<\/span><\/div>\n<\/td>\n<td style=\"border: 1px solid #4e93e3;\">12<\/td>\n<\/tr>\n<tr>\n<td style=\"border: 1px solid #4e93e3;\">\n<div style=\"line-height: normal; margin: 2pt 0cm;\">\n<div style=\"line-height: normal; margin: 2pt 0cm;\"><span style=\"font-size: 9pt;\">Propuesta variable o complementaria 2<\/span><\/div>\n<\/div>\n<\/td>\n<td style=\"border: 1px solid #4e93e3;\">CUATRIMESTRAL<\/td>\n<td style=\"border: 1px solid #4e93e3;\">\n<div style=\"line-height: normal; margin: 2pt 0cm;\">\n<div style=\"line-height: normal; margin: 2pt 0cm;\"><span style=\"font-size: 9pt;\">Seminario<\/span><\/div>\n<\/div>\n<\/td>\n<td style=\"border: 1px solid #4e93e3;\">3<\/td>\n<\/tr>\n<tr>\n<td style=\"border: 1px solid #4e93e3;\">\n<div style=\"line-height: normal; margin: 2pt 0cm;\">\n<div style=\"line-height: normal; margin: 2pt 0cm;\"><span style=\"font-size: 9pt;\">Propuesta variable o complementaria 3<\/span><\/div>\n<\/div>\n<\/td>\n<td style=\"border: 1px solid #4e93e3;\">CUATRIMESTRAL<\/td>\n<td style=\"border: 1px solid #4e93e3;\">\n<div style=\"line-height: normal; margin: 2pt 0cm;\">\n<div style=\"line-height: normal; margin: 2pt 0cm;\"><span style=\"font-size: 9pt;\">Taller<\/span><\/div>\n<\/div>\n<\/td>\n<td style=\"border: 1px solid #4e93e3;\">5<\/td>\n<\/tr>\n<tr>\n<td style=\"border: 1px solid #4e93e3;\">\n<div style=\"line-height: normal; margin: 2pt 0cm;\"><span style=\"font-size: 9pt;\">Propuesta variable o complementaria 4<\/span><\/div>\n<\/td>\n<td style=\"border: 1px solid #4e93e3;\">CUATRIMESTRAL<\/td>\n<td style=\"border: 1px solid #4e93e3;\">\n<div style=\"line-height: normal; margin: 2pt 0cm;\">\n<div style=\"line-height: normal; margin: 2pt 0cm;\"><span style=\"font-size: 9pt;\">Seminario<\/span><\/div>\n<\/div>\n<\/td>\n<td style=\"border: 1px solid #4e93e3;\">3<\/td>\n<\/tr>\n<tr>\n<td style=\"border: 1px solid #4e93e3;\">\n<div style=\"line-height: normal; margin: 2pt 0cm;\">\n<div style=\"line-height: normal; margin: 2pt 0cm;\"><span style=\"font-size: 9pt;\">Residencia Pedag\u00f3gica: Sistematizaci\u00f3n de experiencias.<\/span><\/div>\n<\/div>\n<\/td>\n<td style=\"border: 1px solid #4e93e3;\">ANUAL<\/td>\n<td style=\"border: 1px solid #4e93e3;\">\n<div style=\"line-height: normal; margin: 2pt 0cm;\">\n<div style=\"line-height: normal; margin: 2pt 0cm;\">\n<div style=\"line-height: normal; margin: 2pt 0cm;\"><span style=\"font-size: 9pt;\">Taller<\/span><\/div>\n<\/div>\n<\/div>\n<\/td>\n<td style=\"border: 1px solid #4e93e3;\">10<\/td>\n<\/tr>\n<tr>\n<td style=\"border: 1px solid #4e93e3;\" colspan=\"3\"><\/td>\n<td style=\"border: 1px solid #4e93e3;\">TOTAL\u00a0<strong>40 <\/strong>HORAS<\/td>\n<\/tr>\n<\/tbody>\n<\/table>\n","protected":false},"excerpt":{"rendered":"<p>ESTABLECIMIENTO: INSTITUTO SUPERIOR \u00abGOYA\u00bb DENOMINACI\u00d3N DE LA CARRERA: \u00abPROFESORADO\u00a0DE EDUCACI\u00d3N INICIAL\u00bb DECRETO\/RESOLUCI\u00d3N: RESOLUCI\u00d3N N\u00b0 1487\/14 T\u00cdTULO QUE OTORGA: PROFESOR\u00a0DE EDUCACI\u00d3N INICIAL \u00a0 T\u00cdTULO INTERMEDIO: &#8212;&#8212;&#8212;&#8212;&#8212;&#8212;&#8212;&#8212;&#8212;&#8212;&#8212;&#8211; DURACI\u00d3N DE LA CARRERA:\u00a0CUATRO A\u00d1OS \u00a0 \u00a0 \u00a0 \u00a0 \u00a0 \u00a0 \u00a0 \u00a0 \u00a0 ASIGNATURAS \u00a0 \u00a0 \u00a0 \u00a0 \u00a0 \u00a0 \u00a0 \u00a0 \u00a0\u00a0 DURACI\u00d3N FORMATO HORAS Cuatrimestral\/anual PRIMER A\u00d1O &#8230; <a title=\"Plan de Estudios Inicial\" class=\"read-more\" href=\"https:\/\/isgoya-crr.infd.edu.ar\/sitio\/plan-de-estudios-6\/\" aria-label=\"More on Plan de Estudios Inicial\">[+]<\/a><\/p>\n","protected":false},"author":2329,"featured_media":0,"parent":0,"menu_order":0,"comment_status":"closed","ping_status":"closed","template":"","meta":[],"acf":[],"_links":{"self":[{"href":"https:\/\/isgoya-crr.infd.edu.ar\/sitio\/wp-json\/wp\/v2\/pages\/979"}],"collection":[{"href":"https:\/\/isgoya-crr.infd.edu.ar\/sitio\/wp-json\/wp\/v2\/pages"}],"about":[{"href":"https:\/\/isgoya-crr.infd.edu.ar\/sitio\/wp-json\/wp\/v2\/types\/page"}],"author":[{"embeddable":true,"href":"https:\/\/isgoya-crr.infd.edu.ar\/sitio\/wp-json\/wp\/v2\/users\/2329"}],"replies":[{"embeddable":true,"href":"https:\/\/isgoya-crr.infd.edu.ar\/sitio\/wp-json\/wp\/v2\/comments?post=979"}],"version-history":[{"count":2,"href":"https:\/\/isgoya-crr.infd.edu.ar\/sitio\/wp-json\/wp\/v2\/pages\/979\/revisions"}],"predecessor-version":[{"id":1192,"href":"https:\/\/isgoya-crr.infd.edu.ar\/sitio\/wp-json\/wp\/v2\/pages\/979\/revisions\/1192"}],"wp:attachment":[{"href":"https:\/\/isgoya-crr.infd.edu.ar\/sitio\/wp-json\/wp\/v2\/media?parent=979"}],"curies":[{"name":"wp","href":"https:\/\/api.w.org\/{rel}","templated":true}]}}