{"id":981,"date":"2018-08-30T13:18:33","date_gmt":"2018-08-30T16:18:33","guid":{"rendered":"https:\/\/isgoya-crr.infd.edu.ar\/sitio\/plan-de-estudios-7\/"},"modified":"2018-11-21T20:00:06","modified_gmt":"2018-11-21T23:00:06","slug":"plan-de-estudios-7","status":"publish","type":"page","link":"https:\/\/isgoya-crr.infd.edu.ar\/sitio\/plan-de-estudios-7\/","title":{"rendered":"Plan de estudios Primaria"},"content":{"rendered":"<p>ESTABLECIMIENTO: <span style=\"color: #3366ff;\"><strong>INSTITUTO SUPERIOR \u00abGOYA\u00bb<\/strong><\/span><\/p>\n<p>DENOMINACI\u00d3N DE LA CARRERA: <span style=\"color: #3366ff;\"><strong>\u00abPROFESORADO DE EDUCACI\u00d3N PRIMARIA\u00bb<\/strong><\/span><\/p>\n<p>DECRETO\/RESOLUCI\u00d3N: <span style=\"color: #3366ff;\"><strong>RESOLUCI\u00d3N N\u00b0 1464\/14<\/strong><\/span><\/p>\n<p>T\u00cdTULO QUE OTORGA: <span style=\"color: #3366ff;\"><em>PROFESOR DE EDUCACI\u00d3N PRIMARIA<\/em><\/span><\/p>\n<p>T\u00cdTULO INTERMEDIO: &#8212;&#8212;&#8212;&#8212;&#8212;&#8212;&#8212;&#8212;&#8212;&#8212;&#8212;&#8212;&#8212;&#8212;<\/p>\n<p>DURACI\u00d3N DE LA CARRERA:\u00a0<span style=\"color: #3366ff;\"><strong><em>CUATRO A\u00d1OS<\/em><\/strong><\/span><\/p>\n<table style=\"border: 0px solid #0f88ef; background-color: #0f88ef;\" border=\"0\">\n<tbody>\n<tr>\n<td style=\"background-color: #0f88ef;\"><span style=\"font-size: 10pt;\">\u00a0 \u00a0 \u00a0ASIGNATURAS \u00a0\u00a0<\/span><\/td>\n<td style=\"background-color: #0f88ef;\"><span style=\"font-size: 10pt;\">\u00a0 \u00a0 \u00a0 \u00a0 \u00a0 \u00a0DURACI\u00d3N \u00a0 \u00a0 \u00a0 \u00a0\u00a0<\/span><\/td>\n<td style=\"background-color: #0f88ef;\"><span style=\"font-size: 10pt;\">\u00a0 \u00a0FORMATO \u00a0<\/span><\/td>\n<td style=\"background-color: #0f88ef;\"><span style=\"font-size: 10pt;\">\u00a0\u00a0\u00a0\u00a0 HORAS \u00a0\u00a0<\/span><\/td>\n<\/tr>\n<tr>\n<td style=\"background-color: #0f88ef;\"><span style=\"font-size: 10pt;\">\u00a0<\/span><\/td>\n<td style=\"text-align: center; background-color: #0f88ef;\"><span style=\"font-size: 10pt;\">Cuatrimestral\/anual<\/span><\/td>\n<td style=\"background-color: #0f88ef;\"><span style=\"font-size: 10pt;\">\u00a0<\/span><\/td>\n<td style=\"background-color: #0f88ef;\"><span style=\"font-size: 10pt;\">\u00a0<\/span><\/td>\n<\/tr>\n<\/tbody>\n<\/table>\n<p><span style=\"background-color: #ffffff;\"><strong>PRIMER A\u00d1O<\/strong><\/span><\/p>\n<table style=\"border: 0px solid #0f88ef;\" border=\"0\">\n<tbody>\n<tr>\n<td style=\"border: 1px solid #0f88ef;\">\n<div style=\"line-height: normal; margin: 2pt 0cm;\"><span style=\"font-size: 10pt;\">Pedagog\u00eda<\/span><\/div>\n<\/td>\n<td style=\"border: 1px solid #0f88ef;\">\n<div style=\"line-height: normal; margin: 2pt 0cm;\"><span style=\"font-size: 8pt;\">CUATRIMESTRAL<\/span><\/div>\n<\/td>\n<td style=\"border: 1px solid #0f88ef;\">\n<div style=\"line-height: normal; margin: 2pt 0cm;\"><span style=\"font-size: 10pt;\">Materia<\/span><\/div>\n<\/td>\n<td style=\"border: 1px solid #0f88ef;\">6<\/td>\n<\/tr>\n<tr>\n<td style=\"border: 1px solid #0f88ef;\">\n<div style=\"line-height: normal; margin: 2pt 0cm;\"><span style=\"font-size: 10pt;\">Psicolog\u00eda Educacional<\/span><\/div>\n<\/td>\n<td style=\"border: 1px solid #0f88ef;\">CUATRIMESTRAL<\/td>\n<td style=\"border: 1px solid #0f88ef;\">\n<div style=\"line-height: normal; margin: 2pt 0cm;\"><span style=\"font-size: 10pt;\">Materia<\/span><\/div>\n<\/td>\n<td style=\"border: 1px solid #0f88ef;\">6<\/td>\n<\/tr>\n<tr>\n<td style=\"border: 1px solid #0f88ef;\">\n<div style=\"line-height: normal; margin: 2pt 0cm;\"><span style=\"font-size: 10pt;\">Did\u00e1ctica General<\/span><\/div>\n<\/td>\n<td style=\"border: 1px solid #0f88ef;\">ANUAL<\/td>\n<td style=\"border: 1px solid #0f88ef;\">\n<div style=\"line-height: normal; margin: 2pt 0cm;\"><span style=\"font-size: 10pt;\">Materia<\/span><\/div>\n<\/td>\n<td style=\"border: 1px solid #0f88ef;\">4<\/td>\n<\/tr>\n<tr>\n<td style=\"border: 1px solid #0f88ef;\">\n<div style=\"line-height: normal; margin: 2pt 0cm;\"><span style=\"font-size: 10pt;\">Lectura y Escritura Acad\u00e9mica<\/span><\/div>\n<\/td>\n<td style=\"border: 1px solid #0f88ef;\">ANUAL<\/td>\n<td style=\"border: 1px solid #0f88ef;\">\n<div style=\"line-height: normal; margin: 2pt 0cm;\"><span style=\"font-size: 10pt;\">Taller<\/span><\/div>\n<\/td>\n<td style=\"border: 1px solid #0f88ef;\">3<\/td>\n<\/tr>\n<tr>\n<td style=\"border: 1px solid #0f88ef;\">\n<div style=\"line-height: normal; margin: 2pt 0cm;\"><span style=\"font-size: 10pt;\">Lengua y Literatura<\/span><\/div>\n<\/td>\n<td style=\"border: 1px solid #0f88ef;\">ANUAL<\/td>\n<td style=\"border: 1px solid #0f88ef;\">\n<div style=\"line-height: normal; margin: 2pt 0cm;\"><span style=\"font-size: 10pt;\">Materia<\/span><\/div>\n<\/td>\n<td style=\"border: 1px solid #0f88ef;\">4<\/td>\n<\/tr>\n<tr>\n<td style=\"border: 1px solid #0f88ef;\">\n<div style=\"line-height: normal; margin: 2pt 0cm;\"><span style=\"font-size: 10pt;\">Matem\u00e1tica<\/span><\/div>\n<\/td>\n<td style=\"border: 1px solid #0f88ef;\">ANUAL<\/td>\n<td style=\"border: 1px solid #0f88ef;\">\n<div style=\"line-height: normal; margin: 2pt 0cm;\"><span style=\"font-size: 10pt;\">Materia<\/span><\/div>\n<\/td>\n<td style=\"border: 1px solid #0f88ef;\">4<\/td>\n<\/tr>\n<tr>\n<td style=\"border: 1px solid #0f88ef;\">\n<div style=\"line-height: normal; margin: 2pt 0cm;\"><span style=\"font-size: 10pt;\">Ciencias Sociales<\/span><\/div>\n<\/td>\n<td style=\"border: 1px solid #0f88ef;\">ANUAL<\/td>\n<td style=\"border: 1px solid #0f88ef;\">\n<div style=\"line-height: normal; margin: 2pt 0cm;\"><span style=\"font-size: 10pt;\">Materia<\/span><\/div>\n<\/td>\n<td style=\"border: 1px solid #0f88ef;\">4<\/td>\n<\/tr>\n<tr>\n<td style=\"border: 1px solid #0f88ef;\">\n<div style=\"line-height: normal; margin: 2pt 0cm;\"><span style=\"font-size: 10pt;\">Ciencias Naturales<\/span><\/div>\n<\/td>\n<td style=\"border: 1px solid #0f88ef;\">ANUAL<\/td>\n<td style=\"border: 1px solid #0f88ef;\">\n<div style=\"line-height: normal; margin: 2pt 0cm;\"><span style=\"font-size: 10pt;\">Materia<\/span><\/div>\n<\/td>\n<td style=\"border: 1px solid #0f88ef;\">4<\/td>\n<\/tr>\n<tr>\n<td style=\"border: 1px solid #0f88ef;\">\n<div style=\"line-height: normal; margin: 2pt 0cm;\"><span style=\"font-size: 10pt;\"><span style=\"font-size: 10pt;\">Pr\u00e1ctica I: M\u00e9todos y T\u00e9cnicas de Recolecci\u00f3n \/ Instituciones Educativas<\/span><\/span><\/div>\n<\/td>\n<td style=\"border: 1px solid #0f88ef;\">ANUAL<\/td>\n<td style=\"border: 1px solid #0f88ef;\">\n<div style=\"line-height: normal; margin: 2pt 0cm;\"><span style=\"font-size: 10pt;\">Taller<\/span><\/div>\n<\/td>\n<td style=\"border: 1px solid #0f88ef;\">5<\/td>\n<\/tr>\n<tr>\n<td style=\"border: 1px solid #0f88ef;\" colspan=\"3\"><\/td>\n<td style=\"border: 1px solid #0f88ef;\">TOTAL <strong>40 <\/strong>HORAS<\/td>\n<\/tr>\n<\/tbody>\n<\/table>\n<p>&#8212;&#8212;&#8212;&#8212;&#8212;&#8212;&#8212;&#8212;&#8212;&#8212;&#8212;&#8212;&#8212;&#8212;&#8212;&#8212;&#8212;&#8212;&#8212;&#8212;&#8212;&#8212;&#8212;&#8212;&#8212;&#8212;&#8212;&#8212;&#8212;&#8212;&#8212;&#8212;&#8212;&#8212;<span style=\"background-color: #ffffff;\"><strong>SEGUNDO A\u00d1O<\/strong><\/span><\/p>\n<table border=\"0\">\n<tbody>\n<tr>\n<td style=\"border: 1px solid #0f88ef;\">\n<div style=\"line-height: normal; margin: 2pt 0cm;\">\n<div style=\"line-height: normal; margin: 2pt 0cm;\"><span style=\"font-size: 10pt;\">Tecnolog\u00edas de la Informaci\u00f3n y la Comunicaci\u00f3n<\/span><\/div>\n<\/div>\n<\/td>\n<td style=\"border: 1px solid #0f88ef;\">\n<div style=\"line-height: normal; margin: 2pt 0cm;\"><span style=\"font-size: 8pt;\">CUATRIMESTRAL<\/span><\/div>\n<\/td>\n<td style=\"border: 1px solid #0f88ef;\">\n<div style=\"line-height: normal; margin: 2pt 0cm;\">\n<div style=\"line-height: normal; margin: 2pt 0cm;\"><span style=\"font-size: 10pt;\">Taller<\/span><\/div>\n<\/div>\n<\/td>\n<td style=\"border: 1px solid #0f88ef;\">6<\/td>\n<\/tr>\n<tr>\n<td style=\"border: 1px solid #0f88ef;\">\n<div style=\"line-height: normal; margin: 2pt 0cm;\">\n<div style=\"line-height: normal; margin: 2pt 0cm;\"><span style=\"font-size: 10pt;\">Historia Argentina y Latinoamericana<\/span><\/div>\n<\/div>\n<\/td>\n<td style=\"border: 1px solid #0f88ef;\">CUATRIMESTRAL<\/td>\n<td style=\"border: 1px solid #0f88ef;\">\n<div style=\"line-height: normal; margin: 2pt 0cm;\"><span style=\"font-size: 10pt;\">Materia<\/span><\/div>\n<\/td>\n<td style=\"border: 1px solid #0f88ef;\">4<\/td>\n<\/tr>\n<tr>\n<td style=\"border: 1px solid #0f88ef;\">\n<div style=\"line-height: normal; margin: 2pt 0cm;\">\n<div style=\"line-height: normal; margin: 2pt 0cm;\"><span style=\"font-size: 10pt;\">Historia y Pol\u00edtica de la Educaci\u00f3n Argentina<\/span><\/div>\n<\/div>\n<\/td>\n<td style=\"border: 1px solid #0f88ef;\">CUATRIMESTRAL<\/td>\n<td style=\"border: 1px solid #0f88ef;\">\n<div style=\"line-height: normal; margin: 2pt 0cm;\"><span style=\"font-size: 10pt;\">Materia<\/span><\/div>\n<\/td>\n<td style=\"border: 1px solid #0f88ef;\">4<\/td>\n<\/tr>\n<tr>\n<td style=\"border: 1px solid #0f88ef;\">\n<div style=\"line-height: normal; margin: 2pt 0cm;\">\n<div style=\"line-height: normal; margin: 2pt 0cm;\"><span style=\"font-size: 10pt;\">Filosof\u00eda<\/span><\/div>\n<\/div>\n<\/td>\n<td style=\"border: 1px solid #0f88ef;\">CUATRIMESTRAL<\/td>\n<td style=\"border: 1px solid #0f88ef;\">\n<div style=\"line-height: normal; margin: 2pt 0cm;\">\n<div style=\"line-height: normal; margin: 2pt 0cm;\"><span style=\"font-size: 10pt;\">Materia<\/span><\/div>\n<\/div>\n<\/td>\n<td style=\"border: 1px solid #0f88ef;\">4<\/td>\n<\/tr>\n<tr>\n<td style=\"border: 1px solid #0f88ef;\">\n<div style=\"line-height: normal; margin: 2pt 0cm;\">\n<div style=\"line-height: normal; margin: 2pt 0cm;\"><span style=\"font-size: 10pt;\">Ense\u00f1anza de la Lengua y Literatura<\/span><\/div>\n<\/div>\n<\/td>\n<td style=\"border: 1px solid #0f88ef;\">ANUAL<\/td>\n<td style=\"border: 1px solid #0f88ef;\">\n<div style=\"line-height: normal; margin: 2pt 0cm;\"><span style=\"font-size: 10pt;\">Materia<\/span><\/div>\n<\/td>\n<td style=\"border: 1px solid #0f88ef;\">6<\/td>\n<\/tr>\n<tr>\n<td style=\"border: 1px solid #0f88ef;\">\n<div style=\"line-height: normal; margin: 2pt 0cm;\">\n<div style=\"line-height: normal; margin: 2pt 0cm;\"><span style=\"font-size: 10pt;\">Ense\u00f1anza de la Matem\u00e1tica<\/span><\/div>\n<\/div>\n<\/td>\n<td style=\"border: 1px solid #0f88ef;\">ANUAL<\/td>\n<td style=\"border: 1px solid #0f88ef;\">\n<div style=\"line-height: normal; margin: 2pt 0cm;\"><span style=\"font-size: 10pt;\">Materia<\/span><\/div>\n<\/td>\n<td style=\"border: 1px solid #0f88ef;\">6<\/td>\n<\/tr>\n<tr>\n<td style=\"border: 1px solid #0f88ef;\">\n<div style=\"line-height: normal; margin: 2pt 0cm;\">\n<div style=\"line-height: normal; margin: 2pt 0cm;\"><span style=\"font-size: 10pt;\">Sujeto de la Educaci\u00f3n Primaria<\/span><\/div>\n<\/div>\n<\/td>\n<td style=\"border: 1px solid #0f88ef;\">ANUAL<\/td>\n<td style=\"border: 1px solid #0f88ef;\">\n<div style=\"line-height: normal; margin: 2pt 0cm;\"><span style=\"font-size: 10pt;\">Seminario<\/span><\/div>\n<\/td>\n<td style=\"border: 1px solid #0f88ef;\">6<\/td>\n<\/tr>\n<tr>\n<td style=\"border: 1px solid #0f88ef;\">\n<div style=\"line-height: normal; margin: 2pt 0cm;\">\n<div style=\"line-height: normal; margin: 2pt 0cm;\"><span style=\"font-size: 10pt;\">Pr\u00e1ctica II: Programaci\u00f3n de la Ense\u00f1anza \/ Curriculum y Organizaciones Escolares<\/span><\/div>\n<\/div>\n<\/td>\n<td style=\"border: 1px solid #0f88ef;\">ANUAL<\/td>\n<td style=\"border: 1px solid #0f88ef;\">\n<div style=\"line-height: normal; margin: 2pt 0cm;\">\n<div style=\"line-height: normal; margin: 2pt 0cm;\"><span style=\"font-size: 10pt;\">Taller<\/span><\/div>\n<\/div>\n<\/td>\n<td style=\"border: 1px solid #0f88ef;\">6<\/td>\n<\/tr>\n<tr>\n<td style=\"border: 1px solid #0f88ef;\" colspan=\"3\"><\/td>\n<td style=\"border: 1px solid #0f88ef;\">TOTAL <strong>42 <\/strong>HORAS<\/td>\n<\/tr>\n<\/tbody>\n<\/table>\n<p>&#8212;&#8212;&#8212;&#8212;&#8212;&#8212;&#8212;&#8212;&#8212;&#8212;&#8212;&#8212;&#8212;&#8212;&#8212;&#8212;&#8212;&#8212;&#8212;&#8212;&#8212;&#8212;&#8212;&#8212;&#8212;&#8212;&#8212;&#8212;&#8212;&#8212;&#8212;&#8212;<\/p>\n<p><span style=\"background-color: #ffffff;\"><strong>TERCER A\u00d1O<\/strong><\/span><\/p>\n<table border=\"0\">\n<tbody>\n<tr>\n<td style=\"border: 1px solid #0f88ef;\">\n<div style=\"line-height: normal; margin: 2pt 0cm;\">\n<div style=\"line-height: normal; margin: 2pt 0cm;\"><span style=\"font-size: 10pt;\">Propuesta variable o complementaria 1<\/span><\/div>\n<\/div>\n<\/td>\n<td style=\"border: 1px solid #0f88ef;\">\n<div style=\"line-height: normal; margin: 2pt 0cm;\"><span style=\"font-size: 8pt;\">CUATRIMESTRAL<\/span><\/div>\n<\/td>\n<td style=\"border: 1px solid #0f88ef;\">\n<div style=\"line-height: normal; margin: 2pt 0cm;\">\n<div style=\"line-height: normal; margin: 2pt 0cm;\"><span style=\"font-size: 10pt;\">Seminario<\/span><\/div>\n<\/div>\n<\/td>\n<td style=\"border: 1px solid #0f88ef;\">3<\/td>\n<\/tr>\n<tr>\n<td style=\"border: 1px solid #0f88ef;\">\n<div style=\"line-height: normal; margin: 2pt 0cm;\">\n<div style=\"line-height: normal; margin: 2pt 0cm;\"><span style=\"font-size: 10pt;\">Propuesta variable o complementaria 2<\/span><\/div>\n<\/div>\n<\/td>\n<td style=\"border: 1px solid #0f88ef;\">CUATRIMESTRAL<\/td>\n<td style=\"border: 1px solid #0f88ef;\">\n<div style=\"line-height: normal; margin: 2pt 0cm;\">\n<div style=\"line-height: normal; margin: 2pt 0cm;\"><span style=\"font-size: 10pt;\">Seminario<\/span><\/div>\n<\/div>\n<\/td>\n<td style=\"border: 1px solid #0f88ef;\">3<\/td>\n<\/tr>\n<tr>\n<td style=\"border: 1px solid #0f88ef;\">\n<div style=\"line-height: normal; margin: 2pt 0cm;\">\n<div style=\"line-height: normal; margin: 2pt 0cm;\"><span style=\"font-size: 10pt;\">Lengua Extranjera<\/span><\/div>\n<\/div>\n<\/td>\n<td style=\"border: 1px solid #0f88ef;\">CUATRIMESTRAL<\/td>\n<td style=\"border: 1px solid #0f88ef;\">\n<div style=\"line-height: normal; margin: 2pt 0cm;\">\n<div style=\"line-height: normal; margin: 2pt 0cm;\"><span style=\"font-size: 10pt;\">Taller<\/span><\/div>\n<\/div>\n<\/td>\n<td style=\"border: 1px solid #0f88ef;\">3<\/td>\n<\/tr>\n<tr>\n<td style=\"border: 1px solid #0f88ef;\">\n<div style=\"line-height: normal; margin: 2pt 0cm;\">\n<div style=\"line-height: normal; margin: 2pt 0cm;\"><span style=\"font-size: 10pt;\">Alfabetizaci\u00f3n Inicial<\/span><\/div>\n<\/div>\n<\/td>\n<td style=\"border: 1px solid #0f88ef;\">CUATRIMESTRAL<\/td>\n<td style=\"border: 1px solid #0f88ef;\">\n<div style=\"line-height: normal; margin: 2pt 0cm;\"><span style=\"font-size: 10pt;\">Taller<\/span><\/div>\n<\/td>\n<td style=\"border: 1px solid #0f88ef;\">3<\/td>\n<\/tr>\n<tr>\n<td style=\"border: 1px solid #0f88ef;\">\n<div style=\"line-height: normal; margin: 2pt 0cm;\">\n<div style=\"line-height: normal; margin: 2pt 0cm;\"><span style=\"font-size: 10pt;\">Lenguajes Art\u00edsticos Integrados<\/span><\/div>\n<\/div>\n<\/td>\n<td style=\"border: 1px solid #0f88ef;\">CUATRIMESTRAL<\/td>\n<td style=\"border: 1px solid #0f88ef;\">\n<div style=\"line-height: normal; margin: 2pt 0cm;\">\n<div style=\"line-height: normal; margin: 2pt 0cm;\"><span style=\"font-size: 10pt;\">Taller<\/span><\/div>\n<\/div>\n<\/td>\n<td style=\"border: 1px solid #0f88ef;\">3<\/td>\n<\/tr>\n<tr>\n<td style=\"border: 1px solid #0f88ef;\">\n<div style=\"line-height: normal; margin: 2pt 0cm;\">\n<div style=\"line-height: normal; margin: 2pt 0cm;\"><span style=\"font-size: 10pt;\">Sociolog\u00eda de la Educaci\u00f3n<\/span><\/div>\n<\/div>\n<\/td>\n<td style=\"border: 1px solid #0f88ef;\">CUATRIMESTRAL<\/td>\n<td style=\"border: 1px solid #0f88ef;\">\n<div style=\"line-height: normal; margin: 2pt 0cm;\"><span style=\"font-size: 10pt;\">Materia<\/span><\/div>\n<\/td>\n<td style=\"border: 1px solid #0f88ef;\">6<\/td>\n<\/tr>\n<tr>\n<td style=\"border: 1px solid #0f88ef;\">\n<div style=\"line-height: normal; margin: 2pt 0cm;\">\n<div style=\"line-height: normal; margin: 2pt 0cm;\"><span style=\"font-size: 10pt;\">Problem\u00e1tica Contempor\u00e1nea de la Educaci\u00f3n Primaria<\/span><\/div>\n<\/div>\n<\/td>\n<td style=\"border: 1px solid #0f88ef;\">CUATRIMESTRAL<\/td>\n<td style=\"border: 1px solid #0f88ef;\">\n<div style=\"line-height: normal; margin: 2pt 0cm;\">\n<div style=\"line-height: normal; margin: 2pt 0cm;\"><span style=\"font-size: 10pt;\">Seminario<\/span><\/div>\n<\/div>\n<\/td>\n<td style=\"border: 1px solid #0f88ef;\">3<\/td>\n<\/tr>\n<tr>\n<td style=\"border: 1px solid #0f88ef;\">\n<div style=\"line-height: normal; margin: 2pt 0cm;\">\n<div style=\"line-height: normal; margin: 2pt 0cm;\"><span style=\"font-size: 10pt;\">Tecnolog\u00edas de la Informaci\u00f3n y la Comunicaci\u00f3n en la Ense\u00f1anza <\/span><\/div>\n<\/div>\n<\/td>\n<td style=\"border: 1px solid #0f88ef;\">CUATRIMESTRAL<\/td>\n<td style=\"border: 1px solid #0f88ef;\">\n<div style=\"line-height: normal; margin: 2pt 0cm;\">\n<div style=\"line-height: normal; margin: 2pt 0cm;\"><span style=\"font-size: 10pt;\">Taller<\/span><\/div>\n<\/div>\n<\/td>\n<td style=\"border: 1px solid #0f88ef;\">3<\/td>\n<\/tr>\n<tr>\n<td style=\"border: 1px solid #0f88ef;\">\n<div style=\"line-height: normal; margin: 2pt 0cm;\">\n<div style=\"line-height: normal; margin: 2pt 0cm;\"><span style=\"font-size: 10pt;\">Ense\u00f1anza de las Ciencias Naturales<\/span><\/div>\n<\/div>\n<\/td>\n<td style=\"border: 1px solid #0f88ef;\">ANUAL<\/td>\n<td style=\"border: 1px solid #0f88ef;\">\n<div style=\"line-height: normal; margin: 2pt 0cm;\"><span style=\"font-size: 10pt;\">Materia<\/span><\/div>\n<\/td>\n<td style=\"border: 1px solid #0f88ef;\">6<\/td>\n<\/tr>\n<tr>\n<td style=\"border: 1px solid #0f88ef;\">\n<div style=\"line-height: normal; margin: 2pt 0cm;\">\n<div style=\"line-height: normal; margin: 2pt 0cm;\"><span style=\"font-size: 10pt;\"><span style=\"font-size: 10pt;\">Ense\u00f1anza de las Ciencias Sociales<\/span><\/span><\/div>\n<\/div>\n<\/td>\n<td style=\"border: 1px solid #0f88ef;\">ANUAL<\/td>\n<td style=\"border: 1px solid #0f88ef;\">\n<div style=\"line-height: normal; margin: 2pt 0cm;\">\n<p><span style=\"font-size: 10pt;\">\u00a0 <\/span><\/p>\n<div style=\"line-height: normal; margin: 2pt 0cm;\"><span style=\"font-size: 10pt;\">Materia<\/span><\/div>\n<\/div>\n<\/td>\n<td style=\"border: 1px solid #0f88ef;\">6<\/td>\n<\/tr>\n<tr>\n<td style=\"border: 1px solid #0f88ef;\">\n<div style=\"line-height: normal; margin: 2pt 0cm;\">\n<div style=\"line-height: normal; margin: 2pt 0cm;\">\n<div style=\"line-height: normal; margin: 2pt 0cm;\"><span style=\"font-size: 10pt;\">Pr\u00e1ctica III: Coordinaci\u00f3n de grupos de Aprendizaje \/ Evaluaci\u00f3n de los Aprendizajes<\/span><\/div>\n<\/div>\n<\/div>\n<\/td>\n<td style=\"border: 1px solid #0f88ef;\">ANUAL<\/td>\n<td style=\"border: 1px solid #0f88ef;\">\n<div style=\"line-height: normal; margin: 2pt 0cm;\">\n<div style=\"line-height: normal; margin: 2pt 0cm;\"><span style=\"font-size: 10pt;\">Taller<\/span><\/div>\n<p>&nbsp;<\/p>\n<\/div>\n<\/td>\n<td style=\"border: 1px solid #0f88ef;\">7<\/td>\n<\/tr>\n<tr>\n<td style=\"border: 1px solid #0f88ef;\" colspan=\"3\"><\/td>\n<td style=\"border: 1px solid #0f88ef;\">TOTAL <strong>46 <\/strong>HORAS<\/td>\n<\/tr>\n<\/tbody>\n<\/table>\n<p>&#8212;&#8212;&#8212;&#8212;&#8212;&#8212;&#8212;&#8212;&#8212;&#8212;&#8212;&#8212;&#8212;&#8212;&#8212;&#8212;&#8212;&#8212;&#8212;&#8212;&#8212;&#8212;&#8212;&#8212;&#8212;&#8212;&#8212;&#8212;&#8212;&#8212;&#8212;&#8212;<\/p>\n<p><span style=\"background-color: #ffffff;\"><strong>CUARTO\u00a0A\u00d1O<\/strong><\/span><\/p>\n<table border=\"0\">\n<tbody>\n<tr>\n<td style=\"border: 1px solid #0f88ef;\">\n<div style=\"line-height: normal; margin: 2pt 0cm;\">\n<div style=\"line-height: normal; margin: 2pt 0cm;\">\n<div style=\"line-height: normal; margin: 2pt 0cm;\"><span style=\"font-size: 10pt;\">\u00c9tica y Ciudadan\u00eda<\/span><\/div>\n<\/div>\n<\/div>\n<\/td>\n<td style=\"border: 1px solid #0f88ef;\">\n<div style=\"line-height: normal; margin: 2pt 0cm;\"><span style=\"font-size: 8pt;\">CUATRIMESTRAL<\/span><\/div>\n<\/td>\n<td style=\"border: 1px solid #0f88ef;\">\n<div style=\"line-height: normal; margin: 2pt 0cm;\">\n<div style=\"line-height: normal; margin: 2pt 0cm;\">\n<div style=\"line-height: normal; margin: 2pt 0cm;\"><span style=\"font-size: 10pt;\">Materia<\/span><\/div>\n<\/div>\n<\/div>\n<\/td>\n<td style=\"border: 1px solid #0f88ef;\">6<\/td>\n<\/tr>\n<tr>\n<td style=\"border: 1px solid #0f88ef;\">\n<div style=\"line-height: normal; margin: 2pt 0cm;\">\n<div style=\"line-height: normal; margin: 2pt 0cm;\">\n<div style=\"line-height: normal; margin: 2pt 0cm;\"><span style=\"font-size: 10pt;\">Educaci\u00f3n Sexual Integral<\/span><\/div>\n<\/div>\n<\/div>\n<\/td>\n<td style=\"border: 1px solid #0f88ef;\">CUATRIMESTRAL<\/td>\n<td style=\"border: 1px solid #0f88ef;\">\n<div style=\"line-height: normal; margin: 2pt 0cm;\"><span style=\"font-size: 10pt;\">Materia<\/span><\/div>\n<\/td>\n<td style=\"border: 1px solid #0f88ef;\">3<\/td>\n<\/tr>\n<tr>\n<td style=\"border: 1px solid #0f88ef;\">\n<div style=\"line-height: normal; margin: 2pt 0cm;\">\n<div style=\"line-height: normal; margin: 2pt 0cm;\">\n<div style=\"line-height: normal; margin: 2pt 0cm;\"><span style=\"font-size: 10pt;\">Propuesta variable o complementaria 3<\/span><\/div>\n<\/div>\n<\/div>\n<\/td>\n<td style=\"border: 1px solid #0f88ef;\">CUATRIMESTRAL<\/td>\n<td style=\"border: 1px solid #0f88ef;\">\n<div style=\"line-height: normal; margin: 2pt 0cm;\"><span style=\"font-size: 10pt;\">Seminario<\/span><\/div>\n<\/td>\n<td style=\"border: 1px solid #0f88ef;\">3<\/td>\n<\/tr>\n<tr>\n<td style=\"border: 1px solid #0f88ef;\">\n<div style=\"line-height: normal; margin: 2pt 0cm;\">\n<div style=\"line-height: normal; margin: 2pt 0cm;\">\n<div style=\"line-height: normal; margin: 2pt 0cm;\"><span style=\"font-size: 10pt;\">Propuesta variable o complementaria 4<\/span><\/div>\n<\/div>\n<\/div>\n<\/td>\n<td style=\"border: 1px solid #0f88ef;\">CUATRIMESTRAL<\/td>\n<td style=\"border: 1px solid #0f88ef;\">\n<div style=\"line-height: normal; margin: 2pt 0cm;\">\n<div style=\"line-height: normal; margin: 2pt 0cm;\">\n<div style=\"line-height: normal; margin: 2pt 0cm;\"><span style=\"font-size: 10pt;\">Taller<\/span><\/div>\n<\/div>\n<\/div>\n<\/td>\n<td style=\"border: 1px solid #0f88ef;\">3<\/td>\n<\/tr>\n<tr>\n<td style=\"border: 1px solid #0f88ef;\">\n<div style=\"line-height: normal; margin: 2pt 0cm;\">\n<div style=\"line-height: normal; margin: 2pt 0cm;\">\n<div style=\"line-height: normal; margin: 2pt 0cm;\"><span style=\"font-size: 10pt;\">Ateneo Did\u00e1ctico por Disciplinas<\/span><\/div>\n<\/div>\n<\/div>\n<\/td>\n<td style=\"border: 1px solid #0f88ef;\">CUATRIMESTRAL<\/td>\n<td style=\"border: 1px solid #0f88ef;\">\n<div style=\"line-height: normal; margin: 2pt 0cm;\"><span style=\"font-size: 10pt;\">Ateneo<\/span><\/div>\n<\/td>\n<td style=\"border: 1px solid #0f88ef;\">12<\/td>\n<\/tr>\n<tr>\n<td style=\"border: 1px solid #0f88ef;\">\n<div style=\"line-height: normal; margin: 2pt 0cm;\">\n<div style=\"line-height: normal; margin: 2pt 0cm;\">\n<div style=\"line-height: normal; margin: 2pt 0cm;\"><span style=\"font-size: 10pt;\">Residencia Pedag\u00f3gica: Sistematizaci\u00f3n de experiencias.<\/span><\/div>\n<\/div>\n<\/div>\n<\/td>\n<td style=\"border: 1px solid #0f88ef;\">ANUAL<\/td>\n<td style=\"border: 1px solid #0f88ef;\">\n<div style=\"line-height: normal; margin: 2pt 0cm;\">\n<div style=\"line-height: normal; margin: 2pt 0cm;\"><span style=\"font-size: 10pt;\">Taller<\/span><\/div>\n<\/div>\n<\/td>\n<td style=\"border: 1px solid #0f88ef;\">10<\/td>\n<\/tr>\n<tr>\n<td style=\"border: #ffffff 1px solid;\" colspan=\"3\" scope=\"rowgroup\" valign=\"middle\"><\/td>\n<td style=\"border: 1px solid #0f88ef;\" scope=\"rowgroup\" valign=\"middle\">TOTAL <strong>37 <\/strong>HORAS<\/td>\n<\/tr>\n<\/tbody>\n<\/table>\n","protected":false},"excerpt":{"rendered":"<p>ESTABLECIMIENTO: INSTITUTO SUPERIOR \u00abGOYA\u00bb DENOMINACI\u00d3N DE LA CARRERA: \u00abPROFESORADO DE EDUCACI\u00d3N PRIMARIA\u00bb DECRETO\/RESOLUCI\u00d3N: RESOLUCI\u00d3N N\u00b0 1464\/14 T\u00cdTULO QUE OTORGA: PROFESOR DE EDUCACI\u00d3N PRIMARIA T\u00cdTULO INTERMEDIO: &#8212;&#8212;&#8212;&#8212;&#8212;&#8212;&#8212;&#8212;&#8212;&#8212;&#8212;&#8212;&#8212;&#8212; DURACI\u00d3N DE LA CARRERA:\u00a0CUATRO A\u00d1OS \u00a0 \u00a0 \u00a0ASIGNATURAS \u00a0\u00a0 \u00a0 \u00a0 \u00a0 \u00a0 \u00a0 \u00a0DURACI\u00d3N \u00a0 \u00a0 \u00a0 \u00a0\u00a0 \u00a0 \u00a0FORMATO \u00a0 \u00a0\u00a0\u00a0\u00a0 HORAS \u00a0\u00a0 \u00a0 Cuatrimestral\/anual \u00a0 \u00a0 &#8230; <a title=\"Plan de estudios Primaria\" class=\"read-more\" href=\"https:\/\/isgoya-crr.infd.edu.ar\/sitio\/plan-de-estudios-7\/\" aria-label=\"More on Plan de estudios Primaria\">[+]<\/a><\/p>\n","protected":false},"author":2329,"featured_media":0,"parent":0,"menu_order":0,"comment_status":"closed","ping_status":"closed","template":"","meta":[],"acf":[],"_links":{"self":[{"href":"https:\/\/isgoya-crr.infd.edu.ar\/sitio\/wp-json\/wp\/v2\/pages\/981"}],"collection":[{"href":"https:\/\/isgoya-crr.infd.edu.ar\/sitio\/wp-json\/wp\/v2\/pages"}],"about":[{"href":"https:\/\/isgoya-crr.infd.edu.ar\/sitio\/wp-json\/wp\/v2\/types\/page"}],"author":[{"embeddable":true,"href":"https:\/\/isgoya-crr.infd.edu.ar\/sitio\/wp-json\/wp\/v2\/users\/2329"}],"replies":[{"embeddable":true,"href":"https:\/\/isgoya-crr.infd.edu.ar\/sitio\/wp-json\/wp\/v2\/comments?post=981"}],"version-history":[{"count":2,"href":"https:\/\/isgoya-crr.infd.edu.ar\/sitio\/wp-json\/wp\/v2\/pages\/981\/revisions"}],"predecessor-version":[{"id":1193,"href":"https:\/\/isgoya-crr.infd.edu.ar\/sitio\/wp-json\/wp\/v2\/pages\/981\/revisions\/1193"}],"wp:attachment":[{"href":"https:\/\/isgoya-crr.infd.edu.ar\/sitio\/wp-json\/wp\/v2\/media?parent=981"}],"curies":[{"name":"wp","href":"https:\/\/api.w.org\/{rel}","templated":true}]}}