{"id":997,"date":"2018-08-30T13:18:40","date_gmt":"2018-08-30T16:18:40","guid":{"rendered":"https:\/\/isgoya-crr.infd.edu.ar\/sitio\/plan-de-estudios-9\/"},"modified":"2018-11-21T20:00:46","modified_gmt":"2018-11-21T23:00:46","slug":"plan-de-estudios-9","status":"publish","type":"page","link":"https:\/\/isgoya-crr.infd.edu.ar\/sitio\/plan-de-estudios-9\/","title":{"rendered":"Plan de Estudios Geriatr\u00eda"},"content":{"rendered":"<p style=\"text-align: center;\">ESTABLECIMIENTO: <span style=\"color: #339966;\"><strong>INSTITUTO SUPERIOR \u00abGOYA\u00bb<\/strong><\/span><\/p>\n<p>DENOMINACI\u00d3N DE LA CARRERA: <span style=\"color: #ff9900;\"><strong>\u00abT\u00c9CNICATURA SUPERIOR EN GERIATR\u00cdA\u00bb<br \/>\n<\/strong><\/span><br \/>\nDECRETO\/RESOLUCI\u00d3N: <strong>RESOLUCI\u00d3N N\u00ba 1136\/11<\/strong><\/p>\n<p>T\u00cdTULO QUE OTORGA: <em>\u00abT\u00c9CNICO SUPERIOR EN GERIATR\u00cdA<\/em><em>\u00ab<\/em><\/p>\n<p>T\u00cdTULO INTERMEDIO: &#8212;&#8212;&#8212;&#8212;&#8212;&#8212;&#8212;-<\/p>\n<p>DURACI\u00d3N DE LA CARRERA: <strong>TRES A\u00d1OS<\/strong><\/p>\n<table border=\"0\">\n<tbody>\n<tr>\n<td style=\"text-align: center; background-color: #e7e7b0; border: #b4a14b 1px solid;\" valign=\"top\">\u00a0\u00a0\u00a0\u00a0\u00a0\u00a0\u00a0\u00a0\u00a0\u00a0\u00a0\u00a0\u00a0\u00a0\u00a0\u00a0\u00a0\u00a0\u00a0\u00a0\u00a0\u00a0\u00a0\u00a0\u00a0ASIGNATURAS<\/td>\n<td style=\"text-align: center; background-color: #e7e7b0; border: #b4a14b 1px solid;\" valign=\"top\">DURACION<\/td>\n<td style=\"background-color: #e7e7b0; border: #b4a14b 1px solid;\" valign=\"top\">\u00a0\u00a0\u00a0 \u00a0HORAS<\/td>\n<\/tr>\n<tr>\n<td style=\"background-color: #e7e7b0; border: #b4a14b 1px solid;\" valign=\"top\"><\/td>\n<td style=\"text-align: center; background-color: #e7e7b0; border: #b4a14b 1px solid;\" valign=\"top\">\u00a0\u00a0\u00a0\u00a0Cuatrimestral\/anual<\/td>\n<td style=\"background-color: #e7e7b0; border: #b4a14b 1px solid;\" valign=\"top\"><\/td>\n<\/tr>\n<\/tbody>\n<\/table>\n<p><span style=\"background-color: #96bf73;\">PRIMER A\u00d1O<\/span><\/p>\n<table border=\"0\">\n<tbody>\n<tr>\n<td style=\"border: #b4a14b 1px solid;\" scope=\"col\" valign=\"middle\">\n<div style=\"line-height: normal; margin: 2pt 0cm;\"><span style=\"font-size: 9pt;\"><strong><span style=\"font-size: 12px;\"><strong><span style=\"font-size: 12px;\"><strong><span style=\"font-size: 12px;\">GERONTOLOG\u00cdA\u00a0I<\/span><\/strong><\/span><\/strong><\/span><\/strong>\u00a0\u00a0\u00a0\u00a0\u00a0\u00a0\u00a0\u00a0\u00a0\u00a0\u00a0\u00a0\u00a0\u00a0\u00a0\u00a0\u00a0\u00a0\u00a0\u00a0\u00a0\u00a0\u00a0\u00a0\u00a0\u00a0\u00a0\u00a0\u00a0\u00a0\u00a0\u00a0\u00a0\u00a0\u00a0\u00a0\u00a0\u00a0\u00a0\u00a0\u00a0\u00a0\u00a0\u00a0\u00a0\u00a0\u00a0\u00a0 <\/span><\/div>\n<\/td>\n<td style=\"border: #b4a14b 1px solid;\" scope=\"col\" valign=\"middle\"><strong><span style=\"font-size: 12px;\"><strong><span style=\"font-size: 12px;\">ANUAL<\/span><\/strong><\/span><\/strong><\/td>\n<td style=\"text-align: center; border: #b4a14b 1px solid;\" scope=\"col\" valign=\"middle\">4<\/td>\n<\/tr>\n<tr>\n<td style=\"border: #b4a14b 1px solid;\" scope=\"col\" valign=\"middle\">\n<div style=\"line-height: normal; margin: 2pt 0cm;\"><span style=\"font-size: 9pt;\"><strong><span style=\"font-size: 12px;\"><strong><span style=\"font-size: 12px;\"><strong><span style=\"font-size: 12px;\">ANATOMOFISIOLOG\u00cdA DEL ENVEJECIMIENTO<\/span><\/strong><\/span><\/strong><\/span><\/strong><\/span><\/div>\n<\/td>\n<td style=\"border: #b4a14b 1px solid;\" scope=\"col\" valign=\"middle\"><strong><span style=\"font-size: 12px;\">1\u00baCUATRIMESTRE<\/span><\/strong><\/td>\n<td style=\"text-align: center; border: #b4a14b 1px solid;\" scope=\"col\" valign=\"middle\">5<\/td>\n<\/tr>\n<tr>\n<td style=\"border: #b4a14b 1px solid;\" scope=\"col\" valign=\"middle\">\n<div style=\"line-height: normal; margin: 2pt 0cm;\"><span style=\"font-size: 9pt;\"><strong><span style=\"font-size: 12px;\"><strong><span style=\"font-size: 12px;\"><strong><span style=\"font-size: 12px;\">FUNDAMENTOS DE ASISTENCIA DEL ADULTO MAYOR<\/span><\/strong><\/span><\/strong><\/span><\/strong><\/span><\/div>\n<\/td>\n<td style=\"border: #b4a14b 1px solid;\" scope=\"col\" valign=\"middle\"><strong><span style=\"font-size: 12px;\">ANUAL<\/span><\/strong><\/td>\n<td style=\"text-align: center; border: #b4a14b 1px solid;\" scope=\"col\" valign=\"middle\">4<\/td>\n<\/tr>\n<tr>\n<td style=\"border: #b4a14b 1px solid;\" scope=\"col\" valign=\"middle\">\n<div style=\"line-height: normal; margin: 2pt 0cm;\"><span style=\"font-size: 9pt;\"><strong><span style=\"font-size: 12px;\"><strong><span style=\"font-size: 12px;\"><strong><span style=\"font-size: 12px;\">TERAPIA OCUPACIONAL<\/span><\/strong><\/span><\/strong><\/span><\/strong><\/span><\/div>\n<\/td>\n<td style=\"border: #b4a14b 1px solid;\" scope=\"col\" valign=\"middle\"><strong><span style=\"font-size: 12px;\">2\u00baCUATRIMESTRE<\/span><\/strong><\/td>\n<td style=\"text-align: center; border: #b4a14b 1px solid;\" scope=\"col\" valign=\"middle\">\u00a04<\/td>\n<\/tr>\n<tr>\n<td style=\"border: #b4a14b 1px solid;\" scope=\"col\" valign=\"middle\">\n<div style=\"line-height: normal; margin: 2pt 0cm;\"><span style=\"font-size: 9pt;\"><strong><span style=\"font-size: 12px;\"><strong><span style=\"font-size: 12px;\"><strong><span style=\"font-size: 12px;\">CULTURA Y COMUNICACI\u00d3N CONTEMPOR\u00c1NEA<\/span><\/strong><\/span><\/strong><\/span><\/strong><\/span><\/div>\n<\/td>\n<td style=\"border: #b4a14b 1px solid;\" scope=\"col\" valign=\"middle\"><strong><span style=\"font-size: 12px;\">1\u00b0 CUATRIMESTRE<\/span><\/strong><\/td>\n<td style=\"text-align: center; border: #b4a14b 1px solid;\" scope=\"col\" valign=\"middle\">4<\/td>\n<\/tr>\n<tr>\n<td style=\"border: #b4a14b 1px solid;\" scope=\"col\" valign=\"middle\">\n<div style=\"line-height: normal; margin: 2pt 0cm;\"><span style=\"font-size: 9pt;\"><strong><span style=\"font-size: 12px;\"><strong><span style=\"font-size: 12px;\"><strong><span style=\"font-size: 12px;\">IDENTIDAD, DIVERSIDAD Y DESIGUALDADES SOCIOCULTURALES<\/span><\/strong><\/span><\/strong><\/span><\/strong><\/span><\/div>\n<\/td>\n<td style=\"border: #b4a14b 1px solid;\" scope=\"col\" valign=\"middle\"><strong><span style=\"font-size: 12px;\">2\u00b0 CUATRIMESTRE<\/span><\/strong><\/td>\n<td style=\"text-align: center; border: #b4a14b 1px solid;\" scope=\"col\" valign=\"middle\">4<\/td>\n<\/tr>\n<tr>\n<td style=\"border: #b4a14b 1px solid;\" scope=\"col\" valign=\"middle\"><span style=\"font-size: 9pt;\"><strong><span style=\"font-size: 12px;\"><strong><span style=\"font-size: 12px;\"><strong><span style=\"font-size: 12px;\">PSICOLOG\u00cdA<\/span><\/strong><\/span><\/strong><\/span><\/strong><\/span><\/td>\n<td style=\"border: #b4a14b 1px solid;\" scope=\"col\" valign=\"middle\"><strong><span style=\"font-size: 12px;\">1\u00b0 CUATRIMESTRE<\/span><\/strong><\/td>\n<td style=\"text-align: center; border: #b4a14b 1px solid;\" scope=\"col\" valign=\"middle\">4<\/td>\n<\/tr>\n<tr>\n<td style=\"border: #b4a14b 1px solid;\" scope=\"col\" valign=\"middle\">\n<div style=\"line-height: normal; margin: 2pt 0cm;\"><span style=\"font-size: 9pt;\"><strong><span style=\"font-size: 12px;\"><strong><span style=\"font-size: 12px;\"><strong><span style=\"font-size: 12px;\"><strong><span style=\"font-size: 12px;\">NUTRICI\u00d3N Y DIETOTERAPIA<\/span><\/strong><\/span><\/strong><\/span><\/strong><\/span><\/strong><\/span><\/div>\n<\/td>\n<td style=\"border: #b4a14b 1px solid;\" scope=\"col\" valign=\"middle\"><strong><span style=\"font-size: 12px;\"><strong><span style=\"font-size: 12px;\">2\u00b0 CUATRIMESTRE<\/span><\/strong><\/span><\/strong><\/td>\n<td style=\"text-align: center; border: #b4a14b 1px solid;\" scope=\"col\" valign=\"middle\">5<\/td>\n<\/tr>\n<tr>\n<td style=\"border: #b4a14b 1px solid;\" scope=\"col\" valign=\"middle\"><span style=\"font-size: 9pt;\"><strong><span style=\"font-size: 12px;\"><strong><span style=\"font-size: 12px;\"><strong><span style=\"font-size: 12px;\">PRACTICA PROFESIONALIZANTE I<\/span><\/strong><\/span><\/strong><\/span><\/strong><\/span><\/td>\n<td style=\"border: #b4a14b 1px solid;\" scope=\"col\" valign=\"middle\"><strong><span style=\"font-size: 12px;\"><strong><span style=\"font-size: 12px;\">ANUAL<\/span><\/strong><\/span><\/strong><\/td>\n<td style=\"text-align: center; border: #b4a14b 1px solid;\" scope=\"col\" valign=\"middle\">6<\/td>\n<\/tr>\n<tr>\n<td style=\"border: #b4a14b 1px solid;\" colspan=\"2\" scope=\"col\" valign=\"middle\"><\/td>\n<td style=\"border: #b4a14b 1px solid;\" scope=\"col\" valign=\"middle\">TOTAL\u00a0<strong>40 <\/strong>HORAS<\/td>\n<\/tr>\n<\/tbody>\n<\/table>\n<p>&#8212;&#8212;&#8212;&#8212;&#8212;&#8212;&#8212;&#8212;&#8212;&#8212;&#8212;&#8212;&#8212;&#8212;&#8212;&#8212;&#8212;&#8212;&#8212;&#8212;&#8212;&#8212;&#8212;&#8212;&#8212;&#8212;&#8212;&#8212;&#8212;&#8212;&#8212;<\/p>\n<p><span style=\"background-color: #96bf73;\">SEGUNDO A\u00d1O<\/span><\/p>\n<table border=\"0\">\n<tbody>\n<tr>\n<td style=\"border: 1px solid #b4a14b;\" scope=\"col\" valign=\"middle\">\n<div style=\"line-height: normal; margin: 2pt 0cm;\"><span style=\"font-size: 9pt;\"><strong><span style=\"font-size: 12px;\"><strong><span style=\"font-size: 12px;\"><strong><span style=\"font-size: 12px;\"><strong><span style=\"font-size: 12px;\">GERONTOLOG\u00cdA\u00a0II<\/span><\/strong><\/span><\/strong><\/span><\/strong><\/span><\/strong>\u00a0 \u00a0 \u00a0 \u00a0 \u00a0 \u00a0 \u00a0 \u00a0 \u00a0 \u00a0 \u00a0 \u00a0 \u00a0 \u00a0 \u00a0 \u00a0 \u00a0 \u00a0 \u00a0 \u00a0 \u00a0<\/span><\/div>\n<\/td>\n<td style=\"border: 1px solid #b4a14b;\" scope=\"col\" valign=\"middle\"><strong><span style=\"font-size: 12px;\"><strong><span style=\"font-size: 12px;\">ANUAL<\/span><\/strong><\/span><\/strong><\/td>\n<td style=\"text-align: center; border: 1px solid #b4a14b;\" scope=\"col\" valign=\"middle\">4<\/td>\n<\/tr>\n<tr>\n<td style=\"border: 1px solid #b4a14b;\" scope=\"col\" valign=\"middle\">\n<div style=\"line-height: normal; margin: 2pt 0cm;\"><span style=\"font-size: 9pt;\"><strong><span style=\"font-size: 12px;\"><strong><span style=\"font-size: 12px;\"><strong><span style=\"font-size: 12px;\"><strong><span style=\"font-size: 12px;\">GERIATR\u00cdA I<\/span><\/strong><\/span><\/strong><\/span><\/strong><\/span><\/strong><\/span><\/div>\n<\/td>\n<td style=\"border: 1px solid #b4a14b;\" scope=\"col\" valign=\"middle\"><strong><span style=\"font-size: 12px;\"><strong><span style=\"font-size: 12px;\"><strong><span style=\"font-size: 12px;\">ANUAL<\/span><\/strong><\/span><\/strong><\/span><\/strong><\/td>\n<td style=\"text-align: center; border: 1px solid #b4a14b;\" scope=\"col\" valign=\"middle\">4<\/td>\n<\/tr>\n<tr>\n<td style=\"border: 1px solid #b4a14b;\" scope=\"col\" valign=\"middle\">\n<div style=\"line-height: normal; margin: 2pt 0cm;\"><span style=\"font-size: 9pt;\"><strong><span style=\"font-size: 12px;\"><strong><span style=\"font-size: 12px;\"><strong><span style=\"font-size: 12px;\"><strong><span style=\"font-size: 12px;\">ASISTENCIA GERI\u00c1TRICA I \u00a0 \u00a0 \u00a0 \u00a0 \u00a0 \u00a0 \u00a0 \u00a0 \u00a0 \u00a0 \u00a0 \u00a0 \u00a0 \u00a0 \u00a0\u00a0<\/span><\/strong><\/span><\/strong><\/span><\/strong><\/span><\/strong><\/span><\/div>\n<\/td>\n<td style=\"border: 1px solid #b4a14b;\" scope=\"col\" valign=\"middle\"><strong><span style=\"font-size: 12px;\">ANUAL<\/span><\/strong><\/td>\n<td style=\"text-align: center; border: 1px solid #b4a14b;\" scope=\"col\" valign=\"middle\">4<\/td>\n<\/tr>\n<tr>\n<td style=\"border: 1px solid #b4a14b;\" scope=\"col\" valign=\"middle\">\n<div style=\"line-height: normal; margin: 2pt 0cm;\"><span style=\"font-size: 9pt;\"><strong><span style=\"font-size: 12px;\"><strong><span style=\"font-size: 12px;\"><strong><span style=\"font-size: 12px;\"><strong><span style=\"font-size: 12px;\">ETICA Y DEONTOLOG\u00cdA PROFESIONAL \u00a0 \u00a0 \u00a0 \u00a0 \u00a0\u00a0<\/span><\/strong><\/span><\/strong><\/span><\/strong><\/span><\/strong><\/span><\/div>\n<\/td>\n<td style=\"border: 1px solid #b4a14b;\" scope=\"col\" valign=\"middle\"><strong><span style=\"font-size: 12px;\">2<\/span><\/strong><span style=\"font-size: 12px;\">\u00ba\u00a0<\/span><strong><span style=\"font-size: 12px;\">CUATRIMESTRE<\/span><\/strong><\/td>\n<td style=\"text-align: center; border: 1px solid #b4a14b;\" scope=\"col\" valign=\"middle\">4<\/td>\n<\/tr>\n<tr>\n<td style=\"border: 1px solid #b4a14b;\" scope=\"col\" valign=\"middle\">\n<div style=\"line-height: normal; margin: 2pt 0cm;\"><span style=\"font-size: 9pt;\"><strong><span style=\"font-size: 12px;\"><strong><span style=\"font-size: 12px;\"><strong><span style=\"font-size: 12px;\"><strong><span style=\"font-size: 12px;\">REHABILITACI\u00d3N <\/span><\/strong><\/span><\/strong><\/span><\/strong><\/span><\/strong><\/span><\/div>\n<\/td>\n<td style=\"border: 1px solid #b4a14b;\" scope=\"col\" valign=\"middle\"><strong><span style=\"font-size: 12px;\"><strong><span style=\"font-size: 12px;\"><strong><span style=\"font-size: 12px;\">ANUAL<\/span><\/strong><\/span><\/strong><\/span><\/strong><\/td>\n<td style=\"text-align: center; border: 1px solid #b4a14b;\" scope=\"col\" valign=\"middle\">4<\/td>\n<\/tr>\n<tr>\n<td style=\"border: 1px solid #b4a14b;\" scope=\"col\" valign=\"middle\">\n<div style=\"line-height: normal; margin: 2pt 0cm;\"><span style=\"font-size: 9pt;\"><strong><span style=\"font-size: 12px;\"><strong><span style=\"font-size: 12px;\"><strong><span style=\"font-size: 12px;\"><strong><span style=\"font-size: 12px;\">SOCIOLOG\u00cdA DE LA TERCERA EDAD<\/span><\/strong><\/span><\/strong><\/span><\/strong><\/span><\/strong><\/span><\/div>\n<\/td>\n<td style=\"border: 1px solid #b4a14b;\" scope=\"col\" valign=\"middle\"><strong><span style=\"font-size: 12px;\">2\u00b0 CUATRIMESTRE<\/span><\/strong><\/td>\n<td style=\"text-align: center; border: 1px solid #b4a14b;\" scope=\"col\" valign=\"middle\">4<\/td>\n<\/tr>\n<tr>\n<td style=\"border: 1px solid #b4a14b;\" scope=\"col\" valign=\"middle\"><span style=\"font-size: 9pt;\"><strong><span style=\"font-size: 12px;\"><strong><span style=\"font-size: 12px;\"><strong><span style=\"font-size: 12px;\"><strong><span style=\"font-size: 12px;\">PSICOGERIATR\u00cdA<\/span><\/strong><\/span><\/strong><\/span><\/strong><\/span><\/strong><\/span><\/td>\n<td style=\"border: 1px solid #b4a14b;\" scope=\"col\" valign=\"middle\"><strong><span style=\"font-size: 12px;\">1\u00b0 CUATRIMESTRE<\/span><\/strong><\/td>\n<td style=\"text-align: center; border: 1px solid #b4a14b;\" scope=\"col\" valign=\"middle\">4<\/td>\n<\/tr>\n<tr>\n<td style=\"border: 1px solid #b4a14b;\" scope=\"col\" valign=\"middle\">\n<div style=\"line-height: normal; margin: 2pt 0cm;\"><span style=\"font-size: 9pt;\"><strong><span style=\"font-size: 12px;\"><strong><span style=\"font-size: 12px;\"><strong><span style=\"font-size: 12px;\"><strong><span style=\"font-size: 12px;\"><strong><span style=\"font-size: 12px;\">RELACI\u00d3N ESTADO \u2013 SOCIEDAD<\/span><\/strong><\/span><\/strong><\/span><\/strong><\/span><\/strong><\/span><\/strong><\/span><\/div>\n<\/td>\n<td style=\"border: 1px solid #b4a14b;\" scope=\"col\" valign=\"middle\"><strong><span style=\"font-size: 12px;\"><strong><span style=\"font-size: 12px;\">1\u00b0 CUATRIMESTRE<\/span><\/strong><\/span><\/strong><\/td>\n<td style=\"text-align: center; border: 1px solid #b4a14b;\" scope=\"col\" valign=\"middle\">4<\/td>\n<\/tr>\n<tr>\n<td style=\"border: 1px solid #b4a14b;\" scope=\"col\" valign=\"middle\"><span style=\"font-size: 9pt;\"><strong><span style=\"font-size: 12px;\"><strong><span style=\"font-size: 12px;\"><strong><span style=\"font-size: 12px;\"><strong><span style=\"font-size: 12px;\">PRACTICA PROFESIONALIZANTE II \u00a0 \u00a0 \u00a0 \u00a0 \u00a0 \u00a0 \u00a0 \u00a0 \u00a0 \u00a0 \u00a0 \u00a0 \u00a0 \u00a0 \u00a0 \u00a0 \u00a0 \u00a0 \u00a0 \u00a0 \u00a0 \u00a0 \u00a0 \u00a0 \u00a0<\/span><\/strong><\/span><\/strong><\/span><\/strong><\/span><\/strong><\/span><\/td>\n<td style=\"border: 1px solid #b4a14b;\" scope=\"col\" valign=\"middle\"><strong><span style=\"font-size: 12px;\"><strong><span style=\"font-size: 12px;\">ANUAL<\/span><\/strong><\/span><\/strong><\/td>\n<td style=\"text-align: center; border: 1px solid #b4a14b;\" scope=\"col\" valign=\"middle\">8<\/td>\n<\/tr>\n<tr>\n<td style=\"border: 1px solid #b4a14b;\" colspan=\"2\" scope=\"col\" valign=\"middle\"><\/td>\n<td style=\"border: 1px solid #b4a14b;\" scope=\"col\" valign=\"middle\">TOTAL\u00a0<strong>40 <\/strong>HORAS<\/td>\n<\/tr>\n<\/tbody>\n<\/table>\n<p>&#8212;&#8212;&#8212;&#8212;&#8212;&#8212;&#8212;&#8212;&#8212;&#8212;&#8212;&#8212;&#8212;&#8212;&#8212;&#8212;&#8212;&#8212;&#8212;&#8212;&#8212;&#8212;&#8212;&#8212;&#8212;&#8212;&#8212;&#8212;&#8212;&#8212;&#8212;&#8212;<\/p>\n<p><span style=\"background-color: #96bf73;\">TERCER A\u00d1O<\/span><\/p>\n<table border=\"0\">\n<tbody>\n<tr>\n<td style=\"border: #b4a14b 1px solid;\" scope=\"col\" valign=\"middle\">\n<div style=\"line-height: normal; margin: 2pt 0cm;\"><span style=\"font-size: 9pt;\"><strong><span style=\"font-size: 12px;\"><strong><span style=\"font-size: 12px;\"><strong><span style=\"font-size: 12px;\"><strong><span style=\"font-size: 12px;\">GERONTOLOG\u00cdA\u00a0III<\/span><\/strong><\/span><\/strong><\/span><\/strong><\/span><\/strong>\u00a0\u00a0\u00a0\u00a0\u00a0\u00a0\u00a0\u00a0\u00a0\u00a0\u00a0\u00a0\u00a0<\/span><\/div>\n<\/td>\n<td style=\"border: #b4a14b 1px solid;\" scope=\"col\" valign=\"middle\"><strong><span style=\"font-size: 12px;\"><strong><span style=\"font-size: 12px;\">ANUAL<\/span><\/strong><\/span><\/strong><\/td>\n<td style=\"text-align: center; border: #b4a14b 1px solid;\" scope=\"col\" valign=\"middle\">4<\/td>\n<\/tr>\n<tr>\n<td style=\"border: #b4a14b 1px solid;\" scope=\"col\" valign=\"middle\">\n<div style=\"line-height: normal; margin: 2pt 0cm;\"><span style=\"font-size: 9pt;\"><strong><span style=\"font-size: 12px;\"><strong><span style=\"font-size: 12px;\"><strong><span style=\"font-size: 12px;\"><strong><span style=\"font-size: 12px;\">GERIATR\u00cdA II<\/span><\/strong><\/span><\/strong><\/span><\/strong><\/span><\/strong><\/span><\/div>\n<\/td>\n<td style=\"border: #b4a14b 1px solid;\" scope=\"col\" valign=\"middle\"><strong><span style=\"font-size: 12px;\"><strong><span style=\"font-size: 12px;\"><strong><span style=\"font-size: 12px;\">ANUAL<\/span><\/strong><\/span><\/strong><\/span><\/strong><\/td>\n<td style=\"text-align: center; border: #b4a14b 1px solid;\" scope=\"col\" valign=\"middle\">4<\/td>\n<\/tr>\n<tr>\n<td style=\"border: #b4a14b 1px solid;\" scope=\"col\" valign=\"middle\">\n<div style=\"line-height: normal; margin: 2pt 0cm;\"><span style=\"font-size: 9pt;\"><strong><span style=\"font-size: 12px;\"><strong><span style=\"font-size: 12px;\"><strong><span style=\"font-size: 12px;\"><strong><span style=\"font-size: 12px;\">ASISTENCIA GERI\u00c1TRICA II<\/span><\/strong><\/span><\/strong><\/span><\/strong><\/span><\/strong><\/span><\/div>\n<\/td>\n<td style=\"border: #b4a14b 1px solid;\" scope=\"col\" valign=\"middle\"><strong><span style=\"font-size: 12px;\">ANUAL<\/span><\/strong><\/td>\n<td style=\"text-align: center; border: #b4a14b 1px solid;\" scope=\"col\" valign=\"middle\">4<\/td>\n<\/tr>\n<tr>\n<td style=\"border: #b4a14b 1px solid;\" scope=\"col\" valign=\"middle\">\n<div style=\"line-height: normal; margin: 2pt 0cm;\"><span style=\"font-size: 9pt;\"><strong><span style=\"font-size: 12px;\"><strong><span style=\"font-size: 12px;\"><strong><span style=\"font-size: 12px;\"><strong><span style=\"font-size: 12px;\"><strong><span style=\"font-size: 12px;\">METODOLOG\u00cdA DE LA INVESTIGACI\u00d3N<\/span><\/strong><\/span><\/strong><\/span><\/strong><\/span><\/strong><\/span><\/strong><\/span><\/div>\n<\/td>\n<td style=\"border: #b4a14b 1px solid;\" scope=\"col\" valign=\"middle\"><strong><span style=\"font-size: 12px;\"><strong><span style=\"font-size: 12px;\">ANUAL<\/span><\/strong><\/span><\/strong><\/td>\n<td style=\"text-align: center; border: #b4a14b 1px solid;\" scope=\"col\" valign=\"middle\">\u00a04<\/td>\n<\/tr>\n<tr>\n<td style=\"border: #b4a14b 1px solid;\" scope=\"col\" valign=\"middle\">\n<div style=\"line-height: normal; margin: 2pt 0cm;\"><span style=\"font-size: 9pt;\"><strong><span style=\"font-size: 12px;\"><strong><span style=\"font-size: 12px;\"><strong><span style=\"font-size: 12px;\"><strong><span style=\"font-size: 12px;\"><strong><span style=\"font-size: 12px;\">NOCIONES DE DERECHO PARA LA 3RA. EDAD<\/span><\/strong><\/span><\/strong><\/span><\/strong><\/span><\/strong><\/span><\/strong><\/span><\/div>\n<\/td>\n<td style=\"border: #b4a14b 1px solid;\" scope=\"col\" valign=\"middle\"><strong><span style=\"font-size: 12px;\"><strong><span style=\"font-size: 12px;\"><strong><span style=\"font-size: 12px;\"><strong><span style=\"font-size: 12px;\">2\u00baCUATRIMESTRE\u00a0 <\/span><\/strong><\/span><\/strong><\/span><\/strong><\/span><\/strong><\/td>\n<td style=\"text-align: center; border: #b4a14b 1px solid;\" scope=\"col\" valign=\"middle\">4<\/td>\n<\/tr>\n<tr>\n<td style=\"border: #b4a14b 1px solid;\" scope=\"col\" valign=\"middle\">\n<div style=\"line-height: normal; margin: 2pt 0cm;\"><span style=\"font-size: 9pt;\"><strong><span style=\"font-size: 12px;\"><strong><span style=\"font-size: 12px;\"><strong><span style=\"font-size: 12px;\"><strong><span style=\"font-size: 12px;\"><strong><span style=\"font-size: 12px;\">ADMINISTRACI\u00d3N DE SERVICIOS GERONTOGERI\u00c1TRICOS<\/span><\/strong><\/span><\/strong><\/span><\/strong><\/span><\/strong><\/span><\/strong><\/span><\/div>\n<\/td>\n<td style=\"border: #b4a14b 1px solid;\" scope=\"col\" valign=\"middle\"><strong><span style=\"font-size: 12px;\">1\u00b0 CUATRIMESTRE<\/span><\/strong><\/td>\n<td style=\"text-align: center; border: #b4a14b 1px solid;\" scope=\"col\" valign=\"middle\">4<\/td>\n<\/tr>\n<tr>\n<td style=\"border: #b4a14b 1px solid;\" scope=\"col\" valign=\"middle\"><span style=\"font-size: 9pt;\"><strong><span style=\"font-size: 12px;\"><strong><span style=\"font-size: 12px;\"><strong><span style=\"font-size: 12px;\"><strong><span style=\"font-size: 12px;\">PROMOCI\u00d3N DE LA SALUD Y PREVENCION EN LA TERCERA EDAD<\/span><\/strong><\/span><\/strong><\/span><\/strong><\/span><\/strong><\/span><\/td>\n<td style=\"border: #b4a14b 1px solid;\" scope=\"col\" valign=\"middle\"><strong><span style=\"font-size: 12px;\"><strong><span style=\"font-size: 12px;\">2\u00b0 CUATRIMESTRE<\/span><\/strong><\/span><\/strong><\/td>\n<td style=\"text-align: center; border: #b4a14b 1px solid;\" scope=\"col\" valign=\"middle\">4<\/td>\n<\/tr>\n<tr>\n<td style=\"border: #b4a14b 1px solid;\" scope=\"col\" valign=\"middle\">\n<div style=\"line-height: normal; margin: 2pt 0cm;\"><span style=\"font-size: 9pt;\"><strong><span style=\"font-size: 12px;\"><strong><span style=\"font-size: 12px;\"><strong><span style=\"font-size: 12px;\"><strong><span style=\"font-size: 12px;\"><strong><span style=\"font-size: 12px;\"><strong><span style=\"font-size: 12px;\">PROCESOS POL\u00cdTICOS, ECON\u00d3MICOS Y EL MUNDO DEL TRABAJO<\/span><\/strong><\/span><\/strong><\/span><\/strong><\/span><\/strong><\/span><\/strong><\/span><\/strong><\/span><\/div>\n<\/td>\n<td style=\"border: #b4a14b 1px solid;\" scope=\"col\" valign=\"middle\"><strong><span style=\"font-size: 12px;\"><strong><span style=\"font-size: 12px;\"><strong><span style=\"font-size: 12px;\">2\u00b0 CUATRIMESTRE<\/span><\/strong><\/span><\/strong><\/span><\/strong><\/td>\n<td style=\"text-align: center; border: #b4a14b 1px solid;\" scope=\"col\" valign=\"middle\">4<\/td>\n<\/tr>\n<tr>\n<td style=\"border: #b4a14b 1px solid;\" scope=\"col\" valign=\"middle\"><span style=\"font-size: 9pt;\"><strong><span style=\"font-size: 12px;\"><strong><span style=\"font-size: 12px;\"><strong><span style=\"font-size: 12px;\"><strong><span style=\"font-size: 12px;\">PRACTICA PROFESIONALIZANTE III<\/span><\/strong><\/span><\/strong><\/span><\/strong><\/span><\/strong><\/span><\/td>\n<td style=\"border: #b4a14b 1px solid;\" scope=\"col\" valign=\"middle\"><strong><span style=\"font-size: 12px;\"><strong><span style=\"font-size: 12px;\"><strong><span style=\"font-size: 12px;\">2\u00b0 CUATRIMESTRE<\/span><\/strong><\/span><\/strong><\/span><\/strong><\/td>\n<td style=\"text-align: center; border: #b4a14b 1px solid;\" scope=\"col\" valign=\"middle\">10<\/td>\n<\/tr>\n<tr>\n<td style=\"border: #b4a14b 1px solid;\" colspan=\"2\" scope=\"col\" valign=\"middle\"><\/td>\n<td style=\"border: #b4a14b 1px solid;\" scope=\"col\" valign=\"middle\">TOTAL\u00a0<strong>42 <\/strong>HORAS<\/td>\n<\/tr>\n<\/tbody>\n<\/table>\n","protected":false},"excerpt":{"rendered":"<p>ESTABLECIMIENTO: INSTITUTO SUPERIOR \u00abGOYA\u00bb DENOMINACI\u00d3N DE LA CARRERA: \u00abT\u00c9CNICATURA SUPERIOR EN GERIATR\u00cdA\u00bb DECRETO\/RESOLUCI\u00d3N: RESOLUCI\u00d3N N\u00ba 1136\/11 T\u00cdTULO QUE OTORGA: \u00abT\u00c9CNICO SUPERIOR EN GERIATR\u00cdA\u00ab T\u00cdTULO INTERMEDIO: &#8212;&#8212;&#8212;&#8212;&#8212;&#8212;&#8212;- DURACI\u00d3N DE LA CARRERA: TRES A\u00d1OS \u00a0\u00a0\u00a0\u00a0\u00a0\u00a0\u00a0\u00a0\u00a0\u00a0\u00a0\u00a0\u00a0\u00a0\u00a0\u00a0\u00a0\u00a0\u00a0\u00a0\u00a0\u00a0\u00a0\u00a0\u00a0ASIGNATURAS DURACION \u00a0\u00a0\u00a0 \u00a0HORAS \u00a0\u00a0\u00a0\u00a0Cuatrimestral\/anual PRIMER A\u00d1O GERONTOLOG\u00cdA\u00a0I\u00a0\u00a0\u00a0\u00a0\u00a0\u00a0\u00a0\u00a0\u00a0\u00a0\u00a0\u00a0\u00a0\u00a0\u00a0\u00a0\u00a0\u00a0\u00a0\u00a0\u00a0\u00a0\u00a0\u00a0\u00a0\u00a0\u00a0\u00a0\u00a0\u00a0\u00a0\u00a0\u00a0\u00a0\u00a0\u00a0\u00a0\u00a0\u00a0\u00a0\u00a0\u00a0\u00a0\u00a0\u00a0\u00a0\u00a0\u00a0 ANUAL 4 ANATOMOFISIOLOG\u00cdA DEL ENVEJECIMIENTO 1\u00baCUATRIMESTRE 5 FUNDAMENTOS DE ASISTENCIA DEL ADULTO MAYOR ANUAL 4 &#8230; <a title=\"Plan de Estudios Geriatr\u00eda\" class=\"read-more\" href=\"https:\/\/isgoya-crr.infd.edu.ar\/sitio\/plan-de-estudios-9\/\" aria-label=\"More on Plan de Estudios Geriatr\u00eda\">[+]<\/a><\/p>\n","protected":false},"author":2329,"featured_media":0,"parent":0,"menu_order":0,"comment_status":"closed","ping_status":"closed","template":"","meta":[],"acf":[],"_links":{"self":[{"href":"https:\/\/isgoya-crr.infd.edu.ar\/sitio\/wp-json\/wp\/v2\/pages\/997"}],"collection":[{"href":"https:\/\/isgoya-crr.infd.edu.ar\/sitio\/wp-json\/wp\/v2\/pages"}],"about":[{"href":"https:\/\/isgoya-crr.infd.edu.ar\/sitio\/wp-json\/wp\/v2\/types\/page"}],"author":[{"embeddable":true,"href":"https:\/\/isgoya-crr.infd.edu.ar\/sitio\/wp-json\/wp\/v2\/users\/2329"}],"replies":[{"embeddable":true,"href":"https:\/\/isgoya-crr.infd.edu.ar\/sitio\/wp-json\/wp\/v2\/comments?post=997"}],"version-history":[{"count":1,"href":"https:\/\/isgoya-crr.infd.edu.ar\/sitio\/wp-json\/wp\/v2\/pages\/997\/revisions"}],"predecessor-version":[{"id":1195,"href":"https:\/\/isgoya-crr.infd.edu.ar\/sitio\/wp-json\/wp\/v2\/pages\/997\/revisions\/1195"}],"wp:attachment":[{"href":"https:\/\/isgoya-crr.infd.edu.ar\/sitio\/wp-json\/wp\/v2\/media?parent=997"}],"curies":[{"name":"wp","href":"https:\/\/api.w.org\/{rel}","templated":true}]}}